{"id":3725,"date":"2024-09-02T04:13:40","date_gmt":"2024-09-02T04:13:40","guid":{"rendered":"https:\/\/www.largepillow.com\/product\/luxury-faux-fur-dog-mat-orthopedic-memory-foam-washable"},"modified":"2024-10-03T16:31:25","modified_gmt":"2024-10-03T16:31:25","slug":"luksuzni-krevet-za-pse-od-memorijske-pjene-s-perivom-navlakom-od-umjetnog-krzna","status":"publish","type":"product","link":"https:\/\/www.largepillow.com\/hr\/product\/luxury-memory-foam-dog-bed-with-washable-faux-fur-cover","title":{"rendered":"Luksuzni krevet za pse od memorijske pjene s perivom navlakom od umjetnog krzna"},"content":{"rendered":"[zc_getpagecontent mb=&#8221;mb_aplus&#8221; apid=&#8221;91&#8243;]\n","protected":false},"excerpt":{"rendered":"<ul>\n<li><strong>Klasi\u010dni luksuzni dizajn:<\/strong> Ovaj pli\u0161ani veliki krevet za pse ima luksuzni dizajn umjetnog krzna, pru\u017eaju\u0107i super mekan i pahuljast dodir. Stvara ugodno okru\u017eenje za spavanje va\u0161eg ljubimca. Kombinacija bijele baze i sme\u0111ih to\u010dkica spaja jednostavnost s elegancijom, besprijekorno se integriraju\u0107i u bilo koji interijer.<\/li>\n<li><strong>Memorijska pjena:<\/strong> Pse\u0107i krevet od memorijske pjene nudi idealno iskustvo spavanja za pse svih dobnih skupina, posebno za odrasle i starije pse koji pate od bolova u zglobovima i artritisa. Sloj memorijske pjene u ovom pse\u0107em krevetu pru\u017ea maksimalnu potporu i ubla\u017eavanje pritiska, osiguravaju\u0107i dodatnu njegu i udobnost za njihove zglobove i kosti.<\/li>\n<li><strong>Zadebljani dizajn:<\/strong> Ova velika prostirka za pse od umjetnog krzna dizajnirana je s dvostrukim debelim punjenjem, koje dose\u017ee debljinu od 8,9 cm. Donji dio je opremljen pjenom visoke gusto\u0107e, dok se gornji sloj sastoji od udobne memorijske pjene. Ovaj optimizirani dizajn ne samo da pove\u0107ava izdr\u017eljivost kreveta, sprje\u010davaju\u0107i njegovo uleganje tijekom vremena, ve\u0107 i pru\u017ea va\u0161em ljubimcu stabilnu potporu i mekano, pahuljasto iskustvo spavanja.<\/li>\n<li><strong>Neklizaju\u0107e dno i periva navlaka:<\/strong> Veliki krevet za pse od memorijske pjene ima protuklizno dno koje ga sigurno dr\u017ei na mjestu tijekom upotrebe. Osim toga, dolazi s uklonjivom i perivom navlakom, \u0161to olak\u0161ava odr\u017eavanje \u010disto\u0107e i higijene kreveta.<\/li>\n<li><strong>Velika veli\u010dina za velike ku\u0107ne ljubimce:<\/strong> Ovaj luksuzni krevet za pse ima dimenzije 50 \u00d7 31,5 in\u010da, \u0161to ga \u010dini prikladnim za velike i ekstra velike ku\u0107ne ljubimce. Prostran prostor omogu\u0107uje va\u0161em ljubimcu da se ispru\u017ei i udobno legne, u\u017eivaju\u0107i u visokokvalitetnom iskustvu spavanja.<\/li>\n<\/ul>","protected":false},"featured_media":3713,"comment_status":"open","ping_status":"closed","template":"","meta":[],"product_brand":[],"product_cat":[227],"product_tag":[],"class_list":{"0":"post-3725","1":"product","2":"type-product","3":"status-publish","4":"has-post-thumbnail","6":"product_cat-pet-supplies","8":"first","9":"instock","10":"shipping-taxable","11":"purchasable","12":"product-type-simple"},"_links":{"self":[{"href":"https:\/\/www.largepillow.com\/hr\/wp-json\/wp\/v2\/product\/3725","targetHints":{"allow":["GET"]}}],"collection":[{"href":"https:\/\/www.largepillow.com\/hr\/wp-json\/wp\/v2\/product"}],"about":[{"href":"https:\/\/www.largepillow.com\/hr\/wp-json\/wp\/v2\/types\/product"}],"replies":[{"embeddable":true,"href":"https:\/\/www.largepillow.com\/hr\/wp-json\/wp\/v2\/comments?post=3725"}],"wp:featuredmedia":[{"embeddable":true,"href":"https:\/\/www.largepillow.com\/hr\/wp-json\/wp\/v2\/media\/3713"}],"wp:attachment":[{"href":"https:\/\/www.largepillow.com\/hr\/wp-json\/wp\/v2\/media?parent=3725"}],"wp:term":[{"taxonomy":"product_brand","embeddable":true,"href":"https:\/\/www.largepillow.com\/hr\/wp-json\/wp\/v2\/product_brand?post=3725"},{"taxonomy":"product_cat","embeddable":true,"href":"https:\/\/www.largepillow.com\/hr\/wp-json\/wp\/v2\/product_cat?post=3725"},{"taxonomy":"product_tag","embeddable":true,"href":"https:\/\/www.largepillow.com\/hr\/wp-json\/wp\/v2\/product_tag?post=3725"}],"curies":[{"name":"wp","href":"https:\/\/api.w.org\/{rel}","templated":true}]}}