{"id":3754,"date":"2024-09-03T04:08:26","date_gmt":"2024-09-03T04:08:26","guid":{"rendered":"https:\/\/www.largepillow.com\/product\/3d-planet-throw-pillows-solar-system-decor-soft-cushion-black-moon"},"modified":"2024-10-03T16:31:34","modified_gmt":"2024-10-03T16:31:34","slug":"3d-jastuci-za-bacanje-planeta-dekor-solarnog-sustava-mekani-jastuk-crni-mjesec","status":"publish","type":"product","link":"https:\/\/www.largepillow.com\/hr\/product\/3d-planet-throw-pillows-solar-system-decor-soft-cushion-black-moon","title":{"rendered":"3D jastuci s planetima, dekor Sun\u010devog sustava, mekani jastuk (crni mjesec)"},"content":{"rendered":"","protected":false},"excerpt":{"rendered":"<ul>\n<li><strong>Dizajn s planetarnom tematikom:<\/strong>\u00a0Stvorite jedinstveni dekor za svoj dom s ovim jastukom s motivima Sun\u010devog sustava s motivima Sunca, Zemlje, Mjeseca, Venere, Jupitera, Merkura, Marsa, Saturna, Urana, Neptuna i Plutona. Svaki jastuk ima jedinstveni planetarni dizajn koji vam daje slobodu kombiniranja za personalizirani izgled.<\/li>\n<li><strong>Prakti\u010dni podni jastuk:<\/strong> Ovi ukrasni jastuci s motivom planeta mogu se koristiti kao svestrani rekviziti u foto studiju ili kao udobni jastuci za pod, ukrasni jastuci, jastuci za kau\u010d, klinasti jastuci i jastuci za sofu za ukra\u0161avanje va\u0161eg doma, vrta i vrti\u0107a. Nude udoban jastuk za glavu ili le\u0111a dok se opu\u0161tate i odmorite, \u0161to ih \u010dini savr\u0161enima za upotrebu kao dekorativni akcent ili kao dodatno sjedenje. Tako\u0111er su izvrsni za jogu ili meditaciju.<\/li>\n<li><strong>Dekorativni podni jastuk:<\/strong> Ovi jastuci s planetarnim motivima savr\u0161eni su za dodavanje da\u0161ka elegancije i udobnosti va\u0161oj spava\u0107oj sobi, dnevnom boravku ili bilo kojem drugom prostoru u va\u0161em domu. \u017divahne boje i jedinstveni dizajni \u010dine ih pokreta\u010dem razgovora, a lako se mogu upariti s drugim ukrasnim predmetima za kohezivan izgled. Mo\u017eete mije\u0161ati i uskla\u0111ivati razli\u010dite stilove kako biste stvorili prilago\u0111eni dekor s temom svemira koji odra\u017eava va\u0161u osobnost i stil.<\/li>\n<li><strong>Kao poklon:<\/strong> Jastuk s planetarnom tematikom izvrstan je poklon za svakoga tko voli svemir, astronomiju ili znanost. Savr\u0161en je za djecu, tinejd\u017eere, studente ili odrasle koji \u017eele dodati zabavan i funkcionalan predmet u svoju sobu. Mo\u017eete ga pokloniti i za posebne prigode poput ro\u0111endana, Bo\u017ei\u0107a ili mature.<\/li>\n<li><strong>Upute za pranje:<\/strong> Jastuk Planet izra\u0111en je od visokokvalitetne debele bar\u0161unaste tkanine, \u0161to osigurava izdr\u017eljivost i kvalitetu. Ima patentni zatvara\u010d za jednostavno \u010di\u0161\u0107enje, \u0161to odr\u017eavanje \u010dini izuzetno lakim. Punjenje je od 100% poliestera za iznimnu rastezljivost. Prati u perilici rublja samo u hladnoj vodi, samo na nje\u017enom ciklusu, ne izbjeljivati, su\u0161iti u su\u0161ilici rublja na niskoj temperaturi, po potrebi su\u0161iti u su\u0161ilici rublja na niskoj temperaturi. Tkanina ugodna za ko\u017eu i mekana bit \u0107e najbolji izbor za obitelj, prijatelje i djecu.<\/li>\n<li><strong>Veli\u010dina:<\/strong>\u00a0Veliki (16 \u00d7 16 in\u010da | 41 x 41 cm), Srednji (10 \u00d7 10 in\u010da | 25 x 25 cm)<\/li>\n<\/ul>","protected":false},"featured_media":3744,"comment_status":"open","ping_status":"closed","template":"","meta":[],"product_brand":[],"product_cat":[231],"product_tag":[],"class_list":{"0":"post-3754","1":"product","2":"type-product","3":"status-publish","4":"has-post-thumbnail","6":"product_cat-throw-pillows","8":"first","9":"instock","10":"shipping-taxable","11":"purchasable","12":"product-type-variable","13":"has-default-attributes"},"_links":{"self":[{"href":"https:\/\/www.largepillow.com\/hr\/wp-json\/wp\/v2\/product\/3754","targetHints":{"allow":["GET"]}}],"collection":[{"href":"https:\/\/www.largepillow.com\/hr\/wp-json\/wp\/v2\/product"}],"about":[{"href":"https:\/\/www.largepillow.com\/hr\/wp-json\/wp\/v2\/types\/product"}],"replies":[{"embeddable":true,"href":"https:\/\/www.largepillow.com\/hr\/wp-json\/wp\/v2\/comments?post=3754"}],"wp:featuredmedia":[{"embeddable":true,"href":"https:\/\/www.largepillow.com\/hr\/wp-json\/wp\/v2\/media\/3744"}],"wp:attachment":[{"href":"https:\/\/www.largepillow.com\/hr\/wp-json\/wp\/v2\/media?parent=3754"}],"wp:term":[{"taxonomy":"product_brand","embeddable":true,"href":"https:\/\/www.largepillow.com\/hr\/wp-json\/wp\/v2\/product_brand?post=3754"},{"taxonomy":"product_cat","embeddable":true,"href":"https:\/\/www.largepillow.com\/hr\/wp-json\/wp\/v2\/product_cat?post=3754"},{"taxonomy":"product_tag","embeddable":true,"href":"https:\/\/www.largepillow.com\/hr\/wp-json\/wp\/v2\/product_tag?post=3754"}],"curies":[{"name":"wp","href":"https:\/\/api.w.org\/{rel}","templated":true}]}}