{"id":3792,"date":"2024-09-03T04:31:56","date_gmt":"2024-09-03T04:31:56","guid":{"rendered":"https:\/\/www.largepillow.com\/product\/y-shaped-reading-pillow-with-arm-rests-memory-foam-support"},"modified":"2025-05-05T18:57:03","modified_gmt":"2025-05-05T18:57:03","slug":"jastuk-za-citanje-u-obliku-slova-y-s-naslonima-za-ruke-od-memorijske-pjene","status":"publish","type":"product","link":"https:\/\/www.largepillow.com\/hr\/product\/y-shaped-reading-pillow-with-arm-rests-memory-foam-support","title":{"rendered":"Jastuk za \u010ditanje u obliku slova Y s naslonima za ruke i potporom od memorijske pjene"},"content":{"rendered":"[zc_getpagecontent mb=&#8221;mb_aplus&#8221; apid=&#8221;87&#8243;]\n","protected":false},"excerpt":{"rendered":"<ul>\n<li><strong>Inovativni dizajn:<\/strong> Novo pobolj\u0161ani jastuk za \u010ditanje u obliku slova Y za odrasle osobe ima inovativan dizajn koji osnovnim zna\u010dajkama dodaje i funkciju le\u017eanja na le\u0111ima. Postavili smo prostor za postavljanje ruku kako biste, kada le\u017eite na njemu, mogli pro\u0107i kroz njega. Bez obzira \u010ditate li, u\u010dite li ili se igrate s mobitelom, ruke \u0107e vam biti opu\u0161tene, a nelagoda u vratu svedena na minimum. Mo\u017eete se prebaciti u udoban polo\u017eaj u bilo kojem trenutku.<\/li>\n<li><strong>Maksimalna udobnost:<\/strong> Zakrivljeni dizajn ovog jastuka za le\u0111a prilago\u0111ava se prirodnim krivuljama va\u0161eg tijela, pru\u017eaju\u0107i iznimnu udobnost i potporu va\u0161im le\u0111ima, struku i vratu. Bez obzira \u010ditate li, gledate li TV ili radite, ovaj jastuk osigurava ugodnije iskustvo.<\/li>\n<li><strong>Vi\u0161enamjenska podr\u0161ka:<\/strong> Ovaj svestrani jastuk nudi sveobuhvatnu potporu za va\u0161 vrat, le\u0111a, struk i noge. Mo\u017ee se koristiti kao jastuk za potporu le\u0111a, jastuk za lice prema dolje, jastuk za krevet i jastuk za noge, \u0161to ga \u010dini odli\u010dnim izborom za razne aktivnosti i zdravstvene potrebe.<\/li>\n<li><strong>Materijali vrhunske kvalitete:<\/strong> Izra\u0111en od memorijske pjene visoke gusto\u0107e sa sporim povratkom, ovaj jastuk pru\u017ea stabilnu potporu uz zadr\u017eavanje izvornog oblika i gusto\u0107e. Vratit \u0107e svoj puni oblik unutar 24-48 sati nakon kompresije prilikom transporta.<\/li>\n<li><strong>Jednostavno za \u010di\u0161\u0107enje:<\/strong> Uklonjiva jastu\u010dnica izra\u0111ena je od mekane, udobne tkanine s mre\u017eastom povr\u0161inom, \u0161to je \u010dini izdr\u017eljivom i lakom za \u010di\u0161\u0107enje. Jednostavno otvorite patentni zatvara\u010d i izvadite je iz jastuka od memorijske pjene kada ga je potrebno oprati.<\/li>\n<\/ul>","protected":false},"featured_media":3784,"comment_status":"open","ping_status":"closed","template":"","meta":[],"product_brand":[],"product_cat":[228],"product_tag":[],"class_list":{"0":"post-3792","1":"product","2":"type-product","3":"status-publish","4":"has-post-thumbnail","6":"product_cat-cushions","8":"first","9":"instock","10":"shipping-taxable","11":"purchasable","12":"product-type-variable","13":"has-default-attributes"},"_links":{"self":[{"href":"https:\/\/www.largepillow.com\/hr\/wp-json\/wp\/v2\/product\/3792","targetHints":{"allow":["GET"]}}],"collection":[{"href":"https:\/\/www.largepillow.com\/hr\/wp-json\/wp\/v2\/product"}],"about":[{"href":"https:\/\/www.largepillow.com\/hr\/wp-json\/wp\/v2\/types\/product"}],"replies":[{"embeddable":true,"href":"https:\/\/www.largepillow.com\/hr\/wp-json\/wp\/v2\/comments?post=3792"}],"wp:featuredmedia":[{"embeddable":true,"href":"https:\/\/www.largepillow.com\/hr\/wp-json\/wp\/v2\/media\/3784"}],"wp:attachment":[{"href":"https:\/\/www.largepillow.com\/hr\/wp-json\/wp\/v2\/media?parent=3792"}],"wp:term":[{"taxonomy":"product_brand","embeddable":true,"href":"https:\/\/www.largepillow.com\/hr\/wp-json\/wp\/v2\/product_brand?post=3792"},{"taxonomy":"product_cat","embeddable":true,"href":"https:\/\/www.largepillow.com\/hr\/wp-json\/wp\/v2\/product_cat?post=3792"},{"taxonomy":"product_tag","embeddable":true,"href":"https:\/\/www.largepillow.com\/hr\/wp-json\/wp\/v2\/product_tag?post=3792"}],"curies":[{"name":"wp","href":"https:\/\/api.w.org\/{rel}","templated":true}]}}