{"id":3869,"date":"2024-09-05T01:51:41","date_gmt":"2024-09-05T01:51:41","guid":{"rendered":"https:\/\/www.largepillow.com\/product\/bed-wedge-pillow-headboard-bolster-beige-wool-rolls"},"modified":"2026-03-15T22:54:46","modified_gmt":"2026-03-15T22:54:46","slug":"jastuk-za-uzglavlje-kreveta-s-klinom-za-krevet-bez-vunene-role","status":"publish","type":"product","link":"https:\/\/www.largepillow.com\/hr\/product\/bed-wedge-pillow-headboard-bolster-beige-wool-rolls","title":{"rendered":"Jastuk za krevet, uzglavlje, be\u017e vunene role"},"content":{"rendered":"","protected":false},"excerpt":{"rendered":"<ul>\n<li><strong>MULTIFUNKCIONALNOST:<\/strong> Vi\u0161e od pukog jastuka za uzglavlje, na\u0161 klinasti dizajn jastuka podr\u017eava razne namjene i mo\u017ee se koristiti kao idealno pomagalo za potporu le\u0111ima, podizanje nogu, \u010ditanje, gledanje televizije i mnoge druge polo\u017eaje kako bi zadovoljio va\u0161e brojne potrebe.<\/li>\n<li><strong>ERGONOMSKI DIZAJN:<\/strong> intimna njega, ergonomska domi\u0161ljatost. Pru\u017ea vam najudobniju potporu, smanjuje pritisak na vratne i lumbalne kralje\u0161ke, u\u017eivajte u svakom trenutku udobnosti i opu\u0161tanja.<\/li>\n<li><strong>UDOBNOST:<\/strong> Veliki trokutasti klinasti jastuk izra\u0111en je od visokokvalitetnih materijala i delikatne tehnologije obrade kako bi se osigurala meko\u0107a i udobnost klinastog jastuka za glavu, tako da mo\u017eete u\u017eivati u intimnom pristajanju, toplom i ugodnom osje\u0107aju.<\/li>\n<li><strong>MATERIJAL:<\/strong> Jastuci za naslon dnevnog le\u017eaja izra\u0111eni su od visokokvalitetnih tkanina, mekanih i ugodnih za ko\u017eu, otpornih na gu\u017evanje i habanje, pru\u017eaju\u0107i vam ugodan dodir i izvrsnu prozra\u010dnost, odr\u017eavaju\u0107i vas suhima i udobnima.<\/li>\n<li><strong>LAKO ZA \u010cI\u0160\u0106ENJE:<\/strong> Jastuk za krevet s klinastim uzorkom ima uklonjivu i perivu navlaku za jednostavno odr\u017eavanje, tako da uvijek imate svje\u017ee i uredno okru\u017eenje za odmor.<\/li>\n<li><strong>Veli\u010dina:<\/strong> 60 cm (60*20*50 cm), 80 cm (80*20*50 cm), 100 cm (100*20*50 cm), 120 cm (120*20*50 cm), 140 cm (140*20*50 cm), 160 cm (160*20*50 cm), 180 cm (180*20*50 cm), 200 cm (200*20*50 cm)<\/li>\n<\/ul>","protected":false},"featured_media":3861,"comment_status":"open","ping_status":"closed","template":"","meta":[],"product_brand":[],"product_cat":[15],"product_tag":[],"class_list":{"0":"post-3869","1":"product","2":"type-product","3":"status-publish","4":"has-post-thumbnail","6":"product_cat-large-wedge-pillow","8":"first","9":"instock","10":"shipping-taxable","11":"purchasable","12":"product-type-variable","13":"has-default-attributes"},"_links":{"self":[{"href":"https:\/\/www.largepillow.com\/hr\/wp-json\/wp\/v2\/product\/3869","targetHints":{"allow":["GET"]}}],"collection":[{"href":"https:\/\/www.largepillow.com\/hr\/wp-json\/wp\/v2\/product"}],"about":[{"href":"https:\/\/www.largepillow.com\/hr\/wp-json\/wp\/v2\/types\/product"}],"replies":[{"embeddable":true,"href":"https:\/\/www.largepillow.com\/hr\/wp-json\/wp\/v2\/comments?post=3869"}],"wp:featuredmedia":[{"embeddable":true,"href":"https:\/\/www.largepillow.com\/hr\/wp-json\/wp\/v2\/media\/3861"}],"wp:attachment":[{"href":"https:\/\/www.largepillow.com\/hr\/wp-json\/wp\/v2\/media?parent=3869"}],"wp:term":[{"taxonomy":"product_brand","embeddable":true,"href":"https:\/\/www.largepillow.com\/hr\/wp-json\/wp\/v2\/product_brand?post=3869"},{"taxonomy":"product_cat","embeddable":true,"href":"https:\/\/www.largepillow.com\/hr\/wp-json\/wp\/v2\/product_cat?post=3869"},{"taxonomy":"product_tag","embeddable":true,"href":"https:\/\/www.largepillow.com\/hr\/wp-json\/wp\/v2\/product_tag?post=3869"}],"curies":[{"name":"wp","href":"https:\/\/api.w.org\/{rel}","templated":true}]}}