{"id":3932,"date":"2024-09-05T03:31:25","date_gmt":"2024-09-05T03:31:25","guid":{"rendered":"https:\/\/www.largepillow.com\/product\/denim-reading-pillow-with-arms-for-adult-back-lumbar-support"},"modified":"2024-10-03T16:31:24","modified_gmt":"2024-10-03T16:31:24","slug":"jastuk-za-citanje-od-trapera-s-naslonima-za-ruke-za-lumbalnu-potporu-odraslih","status":"publish","type":"product","link":"https:\/\/www.largepillow.com\/hr\/product\/denim-reading-pillow-with-arms-for-adult-back-lumbar-support","title":{"rendered":"Jastuk za \u010ditanje od trapera s naslonima za ruke za odrasle \u2013 potpora za le\u0111a i lumbalni dio tijela"},"content":{"rendered":"[zc_getpagecontent mb=&#8221;mb_aplus&#8221; apid=&#8221;92&#8243;]\n","protected":false},"excerpt":{"rendered":"<ul>\n<li>Traper tkanina: izra\u0111ena od poliester pamuka, prethodno oprane obojene pre\u0111e, udobna i izdr\u017eljiva, s kontrastnim dvostrukim iglanim \u0161avovima, dodaje elegantan i vintage moderan izgled. Pogodna za sofu, krevet, dom, ured, krevet u spavaonici. Oprana traper tkanina uparena sa sme\u0111om vodootpornom umjetnom ko\u017eom i gumbima od bru\u0161ene ko\u017ee dodaje moderan ugo\u0111aj, \u010dine\u0107i je prikladnijom za razne stilove ure\u0111enja interijera.<\/li>\n<li>Veli\u010dina: Jastuk je visok 56 cm i \u0161irok 89 cm, pru\u017eaju\u0107i \u010dvrstu i obilnu potporu le\u0111ima. Debljina svakog naslona za ruke je 19 cm za potporu ramenima i vratu, ubla\u017eavaju\u0107i napetost mi\u0161i\u0107a i opu\u0161taju\u0107i tijelo. Te\u017eina: 2,9 kg. Pranje: Prati u perilici rublja na hladnoj vodi odvojeno za jednostavno odr\u017eavanje.<\/li>\n<li>Patentni zatvara\u010di: Donji dio jastu\u010dnice ima nevidljivi patentni zatvara\u010d u boji, za elegantan izgled, jednostavno umetanje i pranje. Dvoslojna za\u0161tita za jastu\u010dnice i podstavu, jednostavno otkop\u010dajte unutarnju podstavu kako biste prilagodili punjenje za personaliziranu razinu udobnosti, preraspodjeljuju\u0107i ga prema potrebi za ciljanu potporu. Ako vam je potrebno dodatno punjenje, rado \u0107emo vam osigurati dodatni pp-pamuk.<\/li>\n<li>Jastuk za \u010ditanje s \u010dvrstim naslonom za ruke pru\u017ea odre\u0111enu visinu potpore u polo\u017eaju lakta. Mekani i debeli naslon za le\u0111a ima dugotrajnu elasti\u010dnost, 2 ukrasna gumba, oja\u010dani \u0161avovi i paspuliranje ocrtavaju potpun i pun izgled za ergonomskiju krivulju opu\u0161tanja le\u0111a. Na\u0161 jastuk za \u010ditanje nije samo udoban i sladak, ve\u0107 ima i svijetli i \u0161areni dizajn koji \u0107e dodati da\u0161ak boje svakoj prostoriji.<\/li>\n<li>Raspakirajte, u\u017eivajte: Jastuk za naslon za sjedenje je komprimiran tijekom transporta. Jednostavno ga raspakirajte i pri\u010dekajte 24-48 sati da se potpuno ra\u0161iri.<\/li>\n<\/ul>","protected":false},"featured_media":3923,"comment_status":"open","ping_status":"closed","template":"","meta":[],"product_brand":[],"product_cat":[228],"product_tag":[],"class_list":{"0":"post-3932","1":"product","2":"type-product","3":"status-publish","4":"has-post-thumbnail","6":"product_cat-cushions","8":"first","9":"outofstock","10":"shipping-taxable","11":"purchasable","12":"product-type-simple"},"_links":{"self":[{"href":"https:\/\/www.largepillow.com\/hr\/wp-json\/wp\/v2\/product\/3932","targetHints":{"allow":["GET"]}}],"collection":[{"href":"https:\/\/www.largepillow.com\/hr\/wp-json\/wp\/v2\/product"}],"about":[{"href":"https:\/\/www.largepillow.com\/hr\/wp-json\/wp\/v2\/types\/product"}],"replies":[{"embeddable":true,"href":"https:\/\/www.largepillow.com\/hr\/wp-json\/wp\/v2\/comments?post=3932"}],"wp:featuredmedia":[{"embeddable":true,"href":"https:\/\/www.largepillow.com\/hr\/wp-json\/wp\/v2\/media\/3923"}],"wp:attachment":[{"href":"https:\/\/www.largepillow.com\/hr\/wp-json\/wp\/v2\/media?parent=3932"}],"wp:term":[{"taxonomy":"product_brand","embeddable":true,"href":"https:\/\/www.largepillow.com\/hr\/wp-json\/wp\/v2\/product_brand?post=3932"},{"taxonomy":"product_cat","embeddable":true,"href":"https:\/\/www.largepillow.com\/hr\/wp-json\/wp\/v2\/product_cat?post=3932"},{"taxonomy":"product_tag","embeddable":true,"href":"https:\/\/www.largepillow.com\/hr\/wp-json\/wp\/v2\/product_tag?post=3932"}],"curies":[{"name":"wp","href":"https:\/\/api.w.org\/{rel}","templated":true}]}}