{"id":4025,"date":"2024-09-05T04:32:23","date_gmt":"2024-09-05T04:32:23","guid":{"rendered":"https:\/\/www.largepillow.com\/product\/large-wedge-reading-pillow-for-bed-daybed-bolster-backrest-black"},"modified":"2025-03-02T11:48:52","modified_gmt":"2025-03-02T11:48:52","slug":"veliki-klinasti-jastuk-za-citanje-za-krevet-s-naslonom-za-dnevni-krevet-crni","status":"publish","type":"product","link":"https:\/\/www.largepillow.com\/hr\/product\/large-wedge-reading-pillow-for-bed-daybed-bolster-backrest-black","title":{"rendered":"Veliki jastuk za \u010ditanje u obliku klina za krevet, naslon za dnevni krevet, crni"},"content":{"rendered":"","protected":false},"excerpt":{"rendered":"<ul>\n<li>Vrhunska udobnost: Ovaj XL jastuk za uzglavlje nudi izvrsnu udobnost zahvaljuju\u0107i svom trokutastom dizajnu. Jastuk za potporu kreveta lijepo pristaje le\u0111ima i struku, smanjuju\u0107i pritisak na lumbalni dio\/le\u0111a. Ovaj klinasti jastuk za \u010ditanje mo\u017ee vam pomo\u0107i da ostanete bez napetosti u krevetu ili na kau\u010du, \u0161to je idealno za no\u0107ne ptice, knji\u0161ke moljke i gledanje televizije u krevetu. Ovaj ekstra veliki jastuk za podupiranje jedini je klinasti jastuk za uzglavlje koji mo\u017ee primiti dvije osobe.<\/li>\n<li>3 u 1 veliki jastuk za uzglavlje: Jastuk mo\u017eete koristiti uspravno kao jastuk za potporu uzglavlja za sjedenje u krevetu ili ga polo\u017eiti ravno na krevet kako biste ga koristili kao veliki klinasti jastuk kada spavate na le\u0111ima ili boku, ili kao jastuk za noge za podizanje nogu. Ako \u017eelite veliki jastuk za uzglavlje koji pru\u017ea potporu i vama i va\u0161em supru\u017eniku, to je izvrsna alternativa.<\/li>\n<li>Vi\u0161enamjenski dizajn: Neki ljudi koriste veliki trokutasti jastuk kao jastuk za uzglavlje, dok ga drugi koriste kao jastuk za odbojnik, a mo\u017ee biti i jastuk za naslon kau\u010da ili dnevnog le\u017eaja. Elegantnog je i funkcionalnog izgleda, \u0161to ga \u010dini izvrsnim dodatkom svakoj spava\u0107oj sobi.<\/li>\n<li>Vrhunska izrada: Jastu\u010dnica je izgleda korduroja, a sastav je 100% poliester. Na\u0161 jastuk za uzglavlje je prozra\u010dan i dovoljno udoban da zadr\u017ei svoj oblik i ne gubi ga s vremenom. Bo\u010dni d\u017eep sa svake strane omogu\u0107uje vam da ubacite knjigu ili telefon.<\/li>\n<li>Jednostavno pranje: Navlaka jastuka za \u010ditanje pri\u010dvr\u0161\u0107ena je na jastuk gumbima i lako se skida jednostavnim patentnim zatvara\u010dem. To \u010di\u0161\u0107enje \u010dini jednostavnim. Samo uklonite navlaku i brzo operite u perilici rublja kako bi va\u0161 jastuk izgledao kao nov.<\/li>\n<li><strong>Veli\u010dina:<\/strong> 60 cm (60*20*50 cm, 2 gumba), 80 cm (80*20*50 cm, 2 gumba), 100 cm (100*20*50 cm, 3 gumba), 120 cm (120*20*50 cm, 4 gumba), 140 cm (140*20*50 cm, 4 gumba), 160 cm (160*20*50 cm, 5 gumba), 180 cm (180*20*50 cm, 6 gumba), 200 cm (200*20*50 cm, 7 gumba)<\/li>\n<\/ul>","protected":false},"featured_media":4009,"comment_status":"open","ping_status":"closed","template":"","meta":[],"product_brand":[],"product_cat":[15],"product_tag":[],"class_list":{"0":"post-4025","1":"product","2":"type-product","3":"status-publish","4":"has-post-thumbnail","6":"product_cat-large-wedge-pillow","8":"first","9":"instock","10":"shipping-taxable","11":"purchasable","12":"product-type-variable","13":"has-default-attributes"},"_links":{"self":[{"href":"https:\/\/www.largepillow.com\/hr\/wp-json\/wp\/v2\/product\/4025","targetHints":{"allow":["GET"]}}],"collection":[{"href":"https:\/\/www.largepillow.com\/hr\/wp-json\/wp\/v2\/product"}],"about":[{"href":"https:\/\/www.largepillow.com\/hr\/wp-json\/wp\/v2\/types\/product"}],"replies":[{"embeddable":true,"href":"https:\/\/www.largepillow.com\/hr\/wp-json\/wp\/v2\/comments?post=4025"}],"wp:featuredmedia":[{"embeddable":true,"href":"https:\/\/www.largepillow.com\/hr\/wp-json\/wp\/v2\/media\/4009"}],"wp:attachment":[{"href":"https:\/\/www.largepillow.com\/hr\/wp-json\/wp\/v2\/media?parent=4025"}],"wp:term":[{"taxonomy":"product_brand","embeddable":true,"href":"https:\/\/www.largepillow.com\/hr\/wp-json\/wp\/v2\/product_brand?post=4025"},{"taxonomy":"product_cat","embeddable":true,"href":"https:\/\/www.largepillow.com\/hr\/wp-json\/wp\/v2\/product_cat?post=4025"},{"taxonomy":"product_tag","embeddable":true,"href":"https:\/\/www.largepillow.com\/hr\/wp-json\/wp\/v2\/product_tag?post=4025"}],"curies":[{"name":"wp","href":"https:\/\/api.w.org\/{rel}","templated":true}]}}