{"id":4147,"date":"2024-09-12T01:06:17","date_gmt":"2024-09-12T01:06:17","guid":{"rendered":"https:\/\/www.largepillow.com\/product\/anxiety-relief-dog-cat-bed-for-smallmedium-pets-cozy-washable"},"modified":"2025-01-30T21:58:42","modified_gmt":"2025-01-30T21:58:42","slug":"krevet-za-pse-i-macke-za-ublazavanje-tjeskobe-za-male-i-srednje-kucne-ljubimce-udoban-i-periv","status":"publish","type":"product","link":"https:\/\/www.largepillow.com\/hr\/product\/anxiety-relief-dog-cat-bed-for-smallmedium-pets-cozy-washable\/","title":{"rendered":"Krevet za pse i ma\u010dke za ubla\u017eavanje anksioznosti za male\/srednje ku\u0107ne ljubimce \u2013 udoban, periv"},"content":{"rendered":"<p>Tra\u017eite udoban i udoban krevet za svog krznenog prijatelja? Ova umiruju\u0107a pe\u0107ina-gnijezdo za zagrljaje mogla bi biti upravo ono \u0161to vam treba! Oblik mahune savr\u0161en je za ku\u0107ne ljubimce koji se vole sklup\u010dati i osje\u0107ati se okru\u017eeni, a super mekano punjenje pru\u017ea im topao i udoban prostor za odmor.<\/p>\n<p>Ovaj krevet za ku\u0107ne ljubimce protiv anksioznosti dizajniran je kako bi se va\u0161 ljubimac osje\u0107ao sigurno i za\u0161ti\u0107eno. Podignuti rub pru\u017ea potporu glavi i vratu, \u0161to mo\u017ee potaknuti dublji san. Bez obzira je li va\u0161 ljubimac ma\u010dka ili mali pas, ovaj krevet za ma\u017eenje nudi mu sigurno i ugodno mjesto za drijemanje.<\/p>\n<p>Krevet za ma\u017eenje psa izra\u0111en je od mekane i netoksi\u010dne tkanine te je ispunjen mekim poliesterskim vlaknima (PP) i pamukom koji zadr\u017eavaju oblik i pru\u017eaju osje\u0107aj topline i udobnosti. Ovaj materijal je savr\u0161en za ko\u017eu \u0161teneta i mo\u017ee pomo\u0107i va\u0161em ljubimcu da udobno spava. Osim toga, dovoljno je izdr\u017eljiv da dugo zadr\u017ei svoj izvorni oblik.<\/p>\n<p>Neklizaju\u0107a podloga osigurava da umiruju\u0107e gnijezdo za zagrljaj ostane na mjestu, tako da se va\u0161 ljubimac mo\u017ee sigurno igrati i odmarati. Ova je zna\u010dajka posebno va\u017ena za aktivne ku\u0107ne ljubimce koji se vole kretati i skakati po ma\u010djem krevetu i s njega. A kada je vrijeme za \u010di\u0161\u0107enje, ma\u010dji krevet protiv anksioznosti jednostavno mo\u017eete ubaciti u perilicu rublja radi lak\u0161eg odr\u017eavanja.<\/p>\n<p>Ovaj udobni krevet za \u0161tence prikladan je za ku\u0107ne ljubimce do 9 kg i idealan je za unutarnju i vanjsku upotrebu. Imajte na umu da krevet mo\u017ee biti vakuumski zatvoren tijekom transporta i da ga je mo\u017eda potrebno malo protresti prije upotrebe. Svojim udobnim i sigurnim dizajnom, ovaj krevet za ku\u0107ne ljubimce sigurno \u0107e postati novo omiljeno mjesto va\u0161eg ljubimca za opu\u0161tanje i drijemanje!<\/p>","protected":false},"excerpt":{"rendered":"<ul>\n<li><strong>Zna\u010dajke dizajna<\/strong>Umiruju\u0107i kreveti za pse dizajnirani su u ugodnom obliku kapsule s iznimno mekim punjenjem koje okru\u017euje va\u0161e ljubimce kako bi potaknulo osje\u0107aj sigurnosti. Ovaj krevet protiv anksioznosti nudi sigurno i udobno mjesto za va\u0161u ma\u010dku ili malog psa za drijemanje. Podignuti rub pru\u017ea potporu glavi i vratu, \u0161to mo\u017ee dovesti do dubljeg sna. To je posebno va\u017eno za pse i ma\u010dke, jer opu\u0161tanje njihovih tijela mo\u017ee pomo\u0107i u smanjenju tjeskobe i stresa.<\/li>\n<li><strong>Visokokvalitetni materijal<\/strong>Na\u0161 udobni krevet za male pse izra\u0111en je od mekane, udobne i ko\u017ei prijazne tkanine. Punjen je mekim poliesterskim vlaknima (PP) pamuka, koja odr\u017eavaju va\u0161eg ljubimca toplim i udobnim. Ovaj materijal je savr\u0161en za ko\u017eu va\u0161eg \u0161teneta i mo\u017ee pomo\u0107i va\u0161im ljubimcima da udobno spavaju. Ima odvojivu i perivu navlaku, \u0161to ga \u010dini jednostavnim za \u010di\u0161\u0107enje i odr\u017eavanje. Struktura kreveta za pse dizajnirana je da zadr\u017ei svoj oblik, osiguravaju\u0107i udobnost va\u0161eg ljubimca tijekom vremena.<\/li>\n<li><strong>Protuklizno dno<\/strong>Na\u0161 umiruju\u0107i krevet za ma\u010dke dizajniran je u obliku mahune za srednje i male pse, s neklizaju\u0107im dnom i prozra\u010dnim mekim krevetom za \u0161tence koji je izdr\u017eljiv i umiruju\u0107i. Protuklizni dizajn na dnu mekanog kreveta za pse pru\u017ea bolju stabilnost, tako da se va\u0161 pas mo\u017ee sigurno igrati i odmarati u umiruju\u0107em krevetu za pse.<\/li>\n<li><strong>Optimizirajte svoj \u017eivotni prostor<\/strong>Njegova kompaktna veli\u010dina omogu\u0107uje postavljanje u bilo koju prostoriju, uklju\u010duju\u0107i male prostore poput kutova i no\u0107nih prostora, a posebno je prikladan za ku\u0107ne ljubimce koji se vole sklup\u010dati. Bez obzira \u017eivite li u malom stanu ili prostranoj ku\u0107i, ovaj ma\u010dji jastuk za krevet pru\u017ea va\u0161em ljubimcu udobnost i sigurnost, a istovremeno optimizira va\u0161 \u017eivotni prostor.<\/li>\n<li><strong>MALI SAVJETI<\/strong>Veli\u010dina kreveta za ma\u010dke protiv anksioznosti je 76*46*32 cm, ovaj krevet za pse savr\u0161en je za male srednje pse i ma\u010dke do 9 kg. Idealan je za unutarnju i vanjsku upotrebu. Krevet za ku\u0107ne ljubimce bit \u0107e vakuumski zatvoren tijekom transporta. Molimo vas da ga potap\u0161ate, protresete i ostavite 1-2 dana nakon otvaranja paketa kako bi se vratio u mekano stanje nakon \u0161to primite umiruju\u0107i krevet za pse.<\/li>\n<\/ul>","protected":false},"featured_media":4131,"comment_status":"open","ping_status":"closed","template":"","meta":[],"product_brand":[],"product_cat":[227],"product_tag":[],"class_list":{"0":"post-4147","1":"product","2":"type-product","3":"status-publish","4":"has-post-thumbnail","6":"product_cat-pet-supplies","8":"first","9":"instock","10":"shipping-taxable","11":"purchasable","12":"product-type-simple"},"_links":{"self":[{"href":"https:\/\/www.largepillow.com\/hr\/wp-json\/wp\/v2\/product\/4147","targetHints":{"allow":["GET"]}}],"collection":[{"href":"https:\/\/www.largepillow.com\/hr\/wp-json\/wp\/v2\/product"}],"about":[{"href":"https:\/\/www.largepillow.com\/hr\/wp-json\/wp\/v2\/types\/product"}],"replies":[{"embeddable":true,"href":"https:\/\/www.largepillow.com\/hr\/wp-json\/wp\/v2\/comments?post=4147"}],"wp:featuredmedia":[{"embeddable":true,"href":"https:\/\/www.largepillow.com\/hr\/wp-json\/wp\/v2\/media\/4131"}],"wp:attachment":[{"href":"https:\/\/www.largepillow.com\/hr\/wp-json\/wp\/v2\/media?parent=4147"}],"wp:term":[{"taxonomy":"product_brand","embeddable":true,"href":"https:\/\/www.largepillow.com\/hr\/wp-json\/wp\/v2\/product_brand?post=4147"},{"taxonomy":"product_cat","embeddable":true,"href":"https:\/\/www.largepillow.com\/hr\/wp-json\/wp\/v2\/product_cat?post=4147"},{"taxonomy":"product_tag","embeddable":true,"href":"https:\/\/www.largepillow.com\/hr\/wp-json\/wp\/v2\/product_tag?post=4147"}],"curies":[{"name":"radni list","href":"https:\/\/api.w.org\/{rel}","templated":true}]}}