{"id":4182,"date":"2024-09-12T03:55:25","date_gmt":"2024-09-12T03:55:25","guid":{"rendered":"https:\/\/www.largepillow.com\/product\/triangular-headboard-pillow-for-sleeping-with-side-pocket"},"modified":"2024-10-03T16:31:33","modified_gmt":"2024-10-03T16:31:33","slug":"trokutasti-jastuk-za-uzglavlje-za-spavanje-s-bocnim-dzepom","status":"publish","type":"product","link":"https:\/\/www.largepillow.com\/hr\/product\/triangular-headboard-pillow-for-sleeping-with-side-pocket","title":{"rendered":"Jastuk za spavanje s trokutastim uzglavljem i bo\u010dnim d\u017eepom"},"content":{"rendered":"","protected":false},"excerpt":{"rendered":"<ul>\n<li><strong>Visokokvalitetna izrada:<\/strong> Kako bi jastuci za naslon izgledali savr\u0161enije i skladnije, dizajner je odabrao ukrasni gumb u istoj boji kao i navlaka za jastuk. Navlaka za jastuk je glatka i izdr\u017eljiva, a klinasti jastuk je mekan i elasti\u010dan. Na dnu se nalazi patentni zatvara\u010d, a punjenje od pamuka je pakirano u sloju podstave. PP pamuk se mo\u017ee dodati ili smanjiti prema vlastitom osje\u0107aju tijekom kori\u0161tenja.<\/li>\n<li><strong>Materijal:<\/strong> Jastu\u010dnica s printom i klinastim uzorkom izra\u0111ena od pamuka 100%. Punjenje je od poliesterskih vlakana (PP pamuk). Mekana na dodir, obojena na ekolo\u0161ki prihvatljiv na\u010din, ne grize se i ne blijedi. Nje\u017eni uzorci bolje ukra\u0161avaju unutarnji prostor.<\/li>\n<li><strong>Funkcija:<\/strong>\u00a0Na\u0161i funkcionalni jastuci za potporu mogu vam poduprijeti le\u0111a dok radite ili \u010ditate, tako da se ne osje\u0107ate toliko umorno. Samo ih ponesite ku\u0107i i va\u0161e obi\u010dne sofe i kreveti postat \u0107e profinjeniji. Osim toga, na\u0161 pli\u0161ani jastuk za uzglavlje kreveta s uzorkom mo\u017ee dati svje\u017e i elegantan izgled balkonima u dnevnom boravku i vrtnim stolicama. Mobiteli ili druge svakodnevne potrep\u0161tine mogu se pohraniti u bo\u010dne d\u017eepove jastuka.<\/li>\n<li><strong>Veli\u010dina:<\/strong> 60 cm (60*20*50 cm), 140 cm (140*20*50 cm), 180 cm (180*20*50 cm)<\/li>\n<li>Imajte na umu da se gumbi ne mogu skinuti i da su \u010dvrsto u\u0161iveni u jezgru jastuka. Ispod svakog gumba nalazi se rupa koja je namjerno ostavljena kako bi se olak\u0161alo skidanje navlake jastuka.<\/li>\n<\/ul>","protected":false},"featured_media":4169,"comment_status":"open","ping_status":"closed","template":"","meta":[],"product_brand":[],"product_cat":[15],"product_tag":[],"class_list":{"0":"post-4182","1":"product","2":"type-product","3":"status-publish","4":"has-post-thumbnail","6":"product_cat-large-wedge-pillow","8":"first","9":"instock","10":"shipping-taxable","11":"purchasable","12":"product-type-variable","13":"has-default-attributes"},"_links":{"self":[{"href":"https:\/\/www.largepillow.com\/hr\/wp-json\/wp\/v2\/product\/4182","targetHints":{"allow":["GET"]}}],"collection":[{"href":"https:\/\/www.largepillow.com\/hr\/wp-json\/wp\/v2\/product"}],"about":[{"href":"https:\/\/www.largepillow.com\/hr\/wp-json\/wp\/v2\/types\/product"}],"replies":[{"embeddable":true,"href":"https:\/\/www.largepillow.com\/hr\/wp-json\/wp\/v2\/comments?post=4182"}],"wp:featuredmedia":[{"embeddable":true,"href":"https:\/\/www.largepillow.com\/hr\/wp-json\/wp\/v2\/media\/4169"}],"wp:attachment":[{"href":"https:\/\/www.largepillow.com\/hr\/wp-json\/wp\/v2\/media?parent=4182"}],"wp:term":[{"taxonomy":"product_brand","embeddable":true,"href":"https:\/\/www.largepillow.com\/hr\/wp-json\/wp\/v2\/product_brand?post=4182"},{"taxonomy":"product_cat","embeddable":true,"href":"https:\/\/www.largepillow.com\/hr\/wp-json\/wp\/v2\/product_cat?post=4182"},{"taxonomy":"product_tag","embeddable":true,"href":"https:\/\/www.largepillow.com\/hr\/wp-json\/wp\/v2\/product_tag?post=4182"}],"curies":[{"name":"wp","href":"https:\/\/api.w.org\/{rel}","templated":true}]}}