{"id":4212,"date":"2024-09-13T00:40:09","date_gmt":"2024-09-13T00:40:09","guid":{"rendered":"https:\/\/www.largepillow.com\/product\/space-themed-backrest-cushion-for-kids-headboard-pillow-moon"},"modified":"2024-10-03T16:31:23","modified_gmt":"2024-10-03T16:31:23","slug":"jastuk-za-naslon-s-temom-svemira-za-djecu-jastuk-za-uzglavlje-s-motivom-mjeseca","status":"publish","type":"product","link":"https:\/\/www.largepillow.com\/hr\/product\/space-themed-backrest-cushion-for-kids-headboard-pillow-moon","title":{"rendered":"Jastuk za naslon za djecu s temom svemira \u2013 Jastuk za uzglavlje kreveta (Mjesec)"},"content":{"rendered":"[zc_getpagecontent mb=&#8221;mb_aplus&#8221; apid=&#8221;90&#8243;]\n","protected":false},"excerpt":{"rendered":"<ul>\n<li><strong>Veli\u010dina proizvoda:<\/strong>\u00a0Imamo 3 vrste jastuka za potporu le\u0111a s motivom planeta: Zemlja, Mjesec i Jupiter, dimenzija oko 99 x 49,6 cm. Mo\u017eete odabrati izgled svojih omiljenih jastuka koji odgovara va\u0161em raspolo\u017eenju. Stvorite sanjivu i ma\u0161tovitu spava\u0107u sobu s ovim preslatkim jastukom s motivom planeta, dizajniranim da inspirira snove va\u0161eg mali\u0161ana o istra\u017eivanju svemira.<\/li>\n<li><strong>Mekano i udobno:<\/strong>\u00a0Jastuk za \u010ditanje Planet izra\u0111en je od kratke pli\u0161ane tkanine, mekane i udobne, nude\u0107i vam glatku, toplu i ugodnu teksturu; unutarnji materijal je PP pamuk, mekan i potporan, mo\u017ee se staviti na krevet ili sofu, pru\u017ea va\u0161im le\u0111ima dovoljnu potporu, ali i pobolj\u0161ava dr\u017eanje i ubla\u017eava mehani\u010dke bolove u le\u0111ima.<\/li>\n<li><strong>\u017divahan i realisti\u010dan dizajn:<\/strong>\u00a0Na\u0161 jastuk za uzglavlje s planetima ima dvostrani otisak nevjerojatne teme svemira i galaksije, planeta. Djeca mogu u\u010diti o svakom planetu s teksturiranim detaljima i uspore\u0111ivati njihove veli\u010dine dok se odmaraju na mekanim jastucima, savr\u0161enim za ma\u0161tovitu igru. Ovi cool ukrasi s motivom svemira i galaksije dodaju malo galakti\u010dke atmosfere ure\u0111enju va\u0161eg doma s galaksijom. Stvorite jedinstveni planet astronauta koji ukrasava spava\u0107u sobu za dje\u010dake i djevoj\u010dice.<\/li>\n<li><strong>Svestrana upotreba:<\/strong>\u00a0Jastuci s 3D simuliranim dizajnom planetarnog naslona s uzorkom \u017eivopisnog dvostranog tiska mogu se koristiti ne samo kao prepoznatljiv ku\u0107ni dekor za pod, spava\u0107u sobu, sofu, dnevni boravak i namje\u0161taj, ve\u0107 i kao zanimljiv jastuk za zagrljaj za va\u0161u obitelj, pobolj\u0161avaju\u0107i izgled mnogih mjesta.<\/li>\n<li><strong>Dizajn skrivenog patentnog zatvara\u010da:<\/strong>\u00a0Svaka jastu\u010dnica s motivom planeta dizajnirana je sa skrivenim patentnim zatvara\u010dem, \u0161to joj daje besprijekoran i nje\u017ean izgled; Osim toga, uklanjanje i umetanje jastuka za \u010di\u0161\u0107enje ili zamjenu \u010dini lakim, \u0161to ga \u010dini posebnim \u010darobnim bo\u017ei\u0107nim poklonom za dje\u010dake i djevoj\u010dice.<\/li>\n<\/ul>","protected":false},"featured_media":4204,"comment_status":"open","ping_status":"closed","template":"","meta":[],"product_brand":[],"product_cat":[228],"product_tag":[],"class_list":{"0":"post-4212","1":"product","2":"type-product","3":"status-publish","4":"has-post-thumbnail","6":"product_cat-cushions","8":"first","9":"instock","10":"shipping-taxable","11":"purchasable","12":"product-type-simple"},"_links":{"self":[{"href":"https:\/\/www.largepillow.com\/hr\/wp-json\/wp\/v2\/product\/4212","targetHints":{"allow":["GET"]}}],"collection":[{"href":"https:\/\/www.largepillow.com\/hr\/wp-json\/wp\/v2\/product"}],"about":[{"href":"https:\/\/www.largepillow.com\/hr\/wp-json\/wp\/v2\/types\/product"}],"replies":[{"embeddable":true,"href":"https:\/\/www.largepillow.com\/hr\/wp-json\/wp\/v2\/comments?post=4212"}],"wp:featuredmedia":[{"embeddable":true,"href":"https:\/\/www.largepillow.com\/hr\/wp-json\/wp\/v2\/media\/4204"}],"wp:attachment":[{"href":"https:\/\/www.largepillow.com\/hr\/wp-json\/wp\/v2\/media?parent=4212"}],"wp:term":[{"taxonomy":"product_brand","embeddable":true,"href":"https:\/\/www.largepillow.com\/hr\/wp-json\/wp\/v2\/product_brand?post=4212"},{"taxonomy":"product_cat","embeddable":true,"href":"https:\/\/www.largepillow.com\/hr\/wp-json\/wp\/v2\/product_cat?post=4212"},{"taxonomy":"product_tag","embeddable":true,"href":"https:\/\/www.largepillow.com\/hr\/wp-json\/wp\/v2\/product_tag?post=4212"}],"curies":[{"name":"wp","href":"https:\/\/api.w.org\/{rel}","templated":true}]}}