{"id":4260,"date":"2024-09-13T02:12:22","date_gmt":"2024-09-13T02:12:22","guid":{"rendered":"https:\/\/www.largepillow.com\/product\/v-shaped-side-sleeper-pillow-for-shoulder-and-leg-relief"},"modified":"2025-01-23T19:06:54","modified_gmt":"2025-01-23T19:06:54","slug":"jastuk-za-bocno-spavanje-u-obliku-slova-v-za-olaksanje-ramena-i-nogu","status":"publish","type":"product","link":"https:\/\/www.largepillow.com\/hr\/product\/v-shaped-side-sleeper-pillow-for-shoulder-and-leg-relief","title":{"rendered":"Jastuk u obliku slova V za bo\u010dno spavanje za olak\u0161anje ramena i nogu"},"content":{"rendered":"<p>Predstavljamo na\u0161 jastuk u obliku slova V za bo\u010dno spavanje \u2013 vrhunsko rje\u0161enje za udobniji i mirniji san! Posebno dizajniran za ubla\u017eavanje pritiska na ramena i noge, ovaj jastuk ima jedinstveni oblik slova V koji pru\u017ea optimalnu potporu osobama koje spavaju na boku. Podstavljeni nagibi s obje strane jastuka poma\u017eu ubla\u017eiti pritisak na ruke i noge, dok najvi\u0161a to\u010dka na vrhu podi\u017ee i podupire ramena.<\/p>\n<p>Ovaj jastuk ne samo da pru\u017ea iznimnu potporu ramenima i nogama, ve\u0107 je savr\u0161en i za podizanje gornjeg dijela tijela kako bi se smanjili simptomi refluksa kiseline i hrkanja.<\/p>\n<p>Izra\u0111ena od visokokvalitetnog 100% poliesterskog bar\u0161una, nudi luksuzan i elegantan osje\u0107aj te je mekana na dodir. Osim toga, jastu\u010dnica se mo\u017ee prati u perilici rublja radi lak\u0161eg \u010di\u0161\u0107enja, osiguravaju\u0107i da va\u0161 jastuk ostane \u010dist i svje\u017e za daljnju upotrebu.<\/p>\n<p>Do\u017eivite mirniji i pomla\u0111uju\u0107i san s na\u0161im jastukom za bo\u010dno spavanje u obliku slova V \u2013 savr\u0161enim izborom za one koji spavaju na boku i sve koji tra\u017ee bolju kvalitetu sna!<\/p>","protected":false},"excerpt":{"rendered":"<ul>\n<li><strong>Olak\u0161anje za ramena i noge:<\/strong> Jastuk za bo\u010dno spavanje u obliku slova V posebno je dizajniran za olak\u0161anje ramena i nogu. Njegova najvi\u0161a to\u010dka je na vrhu kako bi podigla i poduprla ramena, dok podstavljeni nagibi s obje strane jastuka poma\u017eu ubla\u017eiti pritisak na ruke i noge.<\/li>\n<li><strong>Jastuk za krevet:<\/strong> Mo\u017ee pomo\u0107i u podizanju gornjeg dijela tijela, \u0161to mo\u017ee smanjiti simptome refluksa kiseline i hrkanja. Ovaj nagnuti polo\u017eaj tako\u0111er mo\u017ee pobolj\u0161ati cirkulaciju i smanjiti pritisak na donji dio le\u0111a. Osim toga, dizajn jastuka u obliku slova V pru\u017ea potporu i udobnost za ramena i vrat.<\/li>\n<li><strong>Do\u017eivite miran san:<\/strong> Na\u0161 jastuk za bo\u010dno spavanje u obliku slova V posebno je koristan za one koji spavaju na boku, jer pru\u017ea pravilnu potporu vratu, ramenima i nogama. Na\u0161 jastuk za bo\u010dno spavanje mo\u017ee vam pomo\u0107i da postignete bolju kvalitetu sna.<\/li>\n<li><strong>Vrhunska kvaliteta:<\/strong> Na\u0161a navlaka za jastuk za spavanje na boku izra\u0111ena je od 100% poliesterskog bar\u0161una, pru\u017ea luksuzan i elegantan osje\u0107aj te je mekan na dodir. Ovaj materijal nudi iznimnu udobnost i ugodnost, \u0161to ga \u010dini savr\u0161enim izborom za miran i pomla\u0111uju\u0107i san.<\/li>\n<li><strong>Mo\u017ee se prati u perilici rublja:<\/strong> Navlaka od bar\u0161unaste tkanine jastuka mo\u017ee se lako skinuti i oprati u perilici rublja za prakti\u010dno \u010di\u0161\u0107enje, osiguravaju\u0107i da jastuk ostane higijenski za daljnju upotrebu.<\/li>\n<\/ul>","protected":false},"featured_media":4251,"comment_status":"open","ping_status":"closed","template":"","meta":[],"product_brand":[],"product_cat":[228],"product_tag":[],"class_list":{"0":"post-4260","1":"product","2":"type-product","3":"status-publish","4":"has-post-thumbnail","6":"product_cat-cushions","8":"first","9":"instock","10":"shipping-taxable","11":"purchasable","12":"product-type-simple"},"_links":{"self":[{"href":"https:\/\/www.largepillow.com\/hr\/wp-json\/wp\/v2\/product\/4260","targetHints":{"allow":["GET"]}}],"collection":[{"href":"https:\/\/www.largepillow.com\/hr\/wp-json\/wp\/v2\/product"}],"about":[{"href":"https:\/\/www.largepillow.com\/hr\/wp-json\/wp\/v2\/types\/product"}],"replies":[{"embeddable":true,"href":"https:\/\/www.largepillow.com\/hr\/wp-json\/wp\/v2\/comments?post=4260"}],"wp:featuredmedia":[{"embeddable":true,"href":"https:\/\/www.largepillow.com\/hr\/wp-json\/wp\/v2\/media\/4251"}],"wp:attachment":[{"href":"https:\/\/www.largepillow.com\/hr\/wp-json\/wp\/v2\/media?parent=4260"}],"wp:term":[{"taxonomy":"product_brand","embeddable":true,"href":"https:\/\/www.largepillow.com\/hr\/wp-json\/wp\/v2\/product_brand?post=4260"},{"taxonomy":"product_cat","embeddable":true,"href":"https:\/\/www.largepillow.com\/hr\/wp-json\/wp\/v2\/product_cat?post=4260"},{"taxonomy":"product_tag","embeddable":true,"href":"https:\/\/www.largepillow.com\/hr\/wp-json\/wp\/v2\/product_tag?post=4260"}],"curies":[{"name":"wp","href":"https:\/\/api.w.org\/{rel}","templated":true}]}}