{"id":4340,"date":"2024-09-13T03:20:32","date_gmt":"2024-09-13T03:20:32","guid":{"rendered":"https:\/\/www.largepillow.com\/product\/large-headboard-reading-pillow-bolster-body-pillow-blue"},"modified":"2024-10-03T16:31:33","modified_gmt":"2024-10-03T16:31:33","slug":"veliki-jastuk-za-citanje-uzglavlja-plavi-jastuk-za-tijelo","status":"publish","type":"product","link":"https:\/\/www.largepillow.com\/hr\/product\/large-headboard-reading-pillow-bolster-body-pillow-blue","title":{"rendered":"Veliki jastuk za \u010ditanje uzglavlja, jastuk za tijelo, plavi"},"content":{"rendered":"[zc_getpagecontent mb=&#8221;mb_aplus&#8221; apid=&#8221;60&#8243;]\n","protected":false},"excerpt":{"rendered":"<ul>\n<li>Moderan dizajn: Dizajniran s u\u0161ivenim gumbima i pro\u0161ivenim detaljima, zaobljenim rubovima tako\u0111er dodaje dodatni dekorativni \u0161tih. Ovaj predimenzionirani lumbalni jastuk s obilnim punjenjem pru\u017ea dodatnu udobnost i osigurava vam najbolju potporu dok se opu\u0161tate. Koristite ga samostalno kao ukrasni komad ili ga kombinirajte s drugim standardnim tiskanim\/jednobojnim ili drugim izvezenim jastucima za uskla\u0111en izgled.<\/li>\n<li>Izvrstan jastuk za potporu le\u0111a: Ovaj predimenzionirani jastuk pru\u017ea bolju potporu od mekanih jastuka standardne veli\u010dine, budoar jastuka ili euro jastuka, a \u010dvrst je i zadr\u017eava oblik. Ovaj predimenzionirani jastuk za uzglavlje s obilnim punjenjem pru\u017ea dodatnu udobnost, a u kombinaciji s mekim madracem osigurava najbolju potporu dok se naslanjate i opu\u0161tate. Ovaj moderni jastuk s velikim naslonom tako\u0111er \u0107e rije\u0161iti problem klizanja jastuka izme\u0111u madraca i uzglavlja.<\/li>\n<li>Vi\u0161enamjenski: Koristite ovaj veliki jastuk za naslon kao alternativu uzglavlju ili naslonu sofe ili ga stavite na klupu i imat \u0107ete novu sofu. Ovaj dugi jastuk za krevet mo\u017ee se koristiti i kao veliki jastuk za tijelo koji \u0107e vam pomo\u0107i da se dobro naspavate. Ovaj tapecirani jastuk za uzglavlje je prekrasan, izvanredne kvalitete i super udoban za naslanjanje. Istovremeno, dobro se sla\u017ee s raznim stilovima ure\u0111enja doma, dodaju\u0107i spava\u0107oj sobi osje\u0107aj topline i ugode.<\/li>\n<li>Vrhunska izrada: Dugi ukrasni jastuk od poliesterske tkanine 100% ultra je mekan i udoban za va\u0161u ko\u017eu. Tradicionalni ukrasni jastuci s vremenom se obi\u010dno opu\u0161taju, ali ovaj jastuk za \u010ditanje ima \u010dupave gumbe koji ne samo da pru\u017eaju suvremeni stil, ve\u0107 i dr\u017ee punjenje na mjestu radi trajnosti. Patchwork \u0161avovi i prirubljeni rubovi tako\u0111er dodaju dodatni ukras.<\/li>\n<li>Upute za njegu jastu\u010dnica: Jastu\u010dnice se mogu skinuti, ne blijede niti se habaju, jednostavne su za njegu i perive u perilici rublja zahvaljuju\u0107i dizajnu s gumbima i nevidljivom patentnom zatvara\u010du.<\/li>\n<\/ul>","protected":false},"featured_media":4322,"comment_status":"open","ping_status":"closed","template":"","meta":[],"product_brand":[],"product_cat":[28],"product_tag":[],"class_list":{"0":"post-4340","1":"product","2":"type-product","3":"status-publish","4":"has-post-thumbnail","6":"product_cat-large-body-pillow","8":"first","9":"instock","10":"shipping-taxable","11":"purchasable","12":"product-type-variable","13":"has-default-attributes"},"_links":{"self":[{"href":"https:\/\/www.largepillow.com\/hr\/wp-json\/wp\/v2\/product\/4340","targetHints":{"allow":["GET"]}}],"collection":[{"href":"https:\/\/www.largepillow.com\/hr\/wp-json\/wp\/v2\/product"}],"about":[{"href":"https:\/\/www.largepillow.com\/hr\/wp-json\/wp\/v2\/types\/product"}],"replies":[{"embeddable":true,"href":"https:\/\/www.largepillow.com\/hr\/wp-json\/wp\/v2\/comments?post=4340"}],"wp:featuredmedia":[{"embeddable":true,"href":"https:\/\/www.largepillow.com\/hr\/wp-json\/wp\/v2\/media\/4322"}],"wp:attachment":[{"href":"https:\/\/www.largepillow.com\/hr\/wp-json\/wp\/v2\/media?parent=4340"}],"wp:term":[{"taxonomy":"product_brand","embeddable":true,"href":"https:\/\/www.largepillow.com\/hr\/wp-json\/wp\/v2\/product_brand?post=4340"},{"taxonomy":"product_cat","embeddable":true,"href":"https:\/\/www.largepillow.com\/hr\/wp-json\/wp\/v2\/product_cat?post=4340"},{"taxonomy":"product_tag","embeddable":true,"href":"https:\/\/www.largepillow.com\/hr\/wp-json\/wp\/v2\/product_tag?post=4340"}],"curies":[{"name":"wp","href":"https:\/\/api.w.org\/{rel}","templated":true}]}}