{"id":4391,"date":"2024-09-13T04:14:15","date_gmt":"2024-09-13T04:14:15","guid":{"rendered":"https:\/\/www.largepillow.com\/product\/giant-dog-beds-for-adult-humans-large-floor-bed-mattress"},"modified":"2024-10-03T16:31:23","modified_gmt":"2024-10-03T16:31:23","slug":"veliki-kreveti-za-pse-za-odrasle-ljude-veliki-madrac-za-podni-krevet","status":"publish","type":"product","link":"https:\/\/www.largepillow.com\/hr\/product\/giant-dog-beds-for-adult-humans-large-floor-bed-mattress","title":{"rendered":"Veliki kreveti za pse za odrasle ljude, veliki madrac za pod"},"content":{"rendered":"[zc_getpagecontent mb=&#8221;mb_aplus&#8221; apid=&#8221;41&#8243;]\n","protected":false},"excerpt":{"rendered":"<ul>\n<li><strong>Vrhunsko opu\u0161tanje<\/strong>Pripremite se za opu\u0161tanje u vrhunskoj udobnosti uz na\u0161 ljudski krevet za pse \u2013 savr\u0161eno mjesto za opu\u0161tanje s va\u0161im najboljim krznenim prijateljem! Zahvaljuju\u0107i prostranom dizajnu i ugodnim materijalima, nikada ne\u0107ete po\u017eeljeti oti\u0107i.<\/li>\n<li><strong>Iznimno sigurno<\/strong>Na\u0161 krevet za pse ljudske veli\u010dine izra\u0111en je s jedinstvenim dizajnom s vezicom, pru\u017eaju\u0107i vama i va\u0161em krznenom prijatelju neusporediv osje\u0107aj sigurnosti i udobnosti. U\u0161u\u0161kajte se zajedno i do\u017eivite osje\u0107aj da ste obavijeni toplim, ugodnim zagrljajem - sli\u010dno utje\u0161nom osje\u0107aju odmaranja u maj\u010dinom naru\u010dju.<\/li>\n<li><strong>Udobno i jednostavno za \u010di\u0161\u0107enje<\/strong>Ovaj krevet za pse izra\u0111en je od mekane bar\u0161unaste tkanine, a lako se \u010disti i od dlaka ku\u0107nih ljubimaca. Vrhunsko punjenje od poliesterskih vlakana pru\u017ea va\u0161em ljubimcu upravo pravu koli\u010dinu potpore za odmor i punjenje baterija. Bilo da drijemaju ili tra\u017ee ugodno mjesto za ma\u017eenje, ovaj krevet u obliku vre\u0107e za sjedenje savr\u0161en je za vas i va\u0161eg ljubimca.<\/li>\n<li><strong>Prakti\u010dno za pohranu<\/strong>Na\u0161 ogromni krevet za ku\u0107ne ljubimce dizajniran je za vrhunsku udobnost zahvaljuju\u0107i odvojivoj zna\u010dajki. Glavni madrac i ograda s vezicom mogu se lako spojiti pomo\u0107u visokokvalitetnih patentnih zatvara\u010da, \u0161to omogu\u0107uje brzu i jednostavnu monta\u017eu. Kada se ne koristi, jednostavno odvojite dva dijela i smotajte krevet za kompaktnu pohranu. Imajte na umu da deka na slici nije uklju\u010dena.<\/li>\n<li><strong>Idealni privremeni madrac za krevet<\/strong>Na\u0161 ljudski krevet za pse ne samo da je ugodno mjesto za odmor va\u0161eg krznenog prijatelja, ve\u0107 je i savr\u0161ena zamjena za tradicionalne napuhane madrace. Za razliku od onih glomaznih zra\u010dnih kreveta, ovaj krevet za ku\u0107ne ljubimce nudi pli\u0161ano i udobno punjenje koje osigurava da va\u0161 ljubimac dobije potreban odmor. Izvrstan je za kampiranje, putovanja ili jednostavno ako vam je potrebno privremeno rje\u0161enje za udobnost va\u0161eg ljubimca.<\/li>\n<\/ul>","protected":false},"featured_media":4372,"comment_status":"open","ping_status":"closed","template":"","meta":[],"product_brand":[],"product_cat":[228],"product_tag":[],"class_list":{"0":"post-4391","1":"product","2":"type-product","3":"status-publish","4":"has-post-thumbnail","6":"product_cat-cushions","8":"first","9":"outofstock","10":"shipping-taxable","11":"purchasable","12":"product-type-simple"},"_links":{"self":[{"href":"https:\/\/www.largepillow.com\/hr\/wp-json\/wp\/v2\/product\/4391","targetHints":{"allow":["GET"]}}],"collection":[{"href":"https:\/\/www.largepillow.com\/hr\/wp-json\/wp\/v2\/product"}],"about":[{"href":"https:\/\/www.largepillow.com\/hr\/wp-json\/wp\/v2\/types\/product"}],"replies":[{"embeddable":true,"href":"https:\/\/www.largepillow.com\/hr\/wp-json\/wp\/v2\/comments?post=4391"}],"wp:featuredmedia":[{"embeddable":true,"href":"https:\/\/www.largepillow.com\/hr\/wp-json\/wp\/v2\/media\/4372"}],"wp:attachment":[{"href":"https:\/\/www.largepillow.com\/hr\/wp-json\/wp\/v2\/media?parent=4391"}],"wp:term":[{"taxonomy":"product_brand","embeddable":true,"href":"https:\/\/www.largepillow.com\/hr\/wp-json\/wp\/v2\/product_brand?post=4391"},{"taxonomy":"product_cat","embeddable":true,"href":"https:\/\/www.largepillow.com\/hr\/wp-json\/wp\/v2\/product_cat?post=4391"},{"taxonomy":"product_tag","embeddable":true,"href":"https:\/\/www.largepillow.com\/hr\/wp-json\/wp\/v2\/product_tag?post=4391"}],"curies":[{"name":"wp","href":"https:\/\/api.w.org\/{rel}","templated":true}]}}