{"id":4405,"date":"2024-09-14T02:18:37","date_gmt":"2024-09-14T02:18:37","guid":{"rendered":"https:\/\/www.largepillow.com\/product\/large-floor-loveseat-cozy-chair-for-home-spaces"},"modified":"2024-12-12T09:14:40","modified_gmt":"2024-12-12T09:14:40","slug":"velika-podna-dvosjed-udobna-fotelja-za-kucne-prostore","status":"publish","type":"product","link":"https:\/\/www.largepillow.com\/hr\/product\/large-floor-loveseat-cozy-chair-for-home-spaces","title":{"rendered":"Veliki dvosjed na pod \u2013 udobna fotelja za ku\u0107ne prostore"},"content":{"rendered":"[zc_getpagecontent mb=&#8221;mb_aplus&#8221; apid=&#8221;96&#8243;]\n","protected":false},"excerpt":{"rendered":"<ul>\n<li><strong>VRHUNSKA UDOBNOST:<\/strong> U\u017eivajte u neusporedivoj udobnosti s le\u017ealjkom. S presvlakom od ze\u010djeg krzna i punjenjem od visokootporne pjene, ova sofa osigurava maksimalnu udobnost, bilo da sjedite i \u010ditate knjigu, gledate televiziju ili se samo opu\u0161tate nakon napornog dana.<\/li>\n<li><strong>VRHUNSKA OBRADA:<\/strong> Ova sofa bez okvira ima navlaku od \u010dupavog korduroja i podlogu od PP pamuka, kombiniraju\u0107i prakti\u010dnost i udobnost za luksuzno i izdr\u017eljivo iskustvo. Lako se rastavlja i sastavlja, osiguravaju\u0107i trajnu eleganciju u svakoj prostoriji.<\/li>\n<li><strong>STABILNA PODR\u0160KA:<\/strong> U\u017eivajte u mirnom opu\u0161tanju uz na\u0161u podnu sofu. Pjena visoke gusto\u0107e pru\u017ea izvrsnu potporu i ubla\u017eavanje udaraca, prilago\u0111ava se oblinama tijela i ubla\u017eava pritisne to\u010dke. Stabilnost sklopive sofe osigurava sigurnost i pouzdanost.<\/li>\n<li><strong>JEDINSTVEN DIZAJN I JEDNOSTAVNO \u010cI\u0160\u0106ENJE:<\/strong> Ova sofa nije samo udobna, ve\u0107 se i lako \u010disti. Nevidljivi patentni zatvara\u010d lako se skida i \u010disti, odr\u017eavaju\u0107i sofu urednom. Omogu\u0107uje vam udobno u\u017eivanje u slobodnom vremenu.<\/li>\n<li><strong>IDEALNA VELI\u010cINA ZA UDOBNOST:<\/strong> Na\u0161a unutarnja le\u017ealjka ima dimenzije 122*122*27 cm, \u0161to je idealna veli\u010dina za naslonja\u010d, a lako se pohranjuje i \u0161tedi prostor.<\/li>\n<\/ul>","protected":false},"featured_media":4393,"comment_status":"open","ping_status":"closed","template":"","meta":[],"product_brand":[],"product_cat":[228],"product_tag":[],"class_list":{"0":"post-4405","1":"product","2":"type-product","3":"status-publish","4":"has-post-thumbnail","6":"product_cat-cushions","8":"first","9":"outofstock","10":"shipping-taxable","11":"purchasable","12":"product-type-simple"},"_links":{"self":[{"href":"https:\/\/www.largepillow.com\/hr\/wp-json\/wp\/v2\/product\/4405","targetHints":{"allow":["GET"]}}],"collection":[{"href":"https:\/\/www.largepillow.com\/hr\/wp-json\/wp\/v2\/product"}],"about":[{"href":"https:\/\/www.largepillow.com\/hr\/wp-json\/wp\/v2\/types\/product"}],"replies":[{"embeddable":true,"href":"https:\/\/www.largepillow.com\/hr\/wp-json\/wp\/v2\/comments?post=4405"}],"wp:featuredmedia":[{"embeddable":true,"href":"https:\/\/www.largepillow.com\/hr\/wp-json\/wp\/v2\/media\/4393"}],"wp:attachment":[{"href":"https:\/\/www.largepillow.com\/hr\/wp-json\/wp\/v2\/media?parent=4405"}],"wp:term":[{"taxonomy":"product_brand","embeddable":true,"href":"https:\/\/www.largepillow.com\/hr\/wp-json\/wp\/v2\/product_brand?post=4405"},{"taxonomy":"product_cat","embeddable":true,"href":"https:\/\/www.largepillow.com\/hr\/wp-json\/wp\/v2\/product_cat?post=4405"},{"taxonomy":"product_tag","embeddable":true,"href":"https:\/\/www.largepillow.com\/hr\/wp-json\/wp\/v2\/product_tag?post=4405"}],"curies":[{"name":"wp","href":"https:\/\/api.w.org\/{rel}","templated":true}]}}