{"id":4576,"date":"2024-10-25T03:48:45","date_gmt":"2024-10-25T03:48:45","guid":{"rendered":"https:\/\/www.largepillow.com\/product\/3-storey-felt-cat-cave-multi-cat-condo-tunnel-bed"},"modified":"2024-12-20T18:18:54","modified_gmt":"2024-12-20T18:18:54","slug":"trokatni-filcani-krevet-za-macke-u-visenamjenskom-stanu-s-tunelom-za-macke","status":"publish","type":"product","link":"https:\/\/www.largepillow.com\/hr\/product\/3-storey-felt-cat-cave-multi-cat-condo-tunnel-bed\/","title":{"rendered":"Trokatna filcana ma\u010dja \u0161pilja, vi\u0161ema\u010dji stan i tunelski krevet"},"content":{"rendered":"[zc_getpagecontent mb=&#8221;mb_aplus&#8221; apid=&#8221;98&#8243;]\n","protected":false},"excerpt":{"rendered":"<ul>\n<li><strong>Pogodno za ku\u0107anstva s vi\u0161e ma\u010daka:<\/strong> Kartonske ku\u0107ice za ma\u010dke izra\u0111ene su imaju\u0107i na umu ku\u0107anstva s vi\u0161e ma\u010daka, nude\u0107i dovoljno prostora za igru i skladan su\u017eivot nekoliko ma\u010daka. Ove unutarnje ku\u0107ice za ma\u010dke dizajnirane su s vi\u0161e prozora, koji ne samo da zadovoljavaju uro\u0111enu znati\u017eelju ma\u010daka, ve\u0107 im nude i razne vidikovce za istra\u017eivanje i u\u017eivanje u okolini.<\/li>\n<li><strong>Otporno na ogrebotine i izdr\u017eljivo:<\/strong> Na\u0161e ku\u0107ice i stanovi za ma\u010dke izra\u0111eni su od laganog filca koji je ne samo otporan na ogrebotine, ve\u0107 i nevjerojatno izdr\u017eljiv. Ovaj materijal ma\u010dkama pru\u017ea savr\u0161enu povr\u0161inu za grebanje i bru\u0161enje kand\u017ei bez o\u0161te\u0107enja strukture. Dizajn je tako\u0111er vodootporan i otporan na mrlje, \u0161to ga \u010dini jednostavnim za \u010di\u0161\u0107enje i odr\u017eavanje, osiguravaju\u0107i da ku\u0107ica za igru va\u0161e ma\u010dke ostane u vrhunskom stanju uz minimalan napor.<\/li>\n<li><strong>Jednostavno za sastavljanje:<\/strong>\u00a0Unutarnji tuneli za ma\u010dke dizajnirani su za jednostavno sastavljanje, \u0161to vam omogu\u0107uje da ih brzo postavite prema svojim i \u017eeljama va\u0161ih ma\u010daka. Jednostavan proces sastavljanja na\u0161e kartonske ku\u0107ice za ma\u010dke obe\u0107ava iskustvo bez muke. Za detaljne upute, preporu\u010dujemo da pogledate prilo\u017eeni video o sastavljanju, kako biste lako mogli sastaviti zabavan i siguran prostor za svoje ma\u010dje prijatelje.<\/li>\n<li><strong>Prozra\u010dni dizajn:<\/strong> Pohvalite se prozra\u010dnim dizajnom koji pove\u0107ava udobnost va\u0161ih ma\u010djih prijatelja. Jedinstveni filcani materijal, u kombinaciji sa strate\u0161ki postavljenim prozorima, osigurava optimalnu ventilaciju, omogu\u0107uju\u0107i slobodnu cirkulaciju svje\u017eeg zraka. Ova kartonska ku\u0107ica za grebanje ma\u010daka pa\u017eljivo je izra\u0111ena kako bi pru\u017eila udoban i dobro prozra\u010dan prostor gdje se va\u0161e ma\u010dke mogu igrati i opu\u0161tati bez osje\u0107aja sku\u010denosti ili zagu\u0161enja. Dizajn u\u010dinkovito odr\u017eava ugodno i prozra\u010dno okru\u017eenje, odr\u017eavaju\u0107i ih hladnima ljeti i toplima tijekom zimskih mjeseci.<\/li>\n<li><strong>Prostrana unutra\u0161njost:<\/strong> Prekrasno igrali\u0161te koje se zapravo sastoji od skupa od tri me\u0111usobno povezane ku\u0107ice za ma\u010dke. Zajedno tvore znatan prostor dimenzija 43x43x99 cm, \u0161to je savr\u0161eno za lutanje, igru i istra\u017eivanje vi\u0161e ma\u010daka. Ovaj prostrani interijer pru\u017ea velikodu\u0161an prostor za va\u0161e ma\u010dke da se istegnu, odmaraju i bave razigranim ludorijama. S kombiniranim kapacitetom te\u017eine do 15 kilograma, ova me\u0111usobno povezana ma\u010dja \u0161pilja osigurava da \u010dak i ve\u0107e ma\u010dke mogu udobno u\u017eivati u prostranom prostoru. To je savr\u0161eno uto\u010di\u0161te za va\u0161e ma\u010dje prijatelje da se opuste i igraju, stvaraju\u0107i ugodno i privla\u010dno okru\u017eenje koje je i funkcionalno i privla\u010dno.<\/li>\n<\/ul>","protected":false},"featured_media":4563,"comment_status":"open","ping_status":"closed","template":"","meta":[],"product_brand":[],"product_cat":[227],"product_tag":[],"class_list":{"0":"post-4576","1":"product","2":"type-product","3":"status-publish","4":"has-post-thumbnail","6":"product_cat-pet-supplies","8":"first","9":"outofstock","10":"shipping-taxable","11":"purchasable","12":"product-type-simple"},"_links":{"self":[{"href":"https:\/\/www.largepillow.com\/hr\/wp-json\/wp\/v2\/product\/4576","targetHints":{"allow":["GET"]}}],"collection":[{"href":"https:\/\/www.largepillow.com\/hr\/wp-json\/wp\/v2\/product"}],"about":[{"href":"https:\/\/www.largepillow.com\/hr\/wp-json\/wp\/v2\/types\/product"}],"replies":[{"embeddable":true,"href":"https:\/\/www.largepillow.com\/hr\/wp-json\/wp\/v2\/comments?post=4576"}],"wp:featuredmedia":[{"embeddable":true,"href":"https:\/\/www.largepillow.com\/hr\/wp-json\/wp\/v2\/media\/4563"}],"wp:attachment":[{"href":"https:\/\/www.largepillow.com\/hr\/wp-json\/wp\/v2\/media?parent=4576"}],"wp:term":[{"taxonomy":"product_brand","embeddable":true,"href":"https:\/\/www.largepillow.com\/hr\/wp-json\/wp\/v2\/product_brand?post=4576"},{"taxonomy":"product_cat","embeddable":true,"href":"https:\/\/www.largepillow.com\/hr\/wp-json\/wp\/v2\/product_cat?post=4576"},{"taxonomy":"product_tag","embeddable":true,"href":"https:\/\/www.largepillow.com\/hr\/wp-json\/wp\/v2\/product_tag?post=4576"}],"curies":[{"name":"radni list","href":"https:\/\/api.w.org\/{rel}","templated":true}]}}