{"id":459,"date":"2022-09-16T02:19:51","date_gmt":"2022-09-16T02:19:51","guid":{"rendered":"https:\/\/www.largepillow.com\/product\/large-bolster-cushion"},"modified":"2025-11-05T02:15:31","modified_gmt":"2025-11-05T02:15:31","slug":"jastuk-za-krevet-2","status":"publish","type":"product","link":"https:\/\/www.largepillow.com\/hr\/product\/bed-bolster","title":{"rendered":"Podloga za krevet"},"content":{"rendered":"<p>Otkrijte vrhunsku udobnost s jastukom za krevet: Va\u0161 savr\u0161eni jastuk za vi\u0161ekratnu upotrebu<\/p>\n<p>U dana\u0161njem brzom svijetu, opu\u0161tanje i udobnost kod ku\u0107e nikada nisu bili va\u017eniji. Bilo da ste knji\u0161ki moljac, no\u0107na ptica koja radi do kasno ili netko tko u\u017eiva u maratonskom gledanju omiljene serije u krevetu, jastuk za uzglavlje kreveta je tu da transformira va\u0161e iskustvo. Ovaj jastuk za uzglavlje, sa svojim inovativnim dizajnom i vi\u0161enamjenskom upotrebom, osigurava da udobnost nikada ne bude ugro\u017eena. Zaronimo u ono \u0161to \u010dini jastuk za uzglavlje kreveta obaveznim u svakom modernom domu.<\/p>\n<p>Vrhunska udobnost s trokutastim dizajnom oblika<\/p>\n<p>Dizajniran s va\u0161om vrhunskom udobno\u0161\u0107u na umu, jastuk za krevet nije samo obi\u010dan jastuk. Njegov jedinstveni trokutasti oblik posebno je izra\u0111en kako bi savr\u0161eno pristajao va\u0161im le\u0111ima i struku, pru\u017eaju\u0107i neusporedivu potporu i u\u010dinkovito smanjuju\u0107i pritisak na lumbalni dio i le\u0111a. Ovaj ekstra veliki jastuk za uzglavlje prilago\u0111en je za dvije osobe, \u0161to ga \u010dini jedinim jastukom za uzglavlje koji \u0107e vam trebati za opu\u0161tanje bez napetosti na krevetu ili sofi.<\/p>\n<p>Svestranost u svom najboljem izdanju: 3 u 1 veliki jastuk za podupiranje<\/p>\n<p>Podloga za krevet redefinira svestranost. Koristite je uspravno kao jastuk za uzglavlje dok sjedite u krevetu, polo\u017eite je vodoravno kao veliki klinasti jastuk za spavanje na le\u0111ima ili boku, ili \u010dak kao jastuk za noge kako biste podigli noge za bolju cirkulaciju. Savr\u0161en je izbor za parove koji tra\u017ee veliki jastuk za uzglavlje koji pru\u017ea potporu i udobnost za obje osobe istovremeno.<\/p>\n<p>Vi\u0161enamjenski dizajn za svaku potrebu<\/p>\n<p>Osim \u0161to slu\u017ei kao jastuk za uzglavlje kreveta, Bed Bolster slu\u017ei i kao jastuk za branik i kao elegantan jastuk za naslon kau\u010da ili dnevnog kreveta. Njegov vi\u0161enamjenski dizajn osigurava da se besprijekorno uklapa u svaku spava\u0107u sobu ili dnevni boravak, dodaju\u0107i funkcionalnost i stil.<\/p>\n<p>Vje\u0161tina koja govori sve<\/p>\n<p>Bed Bolster se mo\u017ee pohvaliti vrhunskom izradom sa svojom jastu\u010dnicom od poliesterskog bar\u0161una 100% - mekanom, elegantnom i ugodnom na dodir. Ispunjena visokokvalitetnim poliesterskim vlaknima visoke gusto\u0107e, obe\u0107ava izdr\u017eljivost i udobnost bez uleganja, \u010dak i nakon intenzivne upotrebe. Osim toga, prakti\u010dni bo\u010dni d\u017eepovi nude prakti\u010dno mjesto za pohranu knjige ili telefona, dr\u017ee\u0107i bitne stvari nadohvat ruke.<\/p>\n<p>Odr\u017eavanje bez problema<\/p>\n<p>Odr\u017eavanje \u010disto\u0107e jastuka za krevet je jednostavno kao nikad prije. Opremljena jednostavnim patentnim zatvara\u010dem, navlaka za jastuk za \u010ditanje se lako skida i mo\u017ee prati u perilici rublja, osiguravaju\u0107i da va\u0161 jastuk uvijek ostane svje\u017e i privla\u010dan.<\/p>\n<p>Prilago\u0111eno va\u0161em prostoru<\/p>\n<p>S veli\u010dinama u rasponu od 45 cm do 200 cm duljine i opremljen s do 7 gumba za jednostavno pode\u0161avanje i potporu, jastuk za krevet dizajniran je kako bi savr\u0161eno odgovarao svakom prostoru. Odaberite veli\u010dinu koja najbolje odgovara va\u0161im potrebama i u\u017eivajte u prilago\u0111enom osje\u0107aju udobnosti i potpore.<\/p>\n<p>\u0160to kupci ka\u017eu<\/p>\n<p>Iz komentara o proizvodu jasno je da su kupci odu\u0161evljeni svojom kupnjom. Mnogi isti\u010du \u201etrokutasti potporni jastuk\u201c zbog njegove iznimne udobnosti i potpore, dok drugi hvale \u201ebar\u0161un\u201c zbog njegove meko\u0107e i luksuznog osje\u0107aja. \u010cini se da je boja \u201ekava\u201c omiljena me\u0111u kupcima, dodaju\u0107i da\u0161ak elegancije svakoj prostoriji.<\/p>\n<p>Zavr\u0161avanje<\/p>\n<p>Nadglavni jastuk za krevet vi\u0161e je od obi\u010dnog jastuka; on mijenja pravila igre kada je u pitanju pobolj\u0161anje va\u0161eg opu\u0161tanja i udobnosti kod ku\u0107e. Njegov vi\u0161enamjenski dizajn, iznimna izrada i jednostavno odr\u017eavanje \u010dine ga izvanrednim proizvodom. Bilo da se radi o \u010ditanju, radu ili jednostavnom opu\u0161tanju nakon dugog dana, nadglavni jastuk za krevet obe\u0107ava da \u0107e biti va\u0161 savr\u0161eni pratitelj. Nemojte nam samo vjerovati na rije\u010d; isprobajte ga i sami do\u017eivite vrhunsku udobnost!<\/p>","protected":false},"excerpt":{"rendered":"<ul>\n<li><strong>Vrhunska udobnost:<\/strong> Ovaj jastuk za uzglavlje nudi izvrsnu udobnost zahvaljuju\u0107i svom trokutastom obliku. Jastuk za potporu kreveta lijepo pristaje le\u0111ima i struku, smanjuju\u0107i pritisak na lumbalni dio\/le\u0111a. Ovaj klinasti jastuk za \u010ditanje mo\u017ee vam pomo\u0107i da ostanete bez napetosti u krevetu ili na kau\u010du, \u0161to je idealno za no\u0107ne ptice, knji\u0161ke moljke i gledanje televizije u krevetu. Ovaj ekstra veliki jastuk za podupiranje jedini je klinasti jastuk za uzglavlje koji mo\u017ee primiti dvije osobe.<\/li>\n<li><strong>Veliki jastuk za podupiranje 3 u 1:<\/strong> Jastuk mo\u017eete koristiti uspravno kao jastuk za uzglavlje kreveta za sjedenje u krevetu ili ga polo\u017eiti ravno na krevet kako biste ga koristili kao veliki klinasti jastuk kada spavate na le\u0111ima ili boku, ili kao jastuk za noge za podizanje nogu. Ako \u017eelite veliki jastuk za uzglavlje koji pru\u017ea potporu i vama i va\u0161em supru\u017eniku, to je izvrsna alternativa.<\/li>\n<li><strong>Vi\u0161enamjenski dizajn:<\/strong> Neki ljudi koriste veliki trokutasti jastuk kao jastuk za uzglavlje kreveta, dok ga drugi koriste kao jastuk za odbojnik, a mo\u017ee biti i jastuk za naslon kau\u010da ili dnevnog le\u017eaja. Elegantan je i funkcionalan, \u0161to ga \u010dini izvrsnim dodatkom svakoj spava\u0107oj sobi.<\/li>\n<li><strong>Vrhunska izrada:<\/strong> Na\u0161a jastu\u010dnica izra\u0111ena je od 100% poliesterskog bar\u0161una, koji je mekan, elegantan i ugodan na dodir. Podstava je izra\u0111ena od visokokvalitetnih poliesterskih vlakana visoke gusto\u0107e, koja sprje\u010davaju savijanje \u010dak i nakon vi\u0161emjese\u010dne upotrebe. Osim toga, dolazi s bo\u010dnim d\u017eepovima za va\u0161u knjigu ili telefon.<\/li>\n<li><strong>Jednostavno za \u010di\u0161\u0107enje:<\/strong> Navlaka za jastuk za \u010ditanje pri\u010dvr\u0161\u0107ena je na jastuk gumbima i lako se skida jednostavnim patentnim zatvara\u010dem. To olak\u0161ava \u010di\u0161\u0107enje. Samo skinite navlaku i brzo operite u perilici rublja kako bi va\u0161 jastuk izgledao kao nov.<\/li>\n<li><strong>Veli\u010dina:<\/strong> 45 cm (D45 x \u016020 x V50 | 0 gumba), 60 cm (D60 x \u016020 x V50 | 0 gumba), 80 cm (D80 x \u016020 x V50 | 2 gumba), 100 cm (D100 x \u016020 x V50 | 3 gumba), 120 cm (D120 x \u016020 x V50 | 4 gumba), 140 cm (D140 x \u016020 x V50 | 4 gumba), 160 cm (D160 x \u016020 x V50 | 5 gumba), 180 cm (D180 x \u016020 x V50 | 6 gumba), 200 cm (D200 x \u016020 x V50 | 7 gumba).<\/li>\n<\/ul>","protected":false},"featured_media":442,"comment_status":"open","ping_status":"closed","template":"","meta":[],"product_brand":[],"product_cat":[15],"product_tag":[66,210,206,102,75,168,132,163,143,59,120,65],"class_list":{"0":"post-459","1":"product","2":"type-product","3":"status-publish","4":"has-post-thumbnail","6":"product_cat-large-wedge-pillow","7":"product_tag-back-support-pillow","8":"product_tag-bed-bolster","9":"product_tag-bumper-pillow","10":"product_tag-couch-pillow","11":"product_tag-daybed-pillow","12":"product_tag-headboard-pillow","13":"product_tag-large-bolster-pillow","14":"product_tag-leg-pillow","15":"product_tag-multifunctional-pillow","16":"product_tag-reading-pillow","17":"product_tag-velvet-pillow","18":"product_tag-wedge-pillow","20":"first","21":"instock","22":"shipping-taxable","23":"purchasable","24":"product-type-variable"},"_links":{"self":[{"href":"https:\/\/www.largepillow.com\/hr\/wp-json\/wp\/v2\/product\/459","targetHints":{"allow":["GET"]}}],"collection":[{"href":"https:\/\/www.largepillow.com\/hr\/wp-json\/wp\/v2\/product"}],"about":[{"href":"https:\/\/www.largepillow.com\/hr\/wp-json\/wp\/v2\/types\/product"}],"replies":[{"embeddable":true,"href":"https:\/\/www.largepillow.com\/hr\/wp-json\/wp\/v2\/comments?post=459"}],"wp:featuredmedia":[{"embeddable":true,"href":"https:\/\/www.largepillow.com\/hr\/wp-json\/wp\/v2\/media\/442"}],"wp:attachment":[{"href":"https:\/\/www.largepillow.com\/hr\/wp-json\/wp\/v2\/media?parent=459"}],"wp:term":[{"taxonomy":"product_brand","embeddable":true,"href":"https:\/\/www.largepillow.com\/hr\/wp-json\/wp\/v2\/product_brand?post=459"},{"taxonomy":"product_cat","embeddable":true,"href":"https:\/\/www.largepillow.com\/hr\/wp-json\/wp\/v2\/product_cat?post=459"},{"taxonomy":"product_tag","embeddable":true,"href":"https:\/\/www.largepillow.com\/hr\/wp-json\/wp\/v2\/product_tag?post=459"}],"curies":[{"name":"wp","href":"https:\/\/api.w.org\/{rel}","templated":true}]}}