{"id":4620,"date":"2024-10-29T01:07:52","date_gmt":"2024-10-29T01:07:52","guid":{"rendered":"https:\/\/www.largepillow.com\/product\/space-saving-ottoman-pouf-with-storage-round-comfy-for-any-room"},"modified":"2024-10-29T11:16:09","modified_gmt":"2024-10-29T11:16:09","slug":"okrugli-otoman-s-prostorom-za-pohranu-koji-stedi-prostor-udoban-za-svaku-sobu","status":"publish","type":"product","link":"https:\/\/www.largepillow.com\/hr\/product\/space-saving-ottoman-pouf-with-storage-round-comfy-for-any-room","title":{"rendered":"Tabure s prostorom koji \u0161tedi prostor \u2013 okrugao i udoban za svaku sobu"},"content":{"rendered":"[zc_getpagecontent mb=&#8221;mb_aplus&#8221; apid=&#8221;97&#8243;]\n","protected":false},"excerpt":{"rendered":"<ul>\n<li><strong>Inovativni dizajn:<\/strong> Na\u0161 otoman s prostorom za pohranu spoj je prakti\u010dnosti i ljepote. S jedinstvenim dizajnom punjenja u tri sloja, ovaj otoman ima gornji sloj od mekog poliesterskog vlakna, pove\u0107ani kapacitet pohrane u sredini i \u010dvrstu podlogu od pjene visoke gusto\u0107e za izdr\u017eljivost i udobnost. Savr\u0161en je za pohranu predmeta koji su vam potrebni pri ruci.<\/li>\n<li><strong>Svestran i elegantan:<\/strong> Na\u0161 okrugli otoman svestran je dodatak svakom prostoru. Trebate li dodatnu sjede\u0107u garnituru, tabure ili jednostavno elegantan ukrasni komad, ovaj puf idealan je izbor za va\u0161 dnevni boravak, spava\u0107u sobu, dje\u010dju sobu, spavaonicu, balkon ili dnevni boravak.<\/li>\n<li><strong>Prakti\u010dno i jednostavno za odr\u017eavanje:<\/strong> Ovaj lagani tapecirani otoman za noge ima naslone za ruke za lako kretanje po va\u0161em domu. Glatki patentni zatvara\u010d omogu\u0107uje jednostavno pode\u0161avanje ili zamjenu punjenja, osiguravaju\u0107i personaliziranu udobnost i jednostavno \u010di\u0161\u0107enje. Njegov protuklizni dizajn dna pru\u017ea stabilnost.<\/li>\n<li><strong>Vrhunska udobnost i izdr\u017eljivost:<\/strong> Do\u017eivite neusporedivu meko\u0107u i udobnost s vrhunskim kratkim pli\u0161anim gornjim slojem i dugotrajnom pjenom visoke gusto\u0107e koja s vremenom zadr\u017eava svoj oblik. Plavo-bijeli prugasti ko\u017eni vanjski dio dodaje da\u0161ak stila i sofisticiranosti, bez napora se uklapaju\u0107i u bilo koji interijer.<\/li>\n<li><strong>Dugotrajna podr\u0161ka:<\/strong> Isporu\u010duje se vakuumski pakirano radi u\u010dinkovite dostave, omogu\u0107uju\u0107i tabureima da se potpuno ra\u0161ire do 72 sata kako bi postigli optimalnu veli\u010dinu i udobnost. U roku od 5 dana iskusite dugotrajnu potporu i blagostanje koje pru\u017ea visokokvalitetna pjena, osiguravaju\u0107i ugodnu i privla\u010dnu atmosferu u va\u0161em domu.<\/li>\n<\/ul>","protected":false},"featured_media":4613,"comment_status":"open","ping_status":"closed","template":"","meta":[],"product_brand":[],"product_cat":[228],"product_tag":[],"class_list":{"0":"post-4620","1":"product","2":"type-product","3":"status-publish","4":"has-post-thumbnail","6":"product_cat-cushions","8":"first","9":"instock","10":"shipping-taxable","11":"purchasable","12":"product-type-simple"},"_links":{"self":[{"href":"https:\/\/www.largepillow.com\/hr\/wp-json\/wp\/v2\/product\/4620","targetHints":{"allow":["GET"]}}],"collection":[{"href":"https:\/\/www.largepillow.com\/hr\/wp-json\/wp\/v2\/product"}],"about":[{"href":"https:\/\/www.largepillow.com\/hr\/wp-json\/wp\/v2\/types\/product"}],"replies":[{"embeddable":true,"href":"https:\/\/www.largepillow.com\/hr\/wp-json\/wp\/v2\/comments?post=4620"}],"wp:featuredmedia":[{"embeddable":true,"href":"https:\/\/www.largepillow.com\/hr\/wp-json\/wp\/v2\/media\/4613"}],"wp:attachment":[{"href":"https:\/\/www.largepillow.com\/hr\/wp-json\/wp\/v2\/media?parent=4620"}],"wp:term":[{"taxonomy":"product_brand","embeddable":true,"href":"https:\/\/www.largepillow.com\/hr\/wp-json\/wp\/v2\/product_brand?post=4620"},{"taxonomy":"product_cat","embeddable":true,"href":"https:\/\/www.largepillow.com\/hr\/wp-json\/wp\/v2\/product_cat?post=4620"},{"taxonomy":"product_tag","embeddable":true,"href":"https:\/\/www.largepillow.com\/hr\/wp-json\/wp\/v2\/product_tag?post=4620"}],"curies":[{"name":"wp","href":"https:\/\/api.w.org\/{rel}","templated":true}]}}