{"id":4670,"date":"2024-11-05T04:13:37","date_gmt":"2024-11-05T04:13:37","guid":{"rendered":"https:\/\/www.largepillow.com\/product\/wood-log-ottoman-pouf-cushion-foam-removable-cover"},"modified":"2025-11-24T01:41:33","modified_gmt":"2025-11-24T01:41:33","slug":"jastuk-od-drvenih-trupaca-otoman-s-uklonjivom-pjenom","status":"publish","type":"product","link":"https:\/\/www.largepillow.com\/hr\/product\/wood-log-ottoman-pouf-cushion-foam-removable-cover","title":{"rendered":"Jastuk za otoman od drvenih trupaca \u2013 pjena i uklonjiva navlaka"},"content":{"rendered":"[zc_getpagecontent mb=&#8221;mb_aplus&#8221; apid=&#8221;101&#8243;]\n","protected":false},"excerpt":{"rendered":"<ul>\n<li>Prepoznatljiv dizajn teksture drveta: S kreativnim uzorkom debla, ovaj inovativni otoman u obliku drveta odi\u0161e stilom i dodaje vizualnu i funkcionalnu dramu va\u0161em prostoru. Njegove \u017eive boje i svestrana upotreba \u010dine ga izvanrednim dodatkom svakom rasporedu namje\u0161taja, podi\u017eu\u0107i cjelokupnu estetiku.<\/li>\n<li>Vi\u0161enamjenski i moderan: Savr\u0161en za razne postavke, poput ispred toaletnog stoli\u0107a u spava\u0107oj sobi, kao dodatno mjesto za sjedenje ili oslonac za noge, ovaj elegantni kombinirani tabure dodaje da\u0161ak elegancije svakoj prostoriji. Koristite ga kao stoli\u0107 za kavu s pladnjem za dekor, \u0161to ga \u010dini svestranim ukrasnim komadom.<\/li>\n<li>Udobnost i kvaliteta: Izra\u0111en od mekog bar\u0161unastog materijala i ispunjen pjenom visoke gusto\u0107e, ovaj geometrijski tabure nudi udobno i potporno iskustvo sjedenja. Njegovi materijali ugodni ko\u017ei i \u010dvrsta konstrukcija \u010dine ovaj otoman idealnim za svaki stil ure\u0111enja doma.<\/li>\n<li>Jednostavno odr\u017eavanje: Dizajniran za unutarnju upotrebu, ovaj otoman s punjenjem ima glatki patentni zatvara\u010d za jednostavno skidanje navlake radi \u010di\u0161\u0107enja. Lagan je i jednostavan za premje\u0161tanje izme\u0111u prostorija, osiguravaju\u0107i jednostavno odr\u017eavanje kako bi va\u0161 prostor izgledao svje\u017ee i uredno.<\/li>\n<li>U\u010dinkovita dostava i rasklapanje: Kako bismo osigurali siguran i u\u010dinkovit proces dostave, na\u0161i otomanski oslonci za noge su vakuumski pakirani. Jednostavno ih ostavite rasklopljene 24-48 sati po dolasku za najbolje iskustvo, osiguravaju\u0107i da je va\u0161 geometrijski puf spreman podi\u0107i va\u0161 prostor na vi\u0161u razinu stilom i udobno\u0161\u0107u.<\/li>\n<\/ul>","protected":false},"featured_media":4659,"comment_status":"open","ping_status":"closed","template":"","meta":[],"product_brand":[],"product_cat":[228],"product_tag":[],"class_list":{"0":"post-4670","1":"product","2":"type-product","3":"status-publish","4":"has-post-thumbnail","6":"product_cat-cushions","8":"first","9":"instock","10":"shipping-taxable","11":"purchasable","12":"product-type-variable","13":"has-default-attributes"},"_links":{"self":[{"href":"https:\/\/www.largepillow.com\/hr\/wp-json\/wp\/v2\/product\/4670","targetHints":{"allow":["GET"]}}],"collection":[{"href":"https:\/\/www.largepillow.com\/hr\/wp-json\/wp\/v2\/product"}],"about":[{"href":"https:\/\/www.largepillow.com\/hr\/wp-json\/wp\/v2\/types\/product"}],"replies":[{"embeddable":true,"href":"https:\/\/www.largepillow.com\/hr\/wp-json\/wp\/v2\/comments?post=4670"}],"wp:featuredmedia":[{"embeddable":true,"href":"https:\/\/www.largepillow.com\/hr\/wp-json\/wp\/v2\/media\/4659"}],"wp:attachment":[{"href":"https:\/\/www.largepillow.com\/hr\/wp-json\/wp\/v2\/media?parent=4670"}],"wp:term":[{"taxonomy":"product_brand","embeddable":true,"href":"https:\/\/www.largepillow.com\/hr\/wp-json\/wp\/v2\/product_brand?post=4670"},{"taxonomy":"product_cat","embeddable":true,"href":"https:\/\/www.largepillow.com\/hr\/wp-json\/wp\/v2\/product_cat?post=4670"},{"taxonomy":"product_tag","embeddable":true,"href":"https:\/\/www.largepillow.com\/hr\/wp-json\/wp\/v2\/product_tag?post=4670"}],"curies":[{"name":"wp","href":"https:\/\/api.w.org\/{rel}","templated":true}]}}