{"id":4855,"date":"2024-11-21T03:10:06","date_gmt":"2024-11-21T03:10:06","guid":{"rendered":"https:\/\/www.largepillow.com\/product\/round-ottoman-table-with-tassel-cushioned-for-bedroom-living"},"modified":"2024-12-13T02:58:30","modified_gmt":"2024-12-13T02:58:30","slug":"okrugli-otoman-stol-s-resicama-za-spavacu-sobu","status":"publish","type":"product","link":"https:\/\/www.largepillow.com\/hr\/product\/round-ottoman-table-with-tassel-cushioned-for-bedroom-living","title":{"rendered":"Okrugli osmanski stol s resicama, tapecirani za spava\u0107u sobu i dnevni boravak"},"content":{"rendered":"[zc_getpagecontent mb=&#8221;mb_aplus&#8221; apid=&#8221;104&#8243;]\n","protected":false},"excerpt":{"rendered":"<ul>\n<li>Luksuzno \u2013 Pobolj\u0161ajte svoj dnevni boravak, prijemni prostor ili prostor za sastanke ovim okruglim otomanom od 102 cm, koji slu\u017ei kao elegantan stoli\u0107 za kavu. Presvu\u010den pli\u0161anim bar\u0161unom i poduprt pjenom visoke gusto\u0107e, nudi udobnost i sofisticiran izgled, savr\u0161en za le\u017eerna dru\u017eenja ili formalne doga\u0111aje.<\/li>\n<li>Vrhunska kvaliteta \u2013 Svijetloplavi bar\u0161un ne samo da pru\u017ea umiruju\u0107i i ugodan vizualni efekt, ve\u0107 i luksuzan osje\u0107aj, \u0161to je istaknuto njegovom sposobno\u0161\u0107u reflektiranja svjetlosti i dodavanja luksuznog dodira namje\u0161taju; Srebrno-bijele rese dodaju moderan i elegantan zavr\u0161etak, pobolj\u0161avaju\u0107i eleganciju otomana; Ova kombinacija materijala i dizajna stvara proizvod koji je i estetski ugodan i udoban.<\/li>\n<li>Svestran u funkciji \u2013 S visinom od 40 cm, ovaj otoman slu\u017ei dvostrukoj ulozi kao udoban stolac za garderobu ili kao potporni oslonac za noge; Njegova \u010dvrsta konstrukcija i pli\u0161ana povr\u0161ina osiguravaju udobnost bez obzira sjedite li kako biste se presvukli ili odmarali noge, \u0161to ga \u010dini bitnim dodatkom svakom domu.<\/li>\n<li>Elegancija bez napora \u2013 Otoman je dizajniran za jednostavnu upotrebu, eliminiraju\u0107i potrebu za slo\u017eenom monta\u017eom; Jednostavno ga izvadite iz pakiranja, prebacite bar\u0161unastu navlaku preko pjene i ostavite 2-3 dana da se pjena vrati u ispravan oblik; Ovaj jednostavan pristup osigurava iskustvo bez muke, \u010dine\u0107i ga spremnim za upotrebu u bilo kojoj prostoriji va\u0161eg doma uz minimalan napor.<\/li>\n<\/ul>","protected":false},"featured_media":4847,"comment_status":"open","ping_status":"closed","template":"","meta":[],"product_brand":[],"product_cat":[228],"product_tag":[],"class_list":{"0":"post-4855","1":"product","2":"type-product","3":"status-publish","4":"has-post-thumbnail","6":"product_cat-cushions","8":"first","9":"instock","10":"shipping-taxable","11":"purchasable","12":"product-type-simple"},"_links":{"self":[{"href":"https:\/\/www.largepillow.com\/hr\/wp-json\/wp\/v2\/product\/4855","targetHints":{"allow":["GET"]}}],"collection":[{"href":"https:\/\/www.largepillow.com\/hr\/wp-json\/wp\/v2\/product"}],"about":[{"href":"https:\/\/www.largepillow.com\/hr\/wp-json\/wp\/v2\/types\/product"}],"replies":[{"embeddable":true,"href":"https:\/\/www.largepillow.com\/hr\/wp-json\/wp\/v2\/comments?post=4855"}],"wp:featuredmedia":[{"embeddable":true,"href":"https:\/\/www.largepillow.com\/hr\/wp-json\/wp\/v2\/media\/4847"}],"wp:attachment":[{"href":"https:\/\/www.largepillow.com\/hr\/wp-json\/wp\/v2\/media?parent=4855"}],"wp:term":[{"taxonomy":"product_brand","embeddable":true,"href":"https:\/\/www.largepillow.com\/hr\/wp-json\/wp\/v2\/product_brand?post=4855"},{"taxonomy":"product_cat","embeddable":true,"href":"https:\/\/www.largepillow.com\/hr\/wp-json\/wp\/v2\/product_cat?post=4855"},{"taxonomy":"product_tag","embeddable":true,"href":"https:\/\/www.largepillow.com\/hr\/wp-json\/wp\/v2\/product_tag?post=4855"}],"curies":[{"name":"wp","href":"https:\/\/api.w.org\/{rel}","templated":true}]}}