{"id":4881,"date":"2024-11-21T04:01:01","date_gmt":"2024-11-21T04:01:01","guid":{"rendered":"https:\/\/www.largepillow.com\/product\/versatile-fold-out-couch-chair-bed-for-home-outdoor"},"modified":"2024-12-13T02:58:30","modified_gmt":"2024-12-13T02:58:30","slug":"svestrana-sklopiva-kauc-na-razvlacenje-za-dom-i-vanjski-prostor","status":"publish","type":"product","link":"https:\/\/www.largepillow.com\/hr\/product\/versatile-fold-out-couch-chair-bed-for-home-outdoor","title":{"rendered":"Svestrana sklopiva sofa i fotelja na razvla\u010denje za dom\/vanjsku upotrebu"},"content":{"rendered":"[zc_getpagecontent mb=&#8221;mb_aplus&#8221; apid=&#8221;107&#8243;]\n","protected":false},"excerpt":{"rendered":"<ul>\n<li>Visokokvalitetni materijali: Na\u0161 sklopivi kau\u010d na razvla\u010denje izra\u0111en je od Oxford tkanine koja je izdr\u017eljiva, vodootporna i jednostavna za \u010di\u0161\u0107enje. Poliestersko punilo omogu\u0107uje vam osje\u0107aj uranjanja, pru\u017eaju\u0107i izvrsnu potporu le\u0111ima za dugotrajno sjedenje ili le\u017eanje, osiguravaju\u0107i udobno i opu\u0161taju\u0107e iskustvo.<\/li>\n<li>Svestran i prostorno \u0161tedljiv dizajn: Na\u0161 sklopivi kau\u010d se bez napora transformira izme\u0111u samostoje\u0107ih sofa, le\u017ealjke i kau\u010da na razvla\u010denje, zadovoljavaju\u0107i va\u0161e raznolike potrebe. Lagana i sklopiva fotelja na razvla\u010denje omogu\u0107uje jednostavno premje\u0161tanje, sklapanje, pohranu i prenosivost. Idealan je izbor za male stanove, spavaonice ili bilo koji \u017eivotni prostor s ograni\u010denim prostorom. Spajanjem funkcionalnosti sofe i madraca u jedan komad, mo\u017eete maksimalno iskoristiti svoj prostor bez kompromisa u pogledu udobnosti.<\/li>\n<li>Podesiv i siguran naslon: Podesivi naslon tako\u0111er omogu\u0107uje jednostavno pode\u0161avanje prema va\u0161im specifi\u010dnim \u017eeljama. Omogu\u0107uje vam pomicanje naprijed ili natrag kako biste poduprli gornji dio le\u0111a i glavu, pru\u017eaju\u0107i udobnu potporu bez obzira le\u017eite li i odmarate li se ili sjedite i \u010ditate. Poti\u010de zdravo dr\u017eanje i smanjuje nelagodu.<\/li>\n<li>Vrhunski materijali i jednostavna ugradnja: Vanjska navlaka kau\u010da na razvla\u010denje izra\u0111ena je od Oxford tkanine, \u0161to osigurava dugotrajnu udobnost. Navlaka s patentnim zatvara\u010dem lako se skida i periva, \u0161to pojednostavljuje odr\u017eavanje.<\/li>\n<li>Vakuumsko kompresijsko pakiranje: Kako bismo osigurali u\u010dinkovit transport, na\u0161a sofa na razvla\u010denje je vakuumski pakirana i mo\u017ee uzrokovati blagu deformaciju prilikom otvaranja. Mo\u017eete poku\u0161ati lagano tapkati sofu kako biste joj pomogli da brzo vrati svoj oblik. Budite uvjereni da \u0107e u roku od 48-72 sata nakon raspakiranja sofa na razvla\u010denje vratiti svoj izvorni oblik i pru\u017eiti najbolje iskustvo.<\/li>\n<\/ul>","protected":false},"featured_media":4866,"comment_status":"open","ping_status":"closed","template":"","meta":[],"product_brand":[],"product_cat":[228],"product_tag":[],"class_list":{"0":"post-4881","1":"product","2":"type-product","3":"status-publish","4":"has-post-thumbnail","6":"product_cat-cushions","8":"first","9":"outofstock","10":"shipping-taxable","11":"purchasable","12":"product-type-simple"},"_links":{"self":[{"href":"https:\/\/www.largepillow.com\/hr\/wp-json\/wp\/v2\/product\/4881","targetHints":{"allow":["GET"]}}],"collection":[{"href":"https:\/\/www.largepillow.com\/hr\/wp-json\/wp\/v2\/product"}],"about":[{"href":"https:\/\/www.largepillow.com\/hr\/wp-json\/wp\/v2\/types\/product"}],"replies":[{"embeddable":true,"href":"https:\/\/www.largepillow.com\/hr\/wp-json\/wp\/v2\/comments?post=4881"}],"wp:featuredmedia":[{"embeddable":true,"href":"https:\/\/www.largepillow.com\/hr\/wp-json\/wp\/v2\/media\/4866"}],"wp:attachment":[{"href":"https:\/\/www.largepillow.com\/hr\/wp-json\/wp\/v2\/media?parent=4881"}],"wp:term":[{"taxonomy":"product_brand","embeddable":true,"href":"https:\/\/www.largepillow.com\/hr\/wp-json\/wp\/v2\/product_brand?post=4881"},{"taxonomy":"product_cat","embeddable":true,"href":"https:\/\/www.largepillow.com\/hr\/wp-json\/wp\/v2\/product_cat?post=4881"},{"taxonomy":"product_tag","embeddable":true,"href":"https:\/\/www.largepillow.com\/hr\/wp-json\/wp\/v2\/product_tag?post=4881"}],"curies":[{"name":"wp","href":"https:\/\/api.w.org\/{rel}","templated":true}]}}