{"id":4896,"date":"2024-11-21T04:08:35","date_gmt":"2024-11-21T04:08:35","guid":{"rendered":"https:\/\/www.largepillow.com\/product\/large-shell-shaped-cat-couch-modern-cat-bed"},"modified":"2025-02-02T16:24:37","modified_gmt":"2025-02-02T16:24:37","slug":"veliki-kauc-za-macke-u-obliku-skoljke-moderni-krevet-za-macke","status":"publish","type":"product","link":"https:\/\/www.largepillow.com\/hr\/product\/large-shell-shaped-cat-couch-modern-cat-bed","title":{"rendered":"Veliki ma\u010dji kau\u010d u obliku \u0161koljke \u2013 moderni ma\u010dji krevet"},"content":{"rendered":"[zc_getpagecontent mb=&#8221;mb_aplus&#8221; apid=&#8221;100&#8243;]\n","protected":false},"excerpt":{"rendered":"<ul>\n<li>Dizajn inspiriran \u0161koljkom: Ovaj ma\u010dji krevet ima jedinstveni dizajn inspiriran \u0161koljkom koji ne samo da izgleda estetski ugodno, ve\u0107 i pru\u017ea ugodno i umiruju\u0107e okru\u017eenje za va\u0161u ma\u010dku.<\/li>\n<li>Otvoreno i poluzatvoreno: S otvorenim dizajnom koji omogu\u0107uje jednostavan pristup i izlazak, ma\u010dji krevet tako\u0111er nudi bo\u010dne \u0161titnike koji pru\u017eaju potrebnu privatnost i sigurnost za va\u0161u ma\u010dku. Ova kombinacija zadovoljava potrebe ma\u010daka za privatnim prostorom, a istovremeno omogu\u0107uje interakciju i promatranje vlasnika.<\/li>\n<li>Prostrana unutra\u0161njost: S dimenzijama 76 x 63 cm, predimenzionirani ma\u010dji krevet pru\u017ea dovoljno prostora za udoban odmor velikih ma\u010daka ili dvije ma\u010dke. Ova velikodu\u0161na veli\u010dina osigurava da se \u010dak i najve\u0107e ma\u010dke mogu ispru\u017eiti i opustiti bez osje\u0107aja sku\u010denosti.<\/li>\n<li>Udobni materijali: Unutra\u0161njost ma\u010djeg kreveta oblo\u017eena je mekim flisom za nje\u017ean dodir s ma\u010djom dlakom, a punjenje je od spu\u017eve za dodatnu udobnost i izdr\u017eljivost; Vanjski dio je izra\u0111en od prozra\u010dnog oksfordskog materijala, a dno ima protuklizni dizajn kako bi se osigurala sigurnost i udobnost tijekom kori\u0161tenja.<\/li>\n<li>Jednostavno \u010di\u0161\u0107enje i odr\u017eavanje: Uklonjivi jastuk ma\u010djeg kreveta olak\u0161ava \u010di\u0161\u0107enje, poma\u017eu\u0107i u odr\u017eavanju higijene i svje\u017eine kreveta. Ovaj dizajn pojednostavljuje odr\u017eavanje ma\u010djeg kreveta i produ\u017euje njegov vijek trajanja.<\/li>\n<\/ul>","protected":false},"featured_media":4882,"comment_status":"open","ping_status":"closed","template":"","meta":[],"product_brand":[],"product_cat":[227],"product_tag":[],"class_list":{"0":"post-4896","1":"product","2":"type-product","3":"status-publish","4":"has-post-thumbnail","6":"product_cat-pet-supplies","8":"first","9":"instock","10":"shipping-taxable","11":"purchasable","12":"product-type-variable","13":"has-default-attributes"},"_links":{"self":[{"href":"https:\/\/www.largepillow.com\/hr\/wp-json\/wp\/v2\/product\/4896","targetHints":{"allow":["GET"]}}],"collection":[{"href":"https:\/\/www.largepillow.com\/hr\/wp-json\/wp\/v2\/product"}],"about":[{"href":"https:\/\/www.largepillow.com\/hr\/wp-json\/wp\/v2\/types\/product"}],"replies":[{"embeddable":true,"href":"https:\/\/www.largepillow.com\/hr\/wp-json\/wp\/v2\/comments?post=4896"}],"wp:featuredmedia":[{"embeddable":true,"href":"https:\/\/www.largepillow.com\/hr\/wp-json\/wp\/v2\/media\/4882"}],"wp:attachment":[{"href":"https:\/\/www.largepillow.com\/hr\/wp-json\/wp\/v2\/media?parent=4896"}],"wp:term":[{"taxonomy":"product_brand","embeddable":true,"href":"https:\/\/www.largepillow.com\/hr\/wp-json\/wp\/v2\/product_brand?post=4896"},{"taxonomy":"product_cat","embeddable":true,"href":"https:\/\/www.largepillow.com\/hr\/wp-json\/wp\/v2\/product_cat?post=4896"},{"taxonomy":"product_tag","embeddable":true,"href":"https:\/\/www.largepillow.com\/hr\/wp-json\/wp\/v2\/product_tag?post=4896"}],"curies":[{"name":"wp","href":"https:\/\/api.w.org\/{rel}","templated":true}]}}