{"id":512,"date":"2022-09-16T02:23:30","date_gmt":"2022-09-16T02:23:30","guid":{"rendered":"https:\/\/www.largepillow.com\/product\/large-bed-pillow"},"modified":"2025-11-05T02:15:31","modified_gmt":"2025-11-05T02:15:31","slug":"veliki-jastuk-za-krevet-s-klinom","status":"publish","type":"product","link":"https:\/\/www.largepillow.com\/hr\/product\/large-bed-wedge-pillow\/","title":{"rendered":"Veliki jastuk za krevet"},"content":{"rendered":"<p>Rje\u0161enje za vrhunsku udobnost: Na\u0161 veliki jastuk za krevet s klinom<\/p>\n<p>Prepustite se neusporedivoj udobnosti s na\u0161im revolucionarnim velikim jastukom za krevet, dizajniranim da pru\u017ei vrhunsku potporu i opu\u0161tanje za svaku va\u0161u potrebu. Njegov trokutasti oblik savr\u0161eno se prilago\u0111ava va\u0161im le\u0111ima i struku, ubla\u017eavaju\u0107i pritisak na lumbalni dio i le\u0111a, osiguravaju\u0107i bla\u017een no\u0107ni san ili ugodno \u010ditanje.<\/p>\n<p>Svestrani 3-u-1 jastuk za vrhunsku prakti\u010dnost<\/p>\n<p>Ovaj svestrani jastuk nudi beskrajne mogu\u0107nosti: koristite ga uspravno kao potporu za uzglavlje za udobno sjedenje u krevetu, polo\u017eite ga ravno kao veliki klinasti jastuk za spavanje na boku ili le\u0111ima ili podignite noge na\u0161im ergonomskim jastukom za noge. Bilo da ste strastveni \u010ditatelj, no\u0107na ptica ili jednostavno u\u017eivate u opu\u0161tanju u krevetu, ovaj jastuk je savr\u0161en pratitelj.<\/p>\n<p>Iznimna izrada za neusporedivu udobnost<\/p>\n<p>Na\u0161a ultra mekana i pli\u0161ana jastu\u010dnica izra\u0111ena je od 100% poliesterskog bar\u0161una, koji pru\u017ea elegantan i privla\u010dan dodir. Podstava od poliesterskih vlakana visoke gusto\u0107e osigurava optimalnu potporu i sprje\u010dava savijanje, \u0161to ovaj jastuk \u010dini dugotrajnom investicijom u va\u0161u udobnost. Osim toga, prakti\u010dni bo\u010dni d\u017eepovi dr\u017ee va\u0161u knjigu ili telefon nadohvat ruke.<\/p>\n<p>Jednostavno odr\u017eavanje za dugotrajnu svje\u017einu<\/p>\n<p>Odr\u017eavanje jastuka ne mo\u017ee biti lak\u0161e. Uklonjiva jastu\u010dnica ima jednostavno pri\u010dvr\u0161\u0107ivanje patentnim zatvara\u010dem i gumbima, \u0161to vam omogu\u0107uje da je bez napora operete u perilici rublja, odr\u017eavaju\u0107i je besprijekornom.<\/p>\n<p>Iskustva kupaca govore mnogo<\/p>\n<p>\u201cOvaj jastuk mijenja sve! Pru\u017ea nevjerojatnu potporu za donji dio le\u0111a i \u010dini \u010ditanje u krevetu puno ugodnijim.\u201d \u2013 Zadovoljni kupac<\/p>\n<p>\u201cSvi\u0111a mi se \u0161to ga mogu koristiti na vi\u0161e na\u010dina. Savr\u0161en je kao jastuk za uzglavlje ili kao podloga za noge. Preporu\u010dujem!\u201d \u2013 Odu\u0161evljena korisnica<\/p>\n<p>Dostupno u \u0161irokom rasponu veli\u010dina kako bismo zadovoljili va\u0161e potrebe<\/p>\n<p>Odaberite iz na\u0161eg \u0161irokog izbora veli\u010dina kako biste prona\u0161li savr\u0161enu veli\u010dinu za svoj krevet ili sofu:<\/p>\n<p>* 45 cm (D45 x \u016020 x V50 | 0 gumba)<br \/>\n* 60 cm (D60 x \u016020 x V50 | 0 gumba)<br \/>\n* 80 cm (D80 x \u016020 x V50 | 2 gumba)<br \/>\n* 100 cm (D100 x \u016020 x V50 | 3 gumba)<br \/>\n* 120 cm (D120 x \u016020 x V50 | 4 gumba)<br \/>\n* 140 cm (D140 x \u016020 x V50 | 4 gumba)<br \/>\n* 160 cm (D160 x \u016020 x V50 | 5 gumba)<br \/>\n* 180 cm (D180 x \u016020 x V50 | 6 gumba)<br \/>\n* 200 cm (D200 x \u016020 x V50 | 7 gumba)<\/p>\n<p>Podignite svoju udobnost na vi\u0161u razinu s na\u0161im velikim jastukom za krevet s klinovima ve\u0107 danas!<\/p>","protected":false},"excerpt":{"rendered":"<ul>\n<li><strong>Vrhunska udobnost:<\/strong> Ovaj jastuk za uzglavlje nudi izvrsnu udobnost zahvaljuju\u0107i svom trokutastom obliku. Jastuk za potporu kreveta lijepo pristaje le\u0111ima i struku, smanjuju\u0107i pritisak na lumbalni dio\/le\u0111a. Ovaj klinasti jastuk za \u010ditanje mo\u017ee vam pomo\u0107i da ostanete bez napetosti u krevetu ili na kau\u010du, \u0161to je idealno za no\u0107ne ptice, knji\u0161ke moljke i gledanje televizije u krevetu. Ovaj ekstra veliki jastuk za podupiranje jedini je klinasti jastuk za uzglavlje koji mo\u017ee primiti dvije osobe.<\/li>\n<li><strong>Veliki jastuk za podupiranje 3 u 1:<\/strong> Jastuk mo\u017eete koristiti uspravno kao jastuk za uzglavlje kreveta za sjedenje u krevetu ili ga polo\u017eiti ravno na krevet kako biste ga koristili kao veliki klinasti jastuk kada spavate na le\u0111ima ili boku, ili kao jastuk za noge za podizanje nogu. Ako \u017eelite veliki jastuk za uzglavlje koji pru\u017ea potporu i vama i va\u0161em supru\u017eniku, to je izvrsna alternativa.<\/li>\n<li><strong>Vi\u0161enamjenski dizajn:<\/strong> Neki ljudi koriste veliki trokutasti jastuk kao jastuk za uzglavlje kreveta, dok ga drugi koriste kao jastuk za odbojnik, a mo\u017ee biti i jastuk za naslon kau\u010da ili dnevnog le\u017eaja. Elegantan je i funkcionalan, \u0161to ga \u010dini izvrsnim dodatkom svakoj spava\u0107oj sobi.<\/li>\n<li><strong>Vrhunska izrada:<\/strong> Na\u0161a jastu\u010dnica izra\u0111ena je od 100% poliesterskog bar\u0161una, koji je mekan, elegantan i ugodan na dodir. Podstava je izra\u0111ena od visokokvalitetnih poliesterskih vlakana visoke gusto\u0107e, koja sprje\u010davaju savijanje \u010dak i nakon vi\u0161emjese\u010dne upotrebe. Osim toga, dolazi s bo\u010dnim d\u017eepovima za va\u0161u knjigu ili telefon.<\/li>\n<li><strong>Jednostavno za \u010di\u0161\u0107enje:<\/strong> Navlaka za jastuk za \u010ditanje pri\u010dvr\u0161\u0107ena je na jastuk gumbima i lako se skida jednostavnim patentnim zatvara\u010dem. To olak\u0161ava \u010di\u0161\u0107enje. Samo skinite navlaku i brzo operite u perilici rublja kako bi va\u0161 jastuk izgledao kao nov.<\/li>\n<li><strong>Veli\u010dina:<\/strong> 45 cm (D45 x \u016020 x V50 | 0 gumba), 60 cm (D60 x \u016020 x V50 | 0 gumba), 80 cm (D80 x \u016020 x V50 | 2 gumba), 100 cm (D100 x \u016020 x V50 | 3 gumba), 120 cm (D120 x \u016020 x V50 | 4 gumba), 140 cm (D140 x \u016020 x V50 | 4 gumba), 160 cm (D160 x \u016020 x V50 | 5 gumba), 180 cm (D180 x \u016020 x V50 | 6 gumba), 200 cm (D200 x \u016020 x V50 | 7 gumba).<\/li>\n<\/ul>","protected":false},"featured_media":498,"comment_status":"open","ping_status":"closed","template":"","meta":[],"product_brand":[],"product_cat":[15],"product_tag":[205,204,206,207,168,203,132,199,163,68],"class_list":{"0":"post-512","1":"product","2":"type-product","3":"status-publish","4":"has-post-thumbnail","6":"product_cat-large-wedge-pillow","7":"product_tag-back-support-headboard-pillow","8":"product_tag-bed-support-cushion","9":"product_tag-bumper-pillow","10":"product_tag-daybed-backrest-bolster-pillow","11":"product_tag-headboard-pillow","12":"product_tag-large-bed-wedge-pillow","13":"product_tag-large-bolster-pillow","14":"product_tag-large-wedge-pillow","15":"product_tag-leg-pillow","16":"product_tag-wedge-reading-pillow","18":"first","19":"instock","20":"shipping-taxable","21":"purchasable","22":"product-type-variable"},"_links":{"self":[{"href":"https:\/\/www.largepillow.com\/hr\/wp-json\/wp\/v2\/product\/512","targetHints":{"allow":["GET"]}}],"collection":[{"href":"https:\/\/www.largepillow.com\/hr\/wp-json\/wp\/v2\/product"}],"about":[{"href":"https:\/\/www.largepillow.com\/hr\/wp-json\/wp\/v2\/types\/product"}],"replies":[{"embeddable":true,"href":"https:\/\/www.largepillow.com\/hr\/wp-json\/wp\/v2\/comments?post=512"}],"wp:featuredmedia":[{"embeddable":true,"href":"https:\/\/www.largepillow.com\/hr\/wp-json\/wp\/v2\/media\/498"}],"wp:attachment":[{"href":"https:\/\/www.largepillow.com\/hr\/wp-json\/wp\/v2\/media?parent=512"}],"wp:term":[{"taxonomy":"product_brand","embeddable":true,"href":"https:\/\/www.largepillow.com\/hr\/wp-json\/wp\/v2\/product_brand?post=512"},{"taxonomy":"product_cat","embeddable":true,"href":"https:\/\/www.largepillow.com\/hr\/wp-json\/wp\/v2\/product_cat?post=512"},{"taxonomy":"product_tag","embeddable":true,"href":"https:\/\/www.largepillow.com\/hr\/wp-json\/wp\/v2\/product_tag?post=512"}],"curies":[{"name":"radni list","href":"https:\/\/api.w.org\/{rel}","templated":true}]}}