{"id":5237,"date":"2024-12-12T12:30:19","date_gmt":"2024-12-12T12:30:19","guid":{"rendered":"https:\/\/www.largepillow.com\/product\/cute-seashell-bean-bag-chair-for-teens-and-adults"},"modified":"2024-12-13T02:58:31","modified_gmt":"2024-12-13T02:58:31","slug":"slatka-vreca-za-sjedenje-u-obliku-skoljke-za-tinejdzere-i-odrasle","status":"publish","type":"product","link":"https:\/\/www.largepillow.com\/hr\/product\/cute-seashell-bean-bag-chair-for-teens-and-adults","title":{"rendered":"Slatka vre\u0107a za sjedenje u obliku \u0161koljke za tinejd\u017eere i odrasle"},"content":{"rendered":"[zc_getpagecontent mb=&#8221;mb_aplus&#8221; apid=&#8221;109&#8243;]\n","protected":false},"excerpt":{"rendered":"<ul>\n<li>Dizajn inspiriran \u0161koljkama \u2013 Izra\u0111ena s jedinstvenim dizajnom \u0161koljki, na\u0161a vre\u0107a za \u010ditanje prekrasan je spoj forme i funkcije. Njezin otvor od 120 stupnjeva opona\u0161a prirodnu krivulju \u0161koljke, pru\u017eaju\u0107i ugodan zagrljaj za opu\u0161tanje; \u017eivahna zelena navlaka evocira bit oceana, dok jastuci u obliku polu\u0161koljke i bisera dodaju da\u0161ak obalnog \u0161arma, \u0161to je \u010dini savr\u0161enim sredi\u0161njim dijelom svake sobe ure\u0111ene u obalnom stilu.<\/li>\n<li>Za djevoj\u010dice i \u017eene \u2013 Dizajnirana s elegancijom \u017eena i razigrano\u0161\u0107u djevoj\u010dica na umu, ova podna fotelja nudi svestranu mogu\u0107nost sjedenja koja privla\u010di sve uzraste; Njena mekana i privla\u010dna priroda savr\u0161ena je za spava\u0107u sobu tinejd\u017eerice.<\/li>\n<li>Dekor za pla\u017eu za dom \u2013 Prigrlite \u017eivotni stil na pla\u017ei s na\u0161om le\u017ealjkom s temom pla\u017ee i oceana. To nije samo sjedalo, ve\u0107 upe\u010datljiv komad koji unosi spokoj mora u zatvoreni prostor; Dizajn je inspiriran prirodnom ljepotom oceana, s paletom boja koja odra\u017eava bujno zelenilo morskih biljaka i netaknutu bjelinu oceanskih bisera.<\/li>\n<li>Uto\u010di\u0161te za \u010ditanje \u2013 Savr\u0161eno za \u010ditanje i opu\u0161tanje u zatvorenom prostoru, ovo sjedi\u0161te za dnevni boravak nudi ugodan kutak koji vas poti\u010de da usporite i opustite se. Utonite u njegov meki zagrljaj s dobrom knjigom ili jednostavno u\u017eivate u miru. Njegova velika veli\u010dina i udoban dizajn \u010dine ga idealnim mjestom za sklup\u010danje i prepu\u0161tanje mislima, pru\u017eaju\u0107i savr\u0161enu ravnote\u017eu potpore i udobnosti za opu\u0161teno poslijepodne kod ku\u0107e.<\/li>\n<li>Udobnost s jastu\u010di\u0107ima \u2013 Dimenzija 112 x 102 x 76 cm, na\u0161a udobna fotelja je prostrana kako bi udobno smjestila i djecu i odrasle. Ispunjena visokokvalitetnim PP pamukom, nudi mekano i potporno iskustvo sjedenja koje prati oblik va\u0161eg tijela, osiguravaju\u0107i maksimalnu udobnost tijekom dugih sesija \u010ditanja ili lijenog vikend izle\u017eavanja. Izdr\u017eljiva i jednostavna za \u010di\u0161\u0107enje navlaka nije samo elegantna ve\u0107 i prakti\u010dna, \u0161to je \u010dini pametnim izborom za svaki dom.<\/li>\n<\/ul>","protected":false},"featured_media":5229,"comment_status":"open","ping_status":"closed","template":"","meta":[],"product_brand":[],"product_cat":[228],"product_tag":[],"class_list":{"0":"post-5237","1":"product","2":"type-product","3":"status-publish","4":"has-post-thumbnail","6":"product_cat-cushions","8":"first","9":"instock","10":"sale","11":"shipping-taxable","12":"purchasable","13":"product-type-simple"},"_links":{"self":[{"href":"https:\/\/www.largepillow.com\/hr\/wp-json\/wp\/v2\/product\/5237","targetHints":{"allow":["GET"]}}],"collection":[{"href":"https:\/\/www.largepillow.com\/hr\/wp-json\/wp\/v2\/product"}],"about":[{"href":"https:\/\/www.largepillow.com\/hr\/wp-json\/wp\/v2\/types\/product"}],"replies":[{"embeddable":true,"href":"https:\/\/www.largepillow.com\/hr\/wp-json\/wp\/v2\/comments?post=5237"}],"wp:featuredmedia":[{"embeddable":true,"href":"https:\/\/www.largepillow.com\/hr\/wp-json\/wp\/v2\/media\/5229"}],"wp:attachment":[{"href":"https:\/\/www.largepillow.com\/hr\/wp-json\/wp\/v2\/media?parent=5237"}],"wp:term":[{"taxonomy":"product_brand","embeddable":true,"href":"https:\/\/www.largepillow.com\/hr\/wp-json\/wp\/v2\/product_brand?post=5237"},{"taxonomy":"product_cat","embeddable":true,"href":"https:\/\/www.largepillow.com\/hr\/wp-json\/wp\/v2\/product_cat?post=5237"},{"taxonomy":"product_tag","embeddable":true,"href":"https:\/\/www.largepillow.com\/hr\/wp-json\/wp\/v2\/product_tag?post=5237"}],"curies":[{"name":"wp","href":"https:\/\/api.w.org\/{rel}","templated":true}]}}