{"id":5650,"date":"2025-01-07T02:24:23","date_gmt":"2025-01-07T02:24:23","guid":{"rendered":"https:\/\/www.largepillow.com\/product\/large-cuddly-stuffed-animal-toy-big-teddy-bear-soft-bear-pink"},"modified":"2025-10-16T01:37:17","modified_gmt":"2025-10-16T01:37:17","slug":"velika-plisana-igracka-veliki-medvjedic-mekani-medvjedic-ruzicasti","status":"publish","type":"product","link":"https:\/\/www.largepillow.com\/hr\/product\/large-cuddly-stuffed-animal-toy-big-teddy-bear-soft-bear-pink","title":{"rendered":"Velika pli\u0161ana igra\u010dka veliki medvjedi\u0107 mekani medvjedi\u0107 ru\u017ei\u010daste boje"},"content":{"rendered":"[zc_getpagecontent mb=&#8221;mb_aplus&#8221; apid=&#8221;15&#8243;]\n","protected":false},"excerpt":{"rendered":"<ul>\n<li>Na\u0161i medvjedi\u0107i su pune veli\u010dine i dovoljno napunjeni, mo\u017eemo biti sigurni da je artikl koji primite isti kao na slikama; Na\u0161 visokokvalitetni medvjedi\u0107i idealan je poklon za voljene osobe i vrlo popularan kao poklon za blagdane poput Bo\u017ei\u0107a i Valentinova.<\/li>\n<li>Divovski pli\u0161ani medvjedi\u0107 od ultra mekog pli\u0161anog materijala, vrlo pahuljast, sklizak na dodir, \u0161to ga \u010dini super udobnim za grljenje i ma\u017eenje.<\/li>\n<li>Ogroman pli\u0161ani medvjedi\u0107 od 92 cm (3 ft. 36\u2033) dizajniran je s patentnim zatvara\u010dem otpornim na djecu na stra\u017enjoj strani, \u0161to ga \u010dini sigurnim i jednostavnim za pranje.<\/li>\n<li>Ovaj veliki pli\u0161ani medvjedi\u0107 komprimiran je u paket manji od svoje stvarne veli\u010dine, brzo se \u0161iri do visine od 90 cm nakon \u0161to se ukloni vre\u0107ica za pakiranje.<\/li>\n<li>Savr\u0161eni pli\u0161ani medvjedi\u0107 za grljenje i ma\u017eenje. Ovaj slatki medvjedi\u0107 mo\u017ee vas pratiti dok \u010ditate knjige, gledate televiziju i zabavljate se. Mo\u017ee biti dobar suputnik! Slatka pli\u0161ana igra\u010dka brzo \u0107e postati omiljeni pratitelj i mladima i starima.<\/li>\n<li>Medvjedi\u0107 je toliko \u0161armantan da \u0107e ukrasiti spava\u0107u sobu ili igraonicu. Mo\u017eete se sklup\u010dati uz ovog medvjedi\u0107a kao uz mekani jastuk. Djeca se mogu igrati s ovim medvjedi\u0107em, \u0161to tako\u0111er mo\u017ee biti vrlo zanimljivo vrijeme za obiteljsku zabavu.<\/li>\n<li>Idealan je izbor za bebe, djecu ili prijatelje. Bit \u0107e to najbolji poklon za posebne dane poput Dana zahvalnosti, Valentinova, Bo\u017ei\u0107a, ro\u0111endana ili bilo koje godi\u0161njice.<\/li>\n<li>Ovaj pli\u0161ani medvjedi\u0107 je vrlo mekan na dodir. Gumbi\u0107i u obliku o\u010diju su vrlo \u010dvrsti. Pli\u0161 i punjenje su visoke kvalitete.<\/li>\n<li>Pli\u0161 i podloga su dobre kvalitete. Svi medvjedi\u0107i se \u0161alju nakon stroge kontrole kvalitete. Pli\u0161 pregledava ovla\u0161tena struktura za kontrolu kvalitete i dobiva CE certifikat.<\/li>\n<\/ul>","protected":false},"featured_media":5628,"comment_status":"open","ping_status":"closed","template":"","meta":[],"product_brand":[],"product_cat":[235],"product_tag":[],"class_list":{"0":"post-5650","1":"product","2":"type-product","3":"status-publish","4":"has-post-thumbnail","6":"product_cat-plush-toys","8":"first","9":"instock","10":"shipping-taxable","11":"purchasable","12":"product-type-simple"},"_links":{"self":[{"href":"https:\/\/www.largepillow.com\/hr\/wp-json\/wp\/v2\/product\/5650","targetHints":{"allow":["GET"]}}],"collection":[{"href":"https:\/\/www.largepillow.com\/hr\/wp-json\/wp\/v2\/product"}],"about":[{"href":"https:\/\/www.largepillow.com\/hr\/wp-json\/wp\/v2\/types\/product"}],"replies":[{"embeddable":true,"href":"https:\/\/www.largepillow.com\/hr\/wp-json\/wp\/v2\/comments?post=5650"}],"wp:featuredmedia":[{"embeddable":true,"href":"https:\/\/www.largepillow.com\/hr\/wp-json\/wp\/v2\/media\/5628"}],"wp:attachment":[{"href":"https:\/\/www.largepillow.com\/hr\/wp-json\/wp\/v2\/media?parent=5650"}],"wp:term":[{"taxonomy":"product_brand","embeddable":true,"href":"https:\/\/www.largepillow.com\/hr\/wp-json\/wp\/v2\/product_brand?post=5650"},{"taxonomy":"product_cat","embeddable":true,"href":"https:\/\/www.largepillow.com\/hr\/wp-json\/wp\/v2\/product_cat?post=5650"},{"taxonomy":"product_tag","embeddable":true,"href":"https:\/\/www.largepillow.com\/hr\/wp-json\/wp\/v2\/product_tag?post=5650"}],"curies":[{"name":"wp","href":"https:\/\/api.w.org\/{rel}","templated":true}]}}