{"id":5691,"date":"2025-01-09T03:00:25","date_gmt":"2025-01-09T03:00:25","guid":{"rendered":"https:\/\/www.largepillow.com\/product\/soft-small-teddy-bear-birthday-gift-cuddly-stuffed-animal-toy-pink"},"modified":"2025-10-16T01:37:17","modified_gmt":"2025-10-16T01:37:17","slug":"mekani-mali-plisani-medvjedic-rodendanski-poklon-plisana-igracka-ruzicasta","status":"publish","type":"product","link":"https:\/\/www.largepillow.com\/hr\/product\/soft-small-teddy-bear-birthday-gift-cuddly-stuffed-animal-toy-pink","title":{"rendered":"Mekani mali pli\u0161ani medvjedi\u0107 za ro\u0111endanski poklon, ru\u017ei\u010dasta pli\u0161ana igra\u010dka"},"content":{"rendered":"[zc_getpagecontent mb=&#8221;mb_aplus&#8221; apid=&#8221;15&#8243;]\n","protected":false},"excerpt":{"rendered":"<ul>\n<li>Na\u0161i medvjedi\u0107i su pune veli\u010dine i dovoljno napunjeni, mo\u017eemo biti sigurni da je artikl koji primite isti kao na slikama; Na\u0161 visokokvalitetni medvjedi\u0107i idealan je poklon za voljene osobe i vrlo popularan kao poklon za blagdane poput Bo\u017ei\u0107a i Valentinova.<\/li>\n<li>Divovski pli\u0161ani medvjedi\u0107 od ultra mekog pli\u0161anog materijala, vrlo pahuljast, sklizak na dodir, \u0161to ga \u010dini super udobnim za grljenje i ma\u017eenje.<\/li>\n<li>Ogroman pli\u0161ani medvjedi\u0107 od 25 cm (10&quot;) dizajniran je s patentnim zatvara\u010dem otpornim na djecu na stra\u017enjoj strani, \u0161to ga \u010dini sigurnim i jednostavnim za pranje.<\/li>\n<li>Ovaj pli\u0161ani medvjedi\u0107 je komprimiran u paket manji od svoje stvarne veli\u010dine, brzo se \u0161iri nakon \u0161to se vre\u0107ica ukloni.<\/li>\n<li>Savr\u0161eni pli\u0161ani medvjedi\u0107 za grljenje i ma\u017eenje. Ovaj slatki medvjedi\u0107 mo\u017ee vas pratiti dok \u010ditate knjige, gledate televiziju i zabavljate se. Mo\u017ee biti dobar suputnik! Slatka pli\u0161ana igra\u010dka brzo \u0107e postati omiljeni pratitelj i mladima i starima.<\/li>\n<li>Medvjedi\u0107 je toliko \u0161armantan da \u0107e ukrasiti spava\u0107u sobu ili igraonicu. Mo\u017eete se sklup\u010dati uz ovog medvjedi\u0107a kao uz mekani jastuk. Djeca se mogu igrati s ovim medvjedi\u0107em, \u0161to tako\u0111er mo\u017ee biti vrlo zanimljivo vrijeme za obiteljsku zabavu.<\/li>\n<li>Idealan je izbor za bebe, djecu ili prijatelje. Bit \u0107e to najbolji poklon za posebne dane poput Dana zahvalnosti, Valentinova, Bo\u017ei\u0107a, ro\u0111endana ili bilo koje godi\u0161njice.<\/li>\n<li>Ovaj pli\u0161ani medvjedi\u0107 je vrlo mekan na dodir. Gumbi\u0107i u obliku o\u010diju su vrlo \u010dvrsti. Pli\u0161 i punjenje su visoke kvalitete.<\/li>\n<li>Pli\u0161 i podloga su dobre kvalitete. Svi medvjedi\u0107i se \u0161alju nakon stroge kontrole kvalitete. Pli\u0161 pregledava ovla\u0161tena struktura za kontrolu kvalitete i dobiva CE certifikat.<\/li>\n<\/ul>","protected":false},"featured_media":5674,"comment_status":"open","ping_status":"closed","template":"","meta":[],"product_brand":[],"product_cat":[235],"product_tag":[],"class_list":{"0":"post-5691","1":"product","2":"type-product","3":"status-publish","4":"has-post-thumbnail","6":"product_cat-plush-toys","8":"first","9":"outofstock","10":"shipping-taxable","11":"purchasable","12":"product-type-simple"},"_links":{"self":[{"href":"https:\/\/www.largepillow.com\/hr\/wp-json\/wp\/v2\/product\/5691","targetHints":{"allow":["GET"]}}],"collection":[{"href":"https:\/\/www.largepillow.com\/hr\/wp-json\/wp\/v2\/product"}],"about":[{"href":"https:\/\/www.largepillow.com\/hr\/wp-json\/wp\/v2\/types\/product"}],"replies":[{"embeddable":true,"href":"https:\/\/www.largepillow.com\/hr\/wp-json\/wp\/v2\/comments?post=5691"}],"wp:featuredmedia":[{"embeddable":true,"href":"https:\/\/www.largepillow.com\/hr\/wp-json\/wp\/v2\/media\/5674"}],"wp:attachment":[{"href":"https:\/\/www.largepillow.com\/hr\/wp-json\/wp\/v2\/media?parent=5691"}],"wp:term":[{"taxonomy":"product_brand","embeddable":true,"href":"https:\/\/www.largepillow.com\/hr\/wp-json\/wp\/v2\/product_brand?post=5691"},{"taxonomy":"product_cat","embeddable":true,"href":"https:\/\/www.largepillow.com\/hr\/wp-json\/wp\/v2\/product_cat?post=5691"},{"taxonomy":"product_tag","embeddable":true,"href":"https:\/\/www.largepillow.com\/hr\/wp-json\/wp\/v2\/product_tag?post=5691"}],"curies":[{"name":"wp","href":"https:\/\/api.w.org\/{rel}","templated":true}]}}