{"id":614,"date":"2022-09-16T03:33:52","date_gmt":"2022-09-16T03:33:52","guid":{"rendered":"https:\/\/www.largepillow.com\/product\/bed-wedge-pillow-2"},"modified":"2026-04-11T08:10:25","modified_gmt":"2026-04-11T08:10:25","slug":"veliki-jastuk-za-naslon-kreveta","status":"publish","type":"product","link":"https:\/\/www.largepillow.com\/hr\/product\/large-back-pillow-for-bed","title":{"rendered":"Veliki jastuk za krevet"},"content":{"rendered":"<p>Do\u017eivite vrhunsku udobnost s na\u0161im vrhunskim velikim jastukom za naslon za krevet<\/p>\n<p>Prepustite se neusporedivoj udobnosti s na\u0161im luksuznim velikim jastukom za naslon, dizajniranim za pobolj\u0161anje va\u0161eg iskustva prije spavanja. Bilo da ste knji\u0161ki moljac izgubljen u pri\u010di, filmski entuzijast ili jednostavno tra\u017eite udoban naslon, na\u0161 jastuk za uzglavlje \u0107e vam pomo\u0107i.<\/p>\n<p>Svestran i multifunkcionalan<\/p>\n<p>Svestranost na\u0161eg jastuka za le\u017eanje ne poznaje granice. Koristite ga kao potporni naslon za \u010ditanje, dugi klinasti jastuk za dodatnu udobnost ili \u010dak kao jastuk za noge za umirivanje umornih mi\u0161i\u0107a. Njegov elegantan dizajn \u010dini ga dobrodo\u0161lim dodatkom ure\u0111enju svake spava\u0107e sobe.<\/p>\n<p>Vrhunski materijali, nepokolebljiva podr\u0161ka<\/p>\n<p>Izra\u0111ena od vrhunske mje\u0161avine poliestera i lana 100%, na\u0161a jastu\u010dnica ima isprepletenu teksturu i izvrsne \u0161avove koji odi\u0161u izdr\u017eljivo\u0161\u0107u. Podstava od visokokvalitetnih poliesterskih vlakana visoke gusto\u0107e osigurava iznimnu potporu, sprje\u010davaju\u0107i savijanje \u010dak i nakon dulje upotrebe.<\/p>\n<p>Jednostavno odr\u017eavanje<\/p>\n<p>Odr\u017eavanje besprijekornog stanja na\u0161eg jastuka za uzglavlje je lako. Jednostavno otkop\u010dajte navlaku jastuka pomo\u0107u patentnog zatvara\u010da i operite ga u perilici rublja za jednostavno \u010di\u0161\u0107enje. Jednostavno je tako!<\/p>\n<p>Prakti\u010dan d\u017eep za pohranu<\/p>\n<p>Nikad vi\u0161e ne izgubite daljinski upravlja\u010d! Na\u0161 jastuk za uzglavlje ima pametni bo\u010dni d\u017eep koji pru\u017ea sigurno i prakti\u010dno mjesto za pohranu va\u0161ih osnovnih stvari.<\/p>\n<p>Iskustva kupaca<\/p>\n<p>\u201eOvaj jastuk je nevjerojatno udoban! Koristim ga za \u010ditanje u krevetu i u\u010dinio je moju no\u0107nu rutinu puno ugodnijom.\u201c \u2013 Sarah J.<\/p>\n<p>\u201eObo\u017eavam svestranost ovog jastuka. Savr\u0161en je i za odmaranje i za spavanje. D\u017eep za pohranu je fantasti\u010dan bonus!\u201c \u2013 Emily B.<\/p>\n<p>Dostupne veli\u010dine<\/p>\n<p>Na\u0161 veliki jastuk za le\u0111a dolazi u raznim veli\u010dinama kako bi odgovarao va\u0161im potrebama:<\/p>\n<p>* 45 cm (D45 x \u016020 x V50)<br \/>\n* 60 cm (D60 x \u016020 x V50)<br \/>\n* 80 cm (D80 x \u016020 x V50)<br \/>\n* 100 cm (D100 x \u016020 x V50)<br \/>\n* 120 cm (D120 x \u016020 x V50)<br \/>\n* 140 cm (D140 x \u016020 x V50)<br \/>\n* 160 cm (D160 x \u016020 x V50)<br \/>\n* 180 cm (D180 x \u016020 x V50)<br \/>\n* 200 cm (D200 x \u016020 x V50)<\/p>\n<p>Pobolj\u0161ajte svoje iskustvo spavanja i odmaranja s na\u0161im velikim jastukom za krevet ve\u0107 danas. Naru\u010dite odmah i u\u017eivajte u vrhunskoj udobnosti!<\/p>","protected":false},"excerpt":{"rendered":"<ul>\n<li><strong>Vrhunska udobnost:<\/strong> Na\u0161 jastuk za uzglavlje dizajniran je kako bi vam pru\u017eio vrhunsku udobnost dok \u010ditate, gledate televiziju ili spavate. Savr\u0161en je za krevet, kau\u010d, dnevni le\u017eaj i jo\u0161 mnogo toga!<\/li>\n<li><strong>Vi\u0161enamjenski dizajn:<\/strong> Na\u0161 veliki jastuk za podupiranje mo\u017ee se koristiti na vi\u0161e na\u010dina - kao jastuk za \u010ditanje za potporu le\u0111ima, dugi klinasti jastuk ili jastuk za noge za podizanje nogu. Elegantnog je i funkcionalnog oblika, \u0161to ga \u010dini izvrsnim dodatkom svakoj spava\u0107oj sobi.<\/li>\n<li><strong>Vrhunski materijali:<\/strong> Na\u0161a jastu\u010dnica izra\u0111ena je od 100% poliestera s isprepletenom teksturom i prekrasnim \u0161avovima koji su \u010dvrsti sa svih strana. Podstava je izra\u0111ena od visokokvalitetnih poliesterskih vlakana visoke gusto\u0107e koja sprje\u010davaju savijanje \u010dak i nakon vi\u0161emjese\u010dne upotrebe.<\/li>\n<li><strong>Jednostavno za \u010di\u0161\u0107enje:<\/strong> Navlaka za uzglavlje kreveta pri\u010dvr\u0161\u0107ena je za jastuk gumbima i lako se skida jednostavnim patentnim zatvara\u010dem. Samo skinite navlaku i brzo operite u perilici rublja kako bi va\u0161 jastuk izgledao kao nov.<\/li>\n<li><strong>Savr\u0161en d\u017eep za pohranu:<\/strong> Na\u0161 jastuk za uzglavlje ima prakti\u010dan bo\u010dni d\u017eep, \u0161to osigurava da vi\u0161e nikada ne\u0107ete izgubiti daljinski upravlja\u010d.<\/li>\n<li><strong>Tkanina:<\/strong>\u00a0Mje\u0161avina poliestera i lana.<\/li>\n<li><strong>Veli\u010dina:<\/strong> 45 cm (D45 x \u016020 x V50 | 0 gumba), 60 cm (D60 x \u016020 x V50 | 0 gumba), 80 cm (D80 x \u016020 x V50 | 2 gumba), 100 cm (D100 x \u016020 x V50 | 3 gumba), 120 cm (D120 x \u016020 x V50 | 4 gumba), 140 cm (D140 x \u016020 x V50 | 4 gumba), 160 cm (D160 x \u016020 x V50 | 5 gumba), 180 cm (D180 x \u016020 x V50 | 6 gumba), 200 cm (D200 x \u016020 x V50 | 7 gumba).<\/li>\n<\/ul>","protected":false},"featured_media":600,"comment_status":"open","ping_status":"closed","template":"","meta":[],"product_brand":[],"product_cat":[15],"product_tag":[187,75,168,197,189,184,143,59,71,198],"class_list":{"0":"post-614","1":"product","2":"type-product","3":"status-publish","4":"has-post-thumbnail","6":"product_cat-large-wedge-pillow","7":"product_tag-back-support-reading-pillow","8":"product_tag-daybed-pillow","9":"product_tag-headboard-pillow","10":"product_tag-large-back-pillow-for-bed","11":"product_tag-linen-pillow","12":"product_tag-long-wedge-pillow","13":"product_tag-multifunctional-pillow","14":"product_tag-reading-pillow","15":"product_tag-tv-pillow","16":"product_tag-white-pillow","18":"first","19":"instock","20":"featured","21":"shipping-taxable","22":"purchasable","23":"product-type-variable"},"_links":{"self":[{"href":"https:\/\/www.largepillow.com\/hr\/wp-json\/wp\/v2\/product\/614","targetHints":{"allow":["GET"]}}],"collection":[{"href":"https:\/\/www.largepillow.com\/hr\/wp-json\/wp\/v2\/product"}],"about":[{"href":"https:\/\/www.largepillow.com\/hr\/wp-json\/wp\/v2\/types\/product"}],"replies":[{"embeddable":true,"href":"https:\/\/www.largepillow.com\/hr\/wp-json\/wp\/v2\/comments?post=614"}],"wp:featuredmedia":[{"embeddable":true,"href":"https:\/\/www.largepillow.com\/hr\/wp-json\/wp\/v2\/media\/600"}],"wp:attachment":[{"href":"https:\/\/www.largepillow.com\/hr\/wp-json\/wp\/v2\/media?parent=614"}],"wp:term":[{"taxonomy":"product_brand","embeddable":true,"href":"https:\/\/www.largepillow.com\/hr\/wp-json\/wp\/v2\/product_brand?post=614"},{"taxonomy":"product_cat","embeddable":true,"href":"https:\/\/www.largepillow.com\/hr\/wp-json\/wp\/v2\/product_cat?post=614"},{"taxonomy":"product_tag","embeddable":true,"href":"https:\/\/www.largepillow.com\/hr\/wp-json\/wp\/v2\/product_tag?post=614"}],"curies":[{"name":"wp","href":"https:\/\/api.w.org\/{rel}","templated":true}]}}