{"id":665,"date":"2022-09-16T03:51:40","date_gmt":"2022-09-16T03:51:40","guid":{"rendered":"https:\/\/www.largepillow.com\/product\/bed-wedge-cushion"},"modified":"2025-12-13T21:06:55","modified_gmt":"2025-12-13T21:06:55","slug":"jastuk-za-uzglavlje-kreveta-2","status":"publish","type":"product","link":"https:\/\/www.largepillow.com\/hr\/product\/bed-headboard-cushion","title":{"rendered":"Jastuk za uzglavlje kreveta"},"content":{"rendered":"<p>Na\u0161 jastuk za uzglavlje kreveta \u2013 va\u0161e vrhunsko rje\u0161enje za udobnost i prakti\u010dnost. Bez obzira \u010ditate li, gledate TV ili spavate, na\u0161 jastuk za uzglavlje dizajniran je kako bi pru\u017eio optimalnu udobnost i potporu va\u0161oj glavi, le\u0111ima i nogama.<\/p>\n<p>Izra\u0111ena od vrhunske mje\u0161avine poliestera i lana, na\u0161a jastu\u010dnica ima isprepletenu teksturu i izvrsne \u0161avove koji su \u010dvrsti i izdr\u017eljivi. Podstava je izra\u0111ena od visokokvalitetnih poliesterskih vlakana visoke gusto\u0107e koja sprje\u010davaju savijanje, \u010dak i nakon vi\u0161emjese\u010dne upotrebe.<\/p>\n<p>Na\u0161 veliki jastuk za sjedenje je vi\u0161enamjenski i mo\u017ee se koristiti kao jastuk za potporu le\u0111ima za \u010ditanje, dugi klinasti jastuk ili jastuk za noge za podizanje nogu. Elegantnog je i funkcionalnog oblika, \u0161to ga \u010dini izvrsnim dodatkom svakoj spava\u0107oj sobi.<\/p>\n<p>Jedna od omiljenih zna\u010dajki na\u0161ih kupaca je navlaka koja se lako \u010disti. Pri\u010dvr\u0161\u0107uje se gumbima i patentnim zatvara\u010dem, samo skinite navlaku i brzo operite u perilici rublja kako bi va\u0161 jastuk izgledao kao nov.<\/p>\n<p>Ali to nije sve \u2013 na\u0161 jastuk za uzglavlje tako\u0111er uklju\u010duje prakti\u010dan bo\u010dni d\u017eep za pohranu. Nikada vi\u0161e ne\u0107ete izgubiti daljinski upravlja\u010d!<\/p>\n<p>Nudimo razne veli\u010dine koje odgovaraju svakom krevetu \u2013 45 cm, 60 cm, 80 cm, 100 cm, 120 cm, 140 cm, 160 cm, 180 cm i 200 cm, sve s razli\u010ditim brojem gumba kako bi savr\u0161eno odgovarale okviru va\u0161eg kreveta.<\/p>\n<p>Jedan zadovoljni kupac je rekao: \u201cObo\u017eavam ovaj jastuk za uzglavlje kreveta. Materijal od pamuka i lana je mekan i udoban. Plava boja je prekrasna i savr\u0161eno se sla\u017ee s mojom posteljinom. Osim toga, bo\u010dni d\u017eep je jako prakti\u010dan za moj telefon i daljinski upravlja\u010d.\u201d<\/p>\n<p>Investirajte u svoju udobnost s na\u0161im jastukom za uzglavlje kreveta. Naru\u010dite odmah i pretvorite svoj krevet u ugodno uto\u010di\u0161te.<\/p>","protected":false},"excerpt":{"rendered":"<ul>\n<li><strong>Vrhunska udobnost:<\/strong> Na\u0161 jastuk za uzglavlje dizajniran je kako bi vam pru\u017eio vrhunsku udobnost dok \u010ditate, gledate televiziju ili spavate. Savr\u0161en je za krevet, kau\u010d, dnevni le\u017eaj i jo\u0161 mnogo toga!<\/li>\n<li><strong>Vi\u0161enamjenski dizajn:<\/strong> Na\u0161 veliki jastuk za podupiranje mo\u017ee se koristiti na vi\u0161e na\u010dina - kao jastuk za \u010ditanje za potporu le\u0111ima, dugi klinasti jastuk ili jastuk za noge za podizanje nogu. Elegantnog je i funkcionalnog oblika, \u0161to ga \u010dini izvrsnim dodatkom svakoj spava\u0107oj sobi.<\/li>\n<li><strong>Vrhunski materijali:<\/strong> Na\u0161a jastu\u010dnica izra\u0111ena je od 100% poliestera s isprepletenom teksturom i prekrasnim \u0161avovima koji su \u010dvrsti sa svih strana. Podstava je izra\u0111ena od visokokvalitetnih poliesterskih vlakana visoke gusto\u0107e koja sprje\u010davaju savijanje \u010dak i nakon vi\u0161emjese\u010dne upotrebe.<\/li>\n<li><strong>Jednostavno za \u010di\u0161\u0107enje:<\/strong> Navlaka za uzglavlje kreveta pri\u010dvr\u0161\u0107ena je za jastuk gumbima i lako se skida jednostavnim patentnim zatvara\u010dem. Samo skinite navlaku i brzo operite u perilici rublja kako bi va\u0161 jastuk izgledao kao nov.<\/li>\n<li><strong>Savr\u0161en d\u017eep za pohranu:<\/strong> Na\u0161 jastuk za uzglavlje ima prakti\u010dan bo\u010dni d\u017eep, \u0161to osigurava da vi\u0161e nikada ne\u0107ete izgubiti daljinski upravlja\u010d.<\/li>\n<li><strong>Tkanina:<\/strong>\u00a0Mje\u0161avina poliestera i lana.<\/li>\n<li><strong>Veli\u010dina:<\/strong> 45 cm (D45 x \u016020 x V50 | 0 gumba), 60 cm (D60 x \u016020 x V50 | 0 gumba), 80 cm (D80 x \u016020 x V50 | 2 gumba), 100 cm (D100 x \u016020 x V50 | 3 gumba), 120 cm (D120 x \u016020 x V50 | 4 gumba), 140 cm (D140 x \u016020 x V50 | 4 gumba), 160 cm (D160 x \u016020 x V50 | 5 gumba), 180 cm (D180 x \u016020 x V50 | 6 gumba), 200 cm (D200 x \u016020 x V50 | 7 gumba).<\/li>\n<\/ul>","protected":false},"featured_media":650,"comment_status":"open","ping_status":"closed","template":"","meta":[],"product_brand":[],"product_cat":[15],"product_tag":[193,194,75,192,191,189,143,59,71,167,68],"class_list":{"0":"post-665","1":"product","2":"type-product","3":"status-publish","4":"has-post-thumbnail","6":"product_cat-large-wedge-pillow","7":"product_tag-bed-headboard-cushion","8":"product_tag-blue-pillow","9":"product_tag-daybed-pillow","10":"product_tag-headboard-cushion","11":"product_tag-headboard-pillow-wedge","12":"product_tag-linen-pillow","13":"product_tag-multifunctional-pillow","14":"product_tag-reading-pillow","15":"product_tag-tv-pillow","16":"product_tag-wedge-bolster-pillow","17":"product_tag-wedge-reading-pillow","19":"first","20":"instock","21":"featured","22":"shipping-taxable","23":"purchasable","24":"product-type-variable"},"_links":{"self":[{"href":"https:\/\/www.largepillow.com\/hr\/wp-json\/wp\/v2\/product\/665","targetHints":{"allow":["GET"]}}],"collection":[{"href":"https:\/\/www.largepillow.com\/hr\/wp-json\/wp\/v2\/product"}],"about":[{"href":"https:\/\/www.largepillow.com\/hr\/wp-json\/wp\/v2\/types\/product"}],"replies":[{"embeddable":true,"href":"https:\/\/www.largepillow.com\/hr\/wp-json\/wp\/v2\/comments?post=665"}],"wp:featuredmedia":[{"embeddable":true,"href":"https:\/\/www.largepillow.com\/hr\/wp-json\/wp\/v2\/media\/650"}],"wp:attachment":[{"href":"https:\/\/www.largepillow.com\/hr\/wp-json\/wp\/v2\/media?parent=665"}],"wp:term":[{"taxonomy":"product_brand","embeddable":true,"href":"https:\/\/www.largepillow.com\/hr\/wp-json\/wp\/v2\/product_brand?post=665"},{"taxonomy":"product_cat","embeddable":true,"href":"https:\/\/www.largepillow.com\/hr\/wp-json\/wp\/v2\/product_cat?post=665"},{"taxonomy":"product_tag","embeddable":true,"href":"https:\/\/www.largepillow.com\/hr\/wp-json\/wp\/v2\/product_tag?post=665"}],"curies":[{"name":"wp","href":"https:\/\/api.w.org\/{rel}","templated":true}]}}