{"id":7330,"date":"2025-05-14T03:08:46","date_gmt":"2025-05-14T03:08:46","guid":{"rendered":"https:\/\/www.largepillow.com\/product\/back-support-reading-pillow-for-bed-headboard-cushion"},"modified":"2025-06-01T00:00:00","modified_gmt":"2025-06-01T00:00:00","slug":"jastuk-za-citanje-s-potporom-za-leda-za-uzglavlje-kreveta","status":"publish","type":"product","link":"https:\/\/www.largepillow.com\/hr\/product\/back-support-reading-pillow-for-bed-headboard-cushion","title":{"rendered":"Jastuk za \u010ditanje s potporom za le\u0111a za uzglavlje kreveta"},"content":{"rendered":"[zc_getpagecontent mb=&#8221;mb_aplus&#8221; apid=&#8221;125&#8243;]\n","protected":false},"excerpt":{"rendered":"<ul>\n<li>Vrhunska udobnost: Ovaj jastuk za uzglavlje dizajniran je kako bi vam pru\u017eio vrhunsku udobnost tijekom \u010ditanja, gledanja televizije ili spavanja. Namijenjen je za krevet, kau\u010d, dnevni le\u017eaj i jo\u0161 mnogo toga!<\/li>\n<li>Ovaj veliki trokutasti jastuk s izvrsnim dizajnom \u010dupavih gumba. Savjet za \u010di\u0161\u0107enje: Jastu\u010dnica je odvojiva i ima rupice za gumbe ispod svakog gumba, ali rupice za gumbe na plisiranoj tkanini su manje, \u0161to ote\u017eava zamjenu jastu\u010dnice.<\/li>\n<li>Vi\u0161enamjenski: Neki ljudi koriste jastuk za naslon kao uzglavlje, dok ga drugi koriste kao jastuk za odbojnik, a mo\u017ee biti i jastuk za kau\u010d, naslon dnevnog le\u017eaja ili kutni jastuk za sofu. Elegantnog je i funkcionalnog izgleda, \u0161to ga \u010dini izvrsnim dodatkom svakoj spava\u0107oj sobi.<\/li>\n<li>Visokokvalitetni materijal: \u0160koljka je izra\u0111ena od glatkog i mekog materijala, navlaka vi\u0161enamjenskog jastuka za le\u0111a dnevnog kreveta je prozra\u010dna, nje\u017ena na dodir i otporna na habanje; trokutasti ulo\u017eak za jastuk ispunjen je PP pamukom, dobrog odbijanja i mekanog, \u0161to je puno mek\u0161e od memorijske pjene.<\/li>\n<li>Bioni\u010dki klinasti jastuk: Ergonomski jastuk mo\u017ee podr\u017eati prirodnu zakrivljenost le\u0111a i osigurati optimalnu elevaciju gornjeg dijela tijela, poma\u017eu\u0107i u sprje\u010davanju mnogih zdravstvenih stanja. Tako\u0111er vam olak\u0161ava odmor dok \u010ditate ili igrate na ra\u010dunalu, ubla\u017eavaju\u0107i stres. Jastuk pru\u017ea izvrsnu potporu za le\u0111a i vrat, smanjuje stres u le\u0111ima i ramenima, pru\u017ea potporu i udobnost tijekom \u010ditanja i gledanja televizije.<\/li>\n<li>Veli\u010dina: Duljina 140 cm * \u0160irina 24 cm u podno\u017eju * Visina 50 cm<\/li>\n<\/ul>","protected":false},"featured_media":7324,"comment_status":"open","ping_status":"closed","template":"","meta":[],"product_brand":[],"product_cat":[15],"product_tag":[],"class_list":{"0":"post-7330","1":"product","2":"type-product","3":"status-publish","4":"has-post-thumbnail","6":"product_cat-large-wedge-pillow","8":"first","9":"instock","10":"shipping-taxable","11":"purchasable","12":"product-type-variable","13":"has-default-attributes"},"_links":{"self":[{"href":"https:\/\/www.largepillow.com\/hr\/wp-json\/wp\/v2\/product\/7330","targetHints":{"allow":["GET"]}}],"collection":[{"href":"https:\/\/www.largepillow.com\/hr\/wp-json\/wp\/v2\/product"}],"about":[{"href":"https:\/\/www.largepillow.com\/hr\/wp-json\/wp\/v2\/types\/product"}],"replies":[{"embeddable":true,"href":"https:\/\/www.largepillow.com\/hr\/wp-json\/wp\/v2\/comments?post=7330"}],"wp:featuredmedia":[{"embeddable":true,"href":"https:\/\/www.largepillow.com\/hr\/wp-json\/wp\/v2\/media\/7324"}],"wp:attachment":[{"href":"https:\/\/www.largepillow.com\/hr\/wp-json\/wp\/v2\/media?parent=7330"}],"wp:term":[{"taxonomy":"product_brand","embeddable":true,"href":"https:\/\/www.largepillow.com\/hr\/wp-json\/wp\/v2\/product_brand?post=7330"},{"taxonomy":"product_cat","embeddable":true,"href":"https:\/\/www.largepillow.com\/hr\/wp-json\/wp\/v2\/product_cat?post=7330"},{"taxonomy":"product_tag","embeddable":true,"href":"https:\/\/www.largepillow.com\/hr\/wp-json\/wp\/v2\/product_tag?post=7330"}],"curies":[{"name":"wp","href":"https:\/\/api.w.org\/{rel}","templated":true}]}}