{"id":7522,"date":"2025-05-19T02:05:08","date_gmt":"2025-05-19T02:05:08","guid":{"rendered":"https:\/\/www.largepillow.com\/product\/fun-clown-pillow-multi-functional-sofabed-support"},"modified":"2025-05-19T04:14:09","modified_gmt":"2025-05-19T04:14:09","slug":"zabavni-klaunovski-jastuk-visenamjenska-podrska-za-kauc-na-razvlacenje","status":"publish","type":"product","link":"https:\/\/www.largepillow.com\/hr\/product\/fun-clown-pillow-multi-functional-sofabed-support","title":{"rendered":"Zabavni jastuk s klaunom \u2013 vi\u0161enamjenska podr\u0161ka za sofu\/krevet"},"content":{"rendered":"","protected":false},"excerpt":{"rendered":"<ul>\n<li>Vi\u0161enamjenski dizajn: Ovaj svestrani jastuk vi\u0161e je od samog naslona - to je vi\u0161enamjenski alat za sve va\u0161e potrebe! Bilo da ga koristite kao udoban jastuk za krevet ili kau\u010d, zabavnu klaunovsku kapu za fotografiranje ili kao neobi\u010dan rekvizit za o\u017eivljavanje bilo koje zabave, bez napora se prilago\u0111ava va\u0161em raspolo\u017eenju i situaciji, \u0161to ga \u010dini savr\u0161enim dodatkom va\u0161em domu.<\/li>\n<li>Visokokvalitetni materijali: Izra\u0111en od vrhunske, ko\u017ei prijazne bar\u0161unaste tkanine i punjen visokokvalitetnim PP pamukom, ovaj jastuk pru\u017ea mekan, luksuzan osje\u0107aj, a istovremeno zadr\u017eava svoj oblik i udobnost tijekom vremena. Visoka elasti\u010dnost i izdr\u017eljiva konstrukcija osiguravaju dugotrajnu upotrebu, \u0161to ga \u010dini pouzdanim suputnikom za opu\u0161tanje i igru.<\/li>\n<li>Savr\u0161eno za opu\u0161tanje: Do\u017eivite vrhunsku udobnost jer ovaj jastuk podupire va\u0161 lumbalni dio, vrat i le\u0111a, \u0161to ga \u010dini idealnim za odmaranje, \u010ditanje ili drijemanje. Bilo da se opu\u0161tate na kraju dana ili u\u017eivate u trenutku odmora na krevetu ili kau\u010du, potporni dizajn pomo\u0107i \u0107e vam da se opustite i osje\u0107ate ugodno satima.<\/li>\n<li>Hirovit i zabavan: Ovaj jastuk nije samo funkcionalan \u2013 on je i zabavan! Svojim jedinstvenim dizajnom klaunovskog \u0161e\u0161ira, odmah dodaje razigran, hirovit dodir svakom trenutku. Bilo da se radi o fotografiranju, tematskoj zabavi ili jednostavnom dodavanju humora ure\u0111enju doma, ovaj jastuk donosi vedrinu i radost gdje god se pojavi.<\/li>\n<li>Izvrsna ideja za poklon: Tra\u017eite poklon koji se isti\u010de? Ovaj jastuk s klaunom savr\u0161en je izbor za sve uzraste, \u0161to ga \u010dini idealnim poklonom za ro\u0111endane, blagdane ili bilo koju posebnu prigodu. Bilo da iznena\u0111ujete prijatelja promi\u0161ljenim i razigranim poklonom ili tra\u017eite zabavnu poklon-uslugu za zabavu, ovaj jastuk \u0107e zasigurno izmamiti osmijehe i stvoriti trajne uspomene.<\/li>\n<\/ul>","protected":false},"featured_media":7514,"comment_status":"open","ping_status":"closed","template":"","meta":[],"product_brand":[],"product_cat":[228],"product_tag":[],"class_list":{"0":"post-7522","1":"product","2":"type-product","3":"status-publish","4":"has-post-thumbnail","6":"product_cat-cushions","8":"first","9":"instock","10":"shipping-taxable","11":"purchasable","12":"product-type-simple"},"_links":{"self":[{"href":"https:\/\/www.largepillow.com\/hr\/wp-json\/wp\/v2\/product\/7522","targetHints":{"allow":["GET"]}}],"collection":[{"href":"https:\/\/www.largepillow.com\/hr\/wp-json\/wp\/v2\/product"}],"about":[{"href":"https:\/\/www.largepillow.com\/hr\/wp-json\/wp\/v2\/types\/product"}],"replies":[{"embeddable":true,"href":"https:\/\/www.largepillow.com\/hr\/wp-json\/wp\/v2\/comments?post=7522"}],"wp:featuredmedia":[{"embeddable":true,"href":"https:\/\/www.largepillow.com\/hr\/wp-json\/wp\/v2\/media\/7514"}],"wp:attachment":[{"href":"https:\/\/www.largepillow.com\/hr\/wp-json\/wp\/v2\/media?parent=7522"}],"wp:term":[{"taxonomy":"product_brand","embeddable":true,"href":"https:\/\/www.largepillow.com\/hr\/wp-json\/wp\/v2\/product_brand?post=7522"},{"taxonomy":"product_cat","embeddable":true,"href":"https:\/\/www.largepillow.com\/hr\/wp-json\/wp\/v2\/product_cat?post=7522"},{"taxonomy":"product_tag","embeddable":true,"href":"https:\/\/www.largepillow.com\/hr\/wp-json\/wp\/v2\/product_tag?post=7522"}],"curies":[{"name":"wp","href":"https:\/\/api.w.org\/{rel}","templated":true}]}}