{"id":7541,"date":"2025-05-19T02:51:40","date_gmt":"2025-05-19T02:51:40","guid":{"rendered":"https:\/\/www.largepillow.com\/product\/cloud-shaped-dog-cat-bed-with-removable-cover-easy-clean"},"modified":"2025-05-19T04:14:09","modified_gmt":"2025-05-19T04:14:09","slug":"krevet-za-pse-i-macke-u-obliku-oblaka-s-odvojivom-navlakom-jednostavan-za-ciscenje","status":"publish","type":"product","link":"https:\/\/www.largepillow.com\/hr\/product\/cloud-shaped-dog-cat-bed-with-removable-cover-easy-clean","title":{"rendered":"Krevet za pse i ma\u010dke u obliku oblaka s odvojivom navlakom, lako se \u010disti"},"content":{"rendered":"[zc_getpagecontent mb=&#8221;mb_aplus&#8221; apid=&#8221;127&#8243;]\n","protected":false},"excerpt":{"rendered":"<ul>\n<li>Elegantni dizajn oblaka: Ovaj krevet za pse srednje veli\u010dine mo\u017ee se pohvaliti \u0161armantnim dizajnom inspiriranim oblacima koji ne samo da obuhva\u0107a bit prirodnog odmori\u0161ta ku\u0107nog ljubimca na nebu, ve\u0107 slu\u017ei i kao prekrasan ukrasni komad u va\u0161em domu; Njegovi meki, nepravilni rubovi opona\u0161aju pahuljasti izgled pravog oblaka, pru\u017eaju\u0107i vizualno privla\u010dan i privla\u010dan prostor za odmor va\u0161eg ljubimca.<\/li>\n<li>Udobnost i potpora: Izra\u0111en od spu\u017evaste podloge visoke gusto\u0107e i visoke potpore, krevet nudi \u010dvrstu, ali udobnu potporu tijelu va\u0161eg ljubimca; Okolni jastuk ispunjen je mekim PP pamukom, koji ne samo da doprinosi ukupnoj udobnosti, ve\u0107 i pru\u017ea nje\u017eni jastuk oko rubova, osiguravaju\u0107i da se va\u0161 ljubimac osje\u0107a sigurno i ugodno.<\/li>\n<li>Izdr\u017eljiva s neklizaju\u0107om podlogom: Krevet je izra\u0111en od izdr\u017eljive, pli\u0161ane bijele tkanine koja se lako skida, pere i odr\u017eava, dok neklizaju\u0107a podloga osigurava da krevet ostane na mjestu \u010dak i na glatkim podovima, smanjuju\u0107i rizik da ga va\u0161 ljubimac gura ili klizi tijekom kori\u0161tenja.<\/li>\n<li>Puno prostora za vi\u0161e ku\u0107nih ljubimaca: Dizajniran s velikodu\u0161nim unutarnjim prostorom od 80 \u00d7 40 centimetara, ovaj krevet za pse u obliku oblaka dovoljno je prostran da udobno primi jednog psa srednje veli\u010dine ili do tri mala psa, \u0161to ga \u010dini izvrsnim izborom za vlasnike ku\u0107nih ljubimaca s vi\u0161e ljubimaca koji \u017eele svakom od njih pru\u017eiti udoban i zajedni\u010dki prostor za odmor.<\/li>\n<li>Svestran i elegantan: Njegova estetska privla\u010dnost i prakti\u010dan dizajn \u010dine ga prikladnim za postavljanje u bilo koju prostoriju ku\u0107e, uklju\u010duju\u0107i dnevne sobe, spava\u0107e sobe, pa \u010dak i balkone obasjane suncem, bez kompromisa u pogledu stila ili udobnosti.<\/li>\n<\/ul>","protected":false},"featured_media":7532,"comment_status":"open","ping_status":"closed","template":"","meta":[],"product_brand":[],"product_cat":[227],"product_tag":[],"class_list":{"0":"post-7541","1":"product","2":"type-product","3":"status-publish","4":"has-post-thumbnail","6":"product_cat-pet-supplies","8":"first","9":"outofstock","10":"shipping-taxable","11":"purchasable","12":"product-type-simple"},"_links":{"self":[{"href":"https:\/\/www.largepillow.com\/hr\/wp-json\/wp\/v2\/product\/7541","targetHints":{"allow":["GET"]}}],"collection":[{"href":"https:\/\/www.largepillow.com\/hr\/wp-json\/wp\/v2\/product"}],"about":[{"href":"https:\/\/www.largepillow.com\/hr\/wp-json\/wp\/v2\/types\/product"}],"replies":[{"embeddable":true,"href":"https:\/\/www.largepillow.com\/hr\/wp-json\/wp\/v2\/comments?post=7541"}],"wp:featuredmedia":[{"embeddable":true,"href":"https:\/\/www.largepillow.com\/hr\/wp-json\/wp\/v2\/media\/7532"}],"wp:attachment":[{"href":"https:\/\/www.largepillow.com\/hr\/wp-json\/wp\/v2\/media?parent=7541"}],"wp:term":[{"taxonomy":"product_brand","embeddable":true,"href":"https:\/\/www.largepillow.com\/hr\/wp-json\/wp\/v2\/product_brand?post=7541"},{"taxonomy":"product_cat","embeddable":true,"href":"https:\/\/www.largepillow.com\/hr\/wp-json\/wp\/v2\/product_cat?post=7541"},{"taxonomy":"product_tag","embeddable":true,"href":"https:\/\/www.largepillow.com\/hr\/wp-json\/wp\/v2\/product_tag?post=7541"}],"curies":[{"name":"wp","href":"https:\/\/api.w.org\/{rel}","templated":true}]}}