{"id":7550,"date":"2025-05-19T03:15:43","date_gmt":"2025-05-19T03:15:43","guid":{"rendered":"https:\/\/www.largepillow.com\/product\/hamburger-floor-sofa-funny-plush-couch-for-home-decor"},"modified":"2025-06-17T23:03:30","modified_gmt":"2025-06-17T23:03:30","slug":"hamburger-kauc-na-pod-smijesni-plisani-kauc-za-uredenje-doma","status":"publish","type":"product","link":"https:\/\/www.largepillow.com\/hr\/product\/hamburger-floor-sofa-funny-plush-couch-for-home-decor","title":{"rendered":"Hamburger podna sofa \u2013 smije\u0161na pli\u0161ana sofa za ure\u0111enje doma"},"content":{"rendered":"","protected":false},"excerpt":{"rendered":"<ul>\n<li>Realisti\u010dan dizajn hamburgera: Na\u0161a podna sofa odra\u017eava izgled ukusnog hamburgera sa \u017eivim bojama, \u0161to je \u010dini prakti\u010dnom i privla\u010dnim ukrasnim komadom koji dodaje da\u0161ak hirovitosti svakom prostoru.<\/li>\n<li>Svestrana i udobna: Ova slatka sofa u obliku cheeseburgera nudi niz mogu\u0107nosti sjedenja \u2013 sjednite na nju, otvorite gornji sloj da se udobno smjestite unutra, opustite se ili legnite. Pogodna je za razne polo\u017eaje opu\u0161tanja, \u0161to je \u010dini savr\u0161enom za dnevni boravak, spava\u0107u sobu, dje\u010dju sobu ili \u010dak kao udoban krevet za ku\u0107ne ljubimce.<\/li>\n<li>Vrhunska udobnost i izdr\u017eljivost: Podna sofa ima dva sloja s razli\u010ditim punjenjem. Gornji sloj je ispunjen pahuljastim poliesterskim vlaknima za mekan osje\u0107aj, dok donji sloj sadr\u017ei spu\u017evu visoke gusto\u0107e za robusnu potporu koja zadr\u017eava svoj oblik tijekom vremena. Uklonjiva i periva navlaka za sofu osigurava jednostavno odr\u017eavanje.<\/li>\n<li>Idealna ideja za poklon: Dekorativni madrac u obliku hamburgera unutar sofe jedinstven je i prekrasan poklon za ro\u0111endane, Bo\u017ei\u0107 ili bilo koju posebnu prigodu. Bilo da se radi o va\u0161im voljenima, prijateljima ili djeci, ova \u0161armantna sofa u obliku cheeseburgera zasigurno \u0107e unijeti radost i smijeh u njihove \u017eivote.<\/li>\n<li>Prakti\u010dno pakiranje: Podna sofa dolazi u komprimiranom pakiranju. Nakon raspakiranja, nje\u017eno tapkajte sofu kako biste joj vratili meko\u0107u. Za optimalne rezultate, pri\u010dekajte 48-72 sata da se sofa potpuno ra\u0161iri.<\/li>\n<\/ul>","protected":false},"featured_media":7543,"comment_status":"open","ping_status":"closed","template":"","meta":[],"product_brand":[],"product_cat":[228],"product_tag":[],"class_list":{"0":"post-7550","1":"product","2":"type-product","3":"status-publish","4":"has-post-thumbnail","6":"product_cat-cushions","8":"first","9":"outofstock","10":"sold-individually","11":"shipping-taxable","12":"purchasable","13":"product-type-simple"},"_links":{"self":[{"href":"https:\/\/www.largepillow.com\/hr\/wp-json\/wp\/v2\/product\/7550","targetHints":{"allow":["GET"]}}],"collection":[{"href":"https:\/\/www.largepillow.com\/hr\/wp-json\/wp\/v2\/product"}],"about":[{"href":"https:\/\/www.largepillow.com\/hr\/wp-json\/wp\/v2\/types\/product"}],"replies":[{"embeddable":true,"href":"https:\/\/www.largepillow.com\/hr\/wp-json\/wp\/v2\/comments?post=7550"}],"wp:featuredmedia":[{"embeddable":true,"href":"https:\/\/www.largepillow.com\/hr\/wp-json\/wp\/v2\/media\/7543"}],"wp:attachment":[{"href":"https:\/\/www.largepillow.com\/hr\/wp-json\/wp\/v2\/media?parent=7550"}],"wp:term":[{"taxonomy":"product_brand","embeddable":true,"href":"https:\/\/www.largepillow.com\/hr\/wp-json\/wp\/v2\/product_brand?post=7550"},{"taxonomy":"product_cat","embeddable":true,"href":"https:\/\/www.largepillow.com\/hr\/wp-json\/wp\/v2\/product_cat?post=7550"},{"taxonomy":"product_tag","embeddable":true,"href":"https:\/\/www.largepillow.com\/hr\/wp-json\/wp\/v2\/product_tag?post=7550"}],"curies":[{"name":"wp","href":"https:\/\/api.w.org\/{rel}","templated":true}]}}