{"id":759,"date":"2022-09-16T07:57:41","date_gmt":"2022-09-16T07:57:41","guid":{"rendered":"https:\/\/www.largepillow.com\/product\/wedge-pillow-for-acid-reflux_37_38"},"modified":"2026-02-07T07:41:51","modified_gmt":"2026-02-07T07:41:51","slug":"veliki-jastuk-za-uzglavlje","status":"publish","type":"product","link":"https:\/\/www.largepillow.com\/hr\/product\/large-headboard-cushion\/","title":{"rendered":"Veliki jastuk za uzglavlje kreveta"},"content":{"rendered":"<p>Otkrijte udobnost s velikim jastukom za uzglavlje kreveta<\/p>\n<p>Ako volite \u010ditati ili gledati televiziju u krevetu, ali vam je te\u0161ko udobno se smjestiti, veliki jastuk za uzglavlje kreveta savr\u0161eno je rje\u0161enje. Ovaj predimenzionirani jastuk pretvara va\u0161 krevet u opu\u0161taju\u0107u oazu. <\/p>\n<p>Svojim zakrivljenim oblikom i podignutim dizajnom dvostrukog reda naslona, veliki jastuk za uzglavlje pru\u017ea vam mekanu potporu. Navlaka od poliestera 100% i visokoelasti\u010dno vlaknasto punjenje nude meko\u0107u koja traje. Kao \u0161to je jedan kupac rekao: \u201eOvaj jastuk je izuzetno udoban i pru\u017ea izvrsnu potporu le\u0111ima kada sjedite u krevetu.\u201c<\/p>\n<p>Bez obzira na to kako se volite opu\u0161tati, veliki jastuk za uzglavlje kreveta ima sve \u0161to vam treba. Koristite ga uspravno kao naslon za \u010ditanje, naslonite se na njega za gledanje filmova bez upotrebe ruku ili ga stavite ispod nogu za ve\u0107u udobnost. Jedan je recenzent komentirao: \u201eSvi\u0111a mi se \u0161to ga mogu koristiti na toliko razli\u010ditih na\u010dina.\u201c  <\/p>\n<p>Ovaj svestrani jastuk tako\u0111er ima bo\u010dne d\u017eepove za dr\u017eanje daljinskih upravlja\u010da, knjiga i ure\u0111aja na dohvat ruke. Dostupan je u rasponu veli\u010dina od 100 cm do 200 cm \u0161irine kako bi odgovarao svakom krevetu. Uklonjiva navlaka olak\u0161ava \u010di\u0161\u0107enje - samo otvorite patentni zatvara\u010d i operite u perilici rublja.<\/p>\n<p>S vrhunskom udobno\u0161\u0107u i izradom, veliki jastuk za uzglavlje kreveta ima za cilj zadovoljiti sve. Kako je kupac odu\u0161evljeno rekao: \u201eOvaj jastuk \u010dini odmaranje u krevetu tako luksuznim iskustvom!\u201c<\/p>\n<p>Podignite svoju opu\u0161tenost uz vi\u0161enamjensku udobnost velikog jastuka za uzglavlje. Naru\u010dite svoj ve\u0107 danas!<\/p>","protected":false},"excerpt":{"rendered":"<ul>\n<li><strong>Vrhunska udobnost:<\/strong> Ovaj XL podignuti jastuk za uzglavlje nudi izvrsnu udobnost zahvaljuju\u0107i svom zaobljenom dizajnu. Ovaj jastuk za \u010ditanje uzglavljem mo\u017ee vam pomo\u0107i da ostanete bez napetosti u krevetu, sofi, dnevnom le\u017eaju ili kau\u010du, \u0161to je idealno za no\u0107ne ptice, knji\u0161ke moljke i gledanje televizije u krevetu.<\/li>\n<li><strong>Dizajn povi\u0161enog naslona:<\/strong> U\u017eivajte u neusporedivoj udobnosti s jedinstvenim dizajnom podignutog naslona na\u0161eg jastuka za uzglavlje u dva reda. Povi\u0161eni jastuk za uzglavlje pru\u017ea vrhunsku potporu va\u0161em vratu i le\u0111ima, \u0161to ga \u010dini savr\u0161enim mjestom za opu\u0161tanje i \u010ditanje u krevetu.<\/li>\n<li><strong>Vi\u0161enamjenski jastuk:<\/strong> S tri razli\u010dita na\u010dina kori\u0161tenja, na\u0161 jastuk je savr\u0161en za svaku situaciju. Bilo da ga preferirate koristiti kao uspravan jastuk za le\u0111a, klinasti jastuk ili jastuk za noge za povi\u0161enu potporu, idealan je dodatak za udoban odmor i opu\u0161tanje.<\/li>\n<li><strong>Vrhunska izrada:<\/strong> Izra\u0111en od tkanine imitacije lana, sastava 100% poliestera, na\u0161 jastuk za uzglavlje punjen je ekolo\u0161ki prihvatljivim i visokootpornim poliesterskim vlaknima. Odvojivi jastuk za krevet lako se pere u perilici rublja, dok mali bo\u010dni d\u017eepovi dodaju prakti\u010dnost ovom ve\u0107 luksuznom proizvodu.<\/li>\n<li><strong>Lako se pere:<\/strong> Navlaka za uzglavlje kreveta pri\u010dvr\u0161\u0107ena je za unutra\u0161njost jastuka gumbima i lako se skida jednostavnim patentnim zatvara\u010dem. To olak\u0161ava \u010di\u0161\u0107enje. Samo skinite navlaku i brzo operite u perilici rublja kako bi va\u0161 jastuk izgledao kao nov.<\/li>\n<li><strong>Veli\u010dina:<\/strong> 100 cm (D100 x \u016026 x V55 | 3 stupca gumba), 120 cm (D120 x \u016026 x V55 | 4 stupca gumba), 140 cm (D140 x \u016026 x V55 | 4 stupca gumba), 160 cm (D160 x \u016026 x V55 | 5 stupaca gumba), 180 cm (D180 x \u016026 x V55 | 6 stupaca gumba), 200 cm (D200 x \u016026 x V55 | 7 stupaca gumba).<\/li>\n<\/ul>","protected":false},"featured_media":745,"comment_status":"open","ping_status":"closed","template":"","meta":[],"product_brand":[],"product_cat":[15],"product_tag":[66,164,161,171,143,59,162],"class_list":{"0":"post-759","1":"product","2":"type-product","3":"status-publish","4":"has-post-thumbnail","6":"product_cat-large-wedge-pillow","7":"product_tag-back-support-pillow","8":"product_tag-detachable-bolster-bed-cushion","9":"product_tag-elevated-headboard-pillow","10":"product_tag-large-headboard-cushion","11":"product_tag-multifunctional-pillow","12":"product_tag-reading-pillow","13":"product_tag-upright-back-pillow","15":"first","16":"instock","17":"featured","18":"shipping-taxable","19":"purchasable","20":"product-type-variable"},"_links":{"self":[{"href":"https:\/\/www.largepillow.com\/hr\/wp-json\/wp\/v2\/product\/759","targetHints":{"allow":["GET"]}}],"collection":[{"href":"https:\/\/www.largepillow.com\/hr\/wp-json\/wp\/v2\/product"}],"about":[{"href":"https:\/\/www.largepillow.com\/hr\/wp-json\/wp\/v2\/types\/product"}],"replies":[{"embeddable":true,"href":"https:\/\/www.largepillow.com\/hr\/wp-json\/wp\/v2\/comments?post=759"}],"wp:featuredmedia":[{"embeddable":true,"href":"https:\/\/www.largepillow.com\/hr\/wp-json\/wp\/v2\/media\/745"}],"wp:attachment":[{"href":"https:\/\/www.largepillow.com\/hr\/wp-json\/wp\/v2\/media?parent=759"}],"wp:term":[{"taxonomy":"product_brand","embeddable":true,"href":"https:\/\/www.largepillow.com\/hr\/wp-json\/wp\/v2\/product_brand?post=759"},{"taxonomy":"product_cat","embeddable":true,"href":"https:\/\/www.largepillow.com\/hr\/wp-json\/wp\/v2\/product_cat?post=759"},{"taxonomy":"product_tag","embeddable":true,"href":"https:\/\/www.largepillow.com\/hr\/wp-json\/wp\/v2\/product_tag?post=759"}],"curies":[{"name":"radni list","href":"https:\/\/api.w.org\/{rel}","templated":true}]}}