{"id":7686,"date":"2025-05-23T03:16:35","date_gmt":"2025-05-23T03:16:35","guid":{"rendered":"https:\/\/www.largepillow.com\/product\/comfortable-ocean-themed-dolos-backrest-pillow"},"modified":"2025-06-17T23:03:29","modified_gmt":"2025-06-17T23:03:29","slug":"udoban-jastuk-za-naslon-dolos-s-oceanskom-tematikom","status":"publish","type":"product","link":"https:\/\/www.largepillow.com\/hr\/product\/comfortable-ocean-themed-dolos-backrest-pillow","title":{"rendered":"Udoban jastuk za naslon Dolos s oceanskom tematikom"},"content":{"rendered":"[zc_getpagecontent mb=&#8221;mb_aplus&#8221; apid=&#8221;132&#8243;]\n","protected":false},"excerpt":{"rendered":"<ul>\n<li>Jastuk za \u010ditanje za krevet i pod \u2013 Ovaj moderni veliki jastuk za kau\u010d dizajniran je kako bi pru\u017eio optimalnu potporu va\u0161oj glavi, vratu i le\u0111ima, bez obzira sjedite li na krevetu ili podu; Njegov ergonomski oblik osigurava ugodno iskustvo \u010ditanja, smanjuju\u0107i naprezanje i umor.<\/li>\n<li>Dizajnirano za ljubitelje Dolosa: Izra\u0111en posebno za one koji se dive industrijskom \u0161armu Dolosa, ovaj jastuk za naslon jedinstven je poklon; slu\u017ei kao funkcionalan predmet za udobnost i ukras koji slavi jedinstvenu privla\u010dnost ovih obalnih gra\u0111evina.<\/li>\n<li>Visokokvalitetni materijali: Izra\u0111ena od materijala koji evociraju osje\u0107aj oceana, mekana tkanina opona\u0161a nje\u017eni dodir morske prskalice, dok izdr\u017eljiva konstrukcija osigurava da izdr\u017ei test vremena, ba\u0161 poput \u010dvrstih Dolosa protiv valova.<\/li>\n<li>Svestran smje\u0161taj s oceanskom tematikom: Idealan za svaku sobu s ure\u0111enjem u priobalnom ili oceanskom stilu; Bilo da je postavljen na kau\u010d u dnevnoj sobi za filmsku ve\u010der s nauti\u010dkom tematikom, na krevet u spava\u0107oj sobi za osje\u0107aj pla\u017ee prije spavanja ili na balkonu za u\u017eivanje u obalnom povjetarcu.<\/li>\n<li>Kolekcionarski predmet za ljubitelje oceana: Za ljubitelje dolosa i oceana, ovaj ukrasni jastuk s umetcima vi\u0161e je od pukog ku\u0107nog dodatka; to je kolekcionarski predmet koji predstavlja spoj industrijskog dizajna, obalnog \u0161arma i udobnosti.<\/li>\n<\/ul>","protected":false},"featured_media":7672,"comment_status":"open","ping_status":"closed","template":"","meta":[],"product_brand":[],"product_cat":[228],"product_tag":[],"class_list":{"0":"post-7686","1":"product","2":"type-product","3":"status-publish","4":"has-post-thumbnail","6":"product_cat-cushions","8":"first","9":"instock","10":"sold-individually","11":"shipping-taxable","12":"purchasable","13":"product-type-simple"},"_links":{"self":[{"href":"https:\/\/www.largepillow.com\/hr\/wp-json\/wp\/v2\/product\/7686","targetHints":{"allow":["GET"]}}],"collection":[{"href":"https:\/\/www.largepillow.com\/hr\/wp-json\/wp\/v2\/product"}],"about":[{"href":"https:\/\/www.largepillow.com\/hr\/wp-json\/wp\/v2\/types\/product"}],"replies":[{"embeddable":true,"href":"https:\/\/www.largepillow.com\/hr\/wp-json\/wp\/v2\/comments?post=7686"}],"wp:featuredmedia":[{"embeddable":true,"href":"https:\/\/www.largepillow.com\/hr\/wp-json\/wp\/v2\/media\/7672"}],"wp:attachment":[{"href":"https:\/\/www.largepillow.com\/hr\/wp-json\/wp\/v2\/media?parent=7686"}],"wp:term":[{"taxonomy":"product_brand","embeddable":true,"href":"https:\/\/www.largepillow.com\/hr\/wp-json\/wp\/v2\/product_brand?post=7686"},{"taxonomy":"product_cat","embeddable":true,"href":"https:\/\/www.largepillow.com\/hr\/wp-json\/wp\/v2\/product_cat?post=7686"},{"taxonomy":"product_tag","embeddable":true,"href":"https:\/\/www.largepillow.com\/hr\/wp-json\/wp\/v2\/product_tag?post=7686"}],"curies":[{"name":"wp","href":"https:\/\/api.w.org\/{rel}","templated":true}]}}