{"id":7724,"date":"2025-05-23T03:43:35","date_gmt":"2025-05-23T03:43:35","guid":{"rendered":"https:\/\/www.largepillow.com\/product\/calming-dog-bed-with-removable-cushion-indoor-round-kennel"},"modified":"2025-05-28T01:44:41","modified_gmt":"2025-05-28T01:44:41","slug":"umirujuci-krevet-za-pse-s-uklonjivim-jastukom-unutarnja-okrugla-kucica-za-pse","status":"publish","type":"product","link":"https:\/\/www.largepillow.com\/hr\/product\/calming-dog-bed-with-removable-cushion-indoor-round-kennel","title":{"rendered":"Umiruju\u0107i krevet za pse s uklonjivim jastukom, okrugli unutarnji boks"},"content":{"rendered":"[zc_getpagecontent mb=&#8221;mb_aplus&#8221; apid=&#8221;120&#8243;]\n","protected":false},"excerpt":{"rendered":"<ul>\n<li>Jedinstveni dizajn ma\u017eenja \u2013 Inspiriran nje\u017enim zagrljajima, ovaj okrugli krevet za pse inspiriran zagrljajima ima kru\u017eni dizajn s visokim rubovima, \u0161to im daje osje\u0107aj kao da ih vlasnik cijelo vrijeme dr\u017ei, pru\u017eaju\u0107i potpuni osje\u0107aj sigurnosti.<\/li>\n<li>Smiruju\u0107e i protiv anksioznosti \u2013 Jedinstvena konstrukcija kreveta za pse stvara okru\u017eenje nalik jazbini, poma\u017ee u smanjenju anksioznosti kod pasa, pru\u017eaju\u0107i osje\u0107aj sigurnosti i udobnosti; idealan je izbor za pse koji se lako stresiraju, bilo zbog separacijske anksioznosti, grmljavine ili novog okru\u017eenja.<\/li>\n<li>Prostirka za sva godi\u0161nja doba \u2013 S dizajnom reverzibilne prostirke za pse, prostirka s razli\u010ditim materijalima s obje strane mo\u017ee se prilagoditi razli\u010ditim godi\u0161njim dobima; bar\u0161unasta strana je topla i udobna zimi, dok je druga strana osvje\u017eavaju\u0107a i prozra\u010dna ljeti, posti\u017eu\u0107i kori\u0161tenje tijekom svih godi\u0161njih doba i brinu\u0107i se za san va\u0161eg psa tijekom cijele godine.<\/li>\n<li>Visokokvalitetni materijali \u2013 Sastavljen od bar\u0161unaste tople navlake, Oxford tkanine, PP pamuka visoke gusto\u0107e, pjene visoke potpore i protukliznog jastu\u010di\u0107a, ne samo da je mekan i udoban, ve\u0107 ima i izvrsna svojstva potpore i protukliznosti, \u0161to va\u0161em psu \u010dini kori\u0161tenje sigurnijim i osigurava trajnost proizvoda.<\/li>\n<li>Jednostavno odr\u017eavanje \u2013 Krevet za pse dizajniran je da se mo\u017ee ukloniti i prati u perilici rublja; samo ga otkop\u010dajte, izvadite donju pjenu i PP vatu te jednostavno stavite navlaku u perilicu rublja; To lako rje\u0161ava problem \u010di\u0161\u0107enja i odr\u017eava krevet za pse \u010distim i higijenskim.<\/li>\n<li>Veli\u010dina: Srednja \u2013 76*76*30 cm (76,0\u2033D x 76,0\u2033\u0160 x 30,0\u2033D); Velika \u2013 110*110*35 cm (113,0\u2033D x 113,0\u2033\u0160 x 36,0\u2033D).<\/li>\n<\/ul>","protected":false},"featured_media":7713,"comment_status":"open","ping_status":"closed","template":"","meta":[],"product_brand":[],"product_cat":[227],"product_tag":[],"class_list":{"0":"post-7724","1":"product","2":"type-product","3":"status-publish","4":"has-post-thumbnail","6":"product_cat-pet-supplies","8":"first","9":"instock","10":"shipping-taxable","11":"purchasable","12":"product-type-variable","13":"has-default-attributes"},"_links":{"self":[{"href":"https:\/\/www.largepillow.com\/hr\/wp-json\/wp\/v2\/product\/7724","targetHints":{"allow":["GET"]}}],"collection":[{"href":"https:\/\/www.largepillow.com\/hr\/wp-json\/wp\/v2\/product"}],"about":[{"href":"https:\/\/www.largepillow.com\/hr\/wp-json\/wp\/v2\/types\/product"}],"replies":[{"embeddable":true,"href":"https:\/\/www.largepillow.com\/hr\/wp-json\/wp\/v2\/comments?post=7724"}],"wp:featuredmedia":[{"embeddable":true,"href":"https:\/\/www.largepillow.com\/hr\/wp-json\/wp\/v2\/media\/7713"}],"wp:attachment":[{"href":"https:\/\/www.largepillow.com\/hr\/wp-json\/wp\/v2\/media?parent=7724"}],"wp:term":[{"taxonomy":"product_brand","embeddable":true,"href":"https:\/\/www.largepillow.com\/hr\/wp-json\/wp\/v2\/product_brand?post=7724"},{"taxonomy":"product_cat","embeddable":true,"href":"https:\/\/www.largepillow.com\/hr\/wp-json\/wp\/v2\/product_cat?post=7724"},{"taxonomy":"product_tag","embeddable":true,"href":"https:\/\/www.largepillow.com\/hr\/wp-json\/wp\/v2\/product_tag?post=7724"}],"curies":[{"name":"wp","href":"https:\/\/api.w.org\/{rel}","templated":true}]}}