{"id":8155,"date":"2025-06-11T04:01:50","date_gmt":"2025-06-11T04:01:50","guid":{"rendered":"https:\/\/www.largepillow.com\/product\/large-floor-loveseat-casual-recliner-for-gaming-reading"},"modified":"2026-01-21T02:17:34","modified_gmt":"2026-01-21T02:17:34","slug":"veliki-dvosjed-na-podu-lezerna-fotelja-za-igranje-i-citanje","status":"publish","type":"product","link":"https:\/\/www.largepillow.com\/hr\/product\/large-floor-loveseat-casual-recliner-for-gaming-reading","title":{"rendered":"Veliki dvosjed na podu, le\u017eerna fotelja za igranje, \u010ditanje"},"content":{"rendered":"[zc_getpagecontent mb=&#8221;mb_aplus&#8221; apid=&#8221;136&#8243;]\n","protected":false},"excerpt":{"rendered":"<ul>\n<li>Jednostavno postavljanje: Na\u0161a prevelika le\u017ealjka pakirana je vakuumski, a navlake za sofu i okvir od 4 pjene bit \u0107e pakirani u 3 paketa. Budu\u0107i da nema metalnu strukturu, postavljanje je vrlo jednostavno - jednostavno ostavite pjenu da se \u0161iri 24-48 sati nakon primitka i sastavite je prema na\u0161em videu o postavljanju. Veliki patentni zatvara\u010d na dnu olak\u0161ava odr\u017eavanje jer se mo\u017ee skinuti i prati u perilici rublja.<\/li>\n<li>Luksuzna udobnost: Do\u017eivite da\u0161ak rasko\u0161i s na\u0161om predimenzioniranom le\u017ealjkom za unutarnju upotrebu, presvu\u010denom ultra mekim kratkim pli\u0161em \u0161irokog prugastog uzorka koji po meko\u0107i i eleganciji nadma\u0161uje standardni kord. Njegova meko\u0107a vas obavija, omogu\u0107uju\u0107i va\u0161em tijelu da se opusti u carstvu opu\u0161tanja. Napomena: Kratki pli\u0161 \u0161irokog prugastog uzorka mo\u017ee imati malo lju\u0161tenja dlake zbog karakteristika tkanine, ali to ne utje\u010de na upotrebu.<\/li>\n<li>Stabilna i umiruju\u0107a potpora: Dizajnirana s \u010dvrstom pjenastom podlogom i obilno ispunjena pahuljastim poliesterskim vlaknima, na\u0161a predimenzionirana le\u017ealjka pru\u017ea savr\u0161enu ravnote\u017eu \u010dvrste potpore i nebeske meko\u0107e. Pametno raspore\u0111eni dizajn naslona i naslona za ruke stvara efekt \u010dahure, daju\u0107i vam osje\u0107aj sigurnosti i udobnosti koji odolijeva testu vremena bez uleganja ili uru\u0161avanja.<\/li>\n<li>Svestrana i prostrana: Na\u0161a prostrana le\u017ealjka se besprijekorno prilago\u0111ava va\u0161em na\u010dinu \u017eivota, bilo kao udobna sofa na razvla\u010denje u dnevnoj sobi ili kao opu\u0161taju\u0107a le\u017ealjka u spava\u0107oj sobi. Idealna za rad, opu\u0161tanje ili zabavu, ultimativni je pratitelj za razne aktivnosti, od filmskih ve\u010deri i \u010ditanja do kvalitetnog vremena s voljenima.<\/li>\n<li>Suvremeni \u0161arm: Predimenzionirana sofa za odmor ima elegantnu, modernu estetiku koja se besprijekorno integrira u va\u0161 prostor. Njena neutralna paleta boja je bez napora elegantna, a uklju\u010divanje dvaju odgovaraju\u0107ih ukrasnih jastuka pobolj\u0161ava ure\u0111enje va\u0161eg doma \u0161ik, uskla\u0111enim izgledom koji odmah podi\u017ee svaku prostoriju.<\/li>\n<\/ul>","protected":false},"featured_media":8142,"comment_status":"open","ping_status":"closed","template":"","meta":[],"product_brand":[],"product_cat":[228],"product_tag":[],"class_list":{"0":"post-8155","1":"product","2":"type-product","3":"status-publish","4":"has-post-thumbnail","6":"product_cat-cushions","8":"first","9":"instock","10":"sale","11":"sold-individually","12":"shipping-taxable","13":"purchasable","14":"product-type-simple"},"_links":{"self":[{"href":"https:\/\/www.largepillow.com\/hr\/wp-json\/wp\/v2\/product\/8155","targetHints":{"allow":["GET"]}}],"collection":[{"href":"https:\/\/www.largepillow.com\/hr\/wp-json\/wp\/v2\/product"}],"about":[{"href":"https:\/\/www.largepillow.com\/hr\/wp-json\/wp\/v2\/types\/product"}],"replies":[{"embeddable":true,"href":"https:\/\/www.largepillow.com\/hr\/wp-json\/wp\/v2\/comments?post=8155"}],"wp:featuredmedia":[{"embeddable":true,"href":"https:\/\/www.largepillow.com\/hr\/wp-json\/wp\/v2\/media\/8142"}],"wp:attachment":[{"href":"https:\/\/www.largepillow.com\/hr\/wp-json\/wp\/v2\/media?parent=8155"}],"wp:term":[{"taxonomy":"product_brand","embeddable":true,"href":"https:\/\/www.largepillow.com\/hr\/wp-json\/wp\/v2\/product_brand?post=8155"},{"taxonomy":"product_cat","embeddable":true,"href":"https:\/\/www.largepillow.com\/hr\/wp-json\/wp\/v2\/product_cat?post=8155"},{"taxonomy":"product_tag","embeddable":true,"href":"https:\/\/www.largepillow.com\/hr\/wp-json\/wp\/v2\/product_tag?post=8155"}],"curies":[{"name":"wp","href":"https:\/\/api.w.org\/{rel}","templated":true}]}}