{"id":8233,"date":"2025-06-12T02:31:41","date_gmt":"2025-06-12T02:31:41","guid":{"rendered":"https:\/\/www.largepillow.com\/product\/plush-cloud-modular-sofa-with-chaise-removable-covers"},"modified":"2025-06-17T14:00:28","modified_gmt":"2025-06-17T14:00:28","slug":"modularna-sofa-u-obliku-oblaka-s-navlakama-za-lezaljku-koje-se-mogu-skinuti","status":"publish","type":"product","link":"https:\/\/www.largepillow.com\/hr\/product\/plush-cloud-modular-sofa-with-chaise-removable-covers\/","title":{"rendered":"Modularna sofa Plush Cloud s le\u017ealjkom i odvojivim navlakama"},"content":{"rendered":"[zc_getpagecontent mb=&#8221;mb_aplus&#8221; apid=&#8221;130&#8243;]\n","protected":false},"excerpt":{"rendered":"<ul>\n<li>MODULARNI DIZAJN: Sekcijska sofa u obliku slova L od 106 in\u010da s svestranom kombinacijom modula za sjedenje s dubokim sjedalima i le\u017ealjkom za maksimalnu udobnost i fleksibilnost.<\/li>\n<li>UDOBNOST POPUT OBLAKOVA: Pli\u0161ana krznena presvlaka s potpornom strukturom bez kostiju pru\u017ea nje\u017eno podizanje za svaki centimetar tijela, stvaraju\u0107i nevjerojatno mekano iskustvo sjedenja.<\/li>\n<li>ERGONOMSKE ZNA\u010cAJKE: Prozra\u010dni materijal koji se odbija od tijela sa zakrivljenim dizajnom povr\u0161ine sprje\u010dava umor tijekom duljeg sjedenja ili odmaranja.<\/li>\n<li>SPREMNO ZA UPORABU: Jednostavno rasporedite modularne dijelove prema \u017eeljenoj konfiguraciji u svom \u017eivotnom prostoru.<\/li>\n<li>LUKSUZNI DETALJI: Be\u017e pli\u0161ani krzneni pokriva\u010d s prepoznatljivim uzorkom rebraste teksture stvara elegantnu, suvremenu estetiku uz odr\u017eavanje vrhunske udobnosti.<\/li>\n<\/ul>","protected":false},"featured_media":8224,"comment_status":"open","ping_status":"closed","template":"","meta":[],"product_brand":[],"product_cat":[228],"product_tag":[],"class_list":{"0":"post-8233","1":"product","2":"type-product","3":"status-publish","4":"has-post-thumbnail","6":"product_cat-cushions","8":"first","9":"outofstock","10":"sold-individually","11":"shipping-taxable","12":"purchasable","13":"product-type-simple"},"_links":{"self":[{"href":"https:\/\/www.largepillow.com\/hr\/wp-json\/wp\/v2\/product\/8233","targetHints":{"allow":["GET"]}}],"collection":[{"href":"https:\/\/www.largepillow.com\/hr\/wp-json\/wp\/v2\/product"}],"about":[{"href":"https:\/\/www.largepillow.com\/hr\/wp-json\/wp\/v2\/types\/product"}],"replies":[{"embeddable":true,"href":"https:\/\/www.largepillow.com\/hr\/wp-json\/wp\/v2\/comments?post=8233"}],"wp:featuredmedia":[{"embeddable":true,"href":"https:\/\/www.largepillow.com\/hr\/wp-json\/wp\/v2\/media\/8224"}],"wp:attachment":[{"href":"https:\/\/www.largepillow.com\/hr\/wp-json\/wp\/v2\/media?parent=8233"}],"wp:term":[{"taxonomy":"product_brand","embeddable":true,"href":"https:\/\/www.largepillow.com\/hr\/wp-json\/wp\/v2\/product_brand?post=8233"},{"taxonomy":"product_cat","embeddable":true,"href":"https:\/\/www.largepillow.com\/hr\/wp-json\/wp\/v2\/product_cat?post=8233"},{"taxonomy":"product_tag","embeddable":true,"href":"https:\/\/www.largepillow.com\/hr\/wp-json\/wp\/v2\/product_tag?post=8233"}],"curies":[{"name":"radni list","href":"https:\/\/api.w.org\/{rel}","templated":true}]}}