{"id":8334,"date":"2025-06-16T02:13:39","date_gmt":"2025-06-16T02:13:39","guid":{"rendered":"https:\/\/www.largepillow.com\/product\/stylish-bedroom-wedge-pillow-with-ergonomic-neck-rest"},"modified":"2025-06-17T02:29:59","modified_gmt":"2025-06-17T02:29:59","slug":"elegantni-klinasti-jastuk-za-spavacu-sobu-s-ergonomskim-naslonom-za-vrat","status":"publish","type":"product","link":"https:\/\/www.largepillow.com\/hr\/product\/stylish-bedroom-wedge-pillow-with-ergonomic-neck-rest","title":{"rendered":"Elegantni klinasti jastuk za spava\u0107u sobu s ergonomskim naslonom za vrat"},"content":{"rendered":"[zc_getpagecontent mb=&#8221;mb_aplus&#8221; apid=&#8221;118&#8243;]\n","protected":false},"excerpt":{"rendered":"<ul>\n<li>Inovativni dizajn od 2 dijela \u2013 Ovaj jastuk za uzglavlje isti\u010de se jedinstvenim dizajnom. Gornji bijeli naslon za glavu pru\u017ea uto\u010di\u0161te poput oblaka za potporu va\u0161oj glavi; dok donji, \u0161iri plavi naslon nudi robusnu potporu va\u0161im le\u0111ima, \u0161to donosi skladan spoj funkcionalnosti i stila za va\u0161u spava\u0107u sobu.<\/li>\n<li>Beskrajni scenariji kori\u0161tenja \u2013 Bez obzira upu\u0161tate li se u zanimljiv roman, gledate svoje omiljene serije ili jednostavno u\u017eivate u trenutku mira, ovaj jastuk je va\u0161 savr\u0161eni partner; Idealan za lijena nedjeljna jutra, popodnevne sijeste ili kasnono\u0107ne ture \u010ditanja, podi\u017ee va\u0161e iskustvo opu\u0161tanja u krevetu na vi\u0161u razinu.<\/li>\n<li>Za udobnost svih \u2013 Dizajniran s inkluzivno\u0161\u0107u na umu, na\u0161 jastuk zadovoljava potrebe svih. Studenti se mogu opustiti nakon dugih sesija u\u010denja, profesionalci se mogu opustiti nakon napornog dana, a starije osobe mogu prona\u0107i dodatnu udobnost tijekom odmora. Njegov ergonomski dizajn osigurava da ljudi svih dobnih skupina i tipova tijela mogu u\u017eivati u njegovoj izvrsnoj potpori i udobnosti.<\/li>\n<li>Prednost prilagodljive visine \u2013 Funkcija prilagodljive visine mijenja pravila igre. Povezan prakti\u010dnom ljepljivom trakom, mo\u017eete bez napora prilagoditi polo\u017eaj naslona za glavu, podi\u0107i ga za bolju potporu vratu ili ga spustiti za opu\u0161teniji polo\u017eaj, prilago\u0111avaju\u0107i udobnost to\u010dno va\u0161im \u017eeljama.<\/li>\n<li>Vrhunska kvaliteta materijala \u2013 Na\u0161 jastuk za uzglavlje obe\u0107ava kvalitetu i udobnost, punjenje naslona za glavu od PP pamuka i bar\u0161unasta navlaka nude luksuzan, ko\u017ei ugodan dodir; naslona za le\u0111a od PP pamuka i poliesterskog lana su prozra\u010dni i izdr\u017eljivi, osiguravaju\u0107i dugotrajnu udobnost i jednostavno odr\u017eavanje.<\/li>\n<\/ul>","protected":false},"featured_media":8323,"comment_status":"open","ping_status":"closed","template":"","meta":[],"product_brand":[],"product_cat":[228],"product_tag":[],"class_list":{"0":"post-8334","1":"product","2":"type-product","3":"status-publish","4":"has-post-thumbnail","6":"product_cat-cushions","8":"first","9":"instock","10":"sold-individually","11":"shipping-taxable","12":"purchasable","13":"product-type-variable","14":"has-default-attributes"},"_links":{"self":[{"href":"https:\/\/www.largepillow.com\/hr\/wp-json\/wp\/v2\/product\/8334","targetHints":{"allow":["GET"]}}],"collection":[{"href":"https:\/\/www.largepillow.com\/hr\/wp-json\/wp\/v2\/product"}],"about":[{"href":"https:\/\/www.largepillow.com\/hr\/wp-json\/wp\/v2\/types\/product"}],"replies":[{"embeddable":true,"href":"https:\/\/www.largepillow.com\/hr\/wp-json\/wp\/v2\/comments?post=8334"}],"wp:featuredmedia":[{"embeddable":true,"href":"https:\/\/www.largepillow.com\/hr\/wp-json\/wp\/v2\/media\/8323"}],"wp:attachment":[{"href":"https:\/\/www.largepillow.com\/hr\/wp-json\/wp\/v2\/media?parent=8334"}],"wp:term":[{"taxonomy":"product_brand","embeddable":true,"href":"https:\/\/www.largepillow.com\/hr\/wp-json\/wp\/v2\/product_brand?post=8334"},{"taxonomy":"product_cat","embeddable":true,"href":"https:\/\/www.largepillow.com\/hr\/wp-json\/wp\/v2\/product_cat?post=8334"},{"taxonomy":"product_tag","embeddable":true,"href":"https:\/\/www.largepillow.com\/hr\/wp-json\/wp\/v2\/product_tag?post=8334"}],"curies":[{"name":"wp","href":"https:\/\/api.w.org\/{rel}","templated":true}]}}