{"id":8343,"date":"2025-06-16T02:24:31","date_gmt":"2025-06-16T02:24:31","guid":{"rendered":"https:\/\/www.largepillow.com\/product\/indoor-kids-playroom-furniture-7pcs-modular-foam-sofa"},"modified":"2025-06-17T03:43:28","modified_gmt":"2025-06-17T03:43:28","slug":"namjestaj-za-unutarnju-djecju-igraonicu-od-7-dijelova-modularna-pjenasta-sofa","status":"publish","type":"product","link":"https:\/\/www.largepillow.com\/hr\/product\/indoor-kids-playroom-furniture-7pcs-modular-foam-sofa","title":{"rendered":"Namje\u0161taj za unutarnju dje\u010dju igraonicu, 7-dijelni modularni kau\u010d od pjene"},"content":{"rendered":"[zc_getpagecontent mb=&#8221;mb_aplus&#8221; apid=&#8221;114&#8243;]\n","protected":false},"excerpt":{"rendered":"<ul>\n<li>Oslobodite i potaknite ma\u0161tu: Predstavljamo na\u0161u svestranu modularnu dje\u010dju sofu, dizajniranu sa 7 fleksibilnih pjenastih blokova koji se mogu transformirati u beskrajne strukture za igru. Od udobnih sofa, tobogana i dvoraca do igrali\u0161ta s lopticama i mini staza s preprekama, ovaj vi\u0161enamjenski dizajn ne samo da poti\u010de kreativnost, ve\u0107 i omogu\u0107uje djeci da izgrade vlastite ma\u0161tovite prostore za igru. Savr\u0161ena za poticanje ma\u0161te, kreativnosti i razvoj dru\u0161tvenih i motori\u010dkih vje\u0161tina, na\u0161a sofa za igru je vrhunski alat za penjanje, \u010davrljanje, odmor i u\u017eivanje u interaktivnoj igri.\u00a0<\/li>\n<li>Pove\u0107ana udobnost, sigurnost i izdr\u017eljivost: Izra\u0111en imaju\u0107i na umu sigurnost i udobnost djece, na\u0161 kau\u010d za igru ima jezgru od pjene visoke gusto\u0107e i ispunjen je visoko elasti\u010dnom spu\u017evom kako bi izdr\u017eao godine intenzivne igre. Mekana povr\u0161ina otporna na udarce osigurava sigurno okru\u017eenje za skakanje i puzanje, bez o\u0161trih rubova ili tvrdih kutova. Na\u0161 dje\u010dji kau\u010d prekriven je vodootpornom i otpornom umjetnom ko\u017eom za jednostavno \u010di\u0161\u0107enje te je dizajniran u neutralnoj shemu boja kako bi bio otporan na mrlje, osiguravaju\u0107i da zadr\u017ei svoj besprijekoran izgled godinama koje dolaze.<\/li>\n<li>Zanimljiva iskustva povezivanja roditelja i djeteta: Do\u017eivite neprocjenjive trenutke povezanosti sa svojom djecom koriste\u0107i na\u0161u modularnu sofu za igru. Slu\u017ei kao ugodno okru\u017eenje za kvalitetnu interakciju roditelja i djeteta, poti\u010de igru, opu\u0161tanje i stvaranje ugodnog okru\u017eenja. Idealna za spava\u0107e sobe, igraonice, dje\u010dje sobe ili dnevne sobe, a ujedno je i fantasti\u010dan poklon za ro\u0111endan, Bo\u017ei\u0107 ili proslavu ro\u0111enja djeteta koji \u0107e u va\u0161 dom unijeti radost i smijeh.<\/li>\n<li>Prakti\u010dno odr\u017eavanje i pohrana: Na\u0161 dje\u010dji kau\u010d ima uklonjivu navlaku koja se mo\u017ee prati u perilici rublja, \u0161to odr\u017eavanje \u010dini lakim. Njegova pove\u0107ana veli\u010dina i lagani dizajn omogu\u0107uju jednostavnu mobilnost i pohranu, omogu\u0107uju\u0107i djeci da se bez napora premje\u0161taju i preure\u0111uju postavku iz jedne sobe u drugu. Svaki modul opremljen je patentnim zatvara\u010dima za jednostavno \u010di\u0161\u0107enje, \u0161to osigurava dugotrajnu \u010disto\u0107u i u\u017eivanje.<\/li>\n<li>Jednostavno postavljanje i trenutna zabava: Pakirano vakuumskom kompresijom za u\u010dinkovitu dostavu, na\u0161a dje\u010dja sofa u po\u010detku mo\u017ee izgledati deformirano ili tanje nakon otvaranja. Me\u0111utim, to nije problem kvalitete. Jednostavno pri\u010dekajte 48-72 sata da se pjena potpuno pro\u0161iri i vrati svoju normalnu veli\u010dinu i debljinu. Bez potrebe za sastavljanjem, djeca se mogu odmah uroniti u stvaranje i istra\u017eivanje vlastitog malog svijeta, pru\u017eaju\u0107i trenutnu zabavu i funkcionalnost. Za dodatnu stabilnost kada se koristi kao obi\u010dna sofa, preporu\u010duje se postavljanje uza zid.<\/li>\n<li>Te\u017eina: 17 funti, Dimenzije: 33 cm D x 99 cm \u0160 x 48 cm V.<\/li>\n<\/ul>","protected":false},"featured_media":8337,"comment_status":"open","ping_status":"closed","template":"","meta":[],"product_brand":[],"product_cat":[228],"product_tag":[],"class_list":{"0":"post-8343","1":"product","2":"type-product","3":"status-publish","4":"has-post-thumbnail","6":"product_cat-cushions","8":"first","9":"instock","10":"sold-individually","11":"shipping-taxable","12":"purchasable","13":"product-type-simple"},"_links":{"self":[{"href":"https:\/\/www.largepillow.com\/hr\/wp-json\/wp\/v2\/product\/8343","targetHints":{"allow":["GET"]}}],"collection":[{"href":"https:\/\/www.largepillow.com\/hr\/wp-json\/wp\/v2\/product"}],"about":[{"href":"https:\/\/www.largepillow.com\/hr\/wp-json\/wp\/v2\/types\/product"}],"replies":[{"embeddable":true,"href":"https:\/\/www.largepillow.com\/hr\/wp-json\/wp\/v2\/comments?post=8343"}],"wp:featuredmedia":[{"embeddable":true,"href":"https:\/\/www.largepillow.com\/hr\/wp-json\/wp\/v2\/media\/8337"}],"wp:attachment":[{"href":"https:\/\/www.largepillow.com\/hr\/wp-json\/wp\/v2\/media?parent=8343"}],"wp:term":[{"taxonomy":"product_brand","embeddable":true,"href":"https:\/\/www.largepillow.com\/hr\/wp-json\/wp\/v2\/product_brand?post=8343"},{"taxonomy":"product_cat","embeddable":true,"href":"https:\/\/www.largepillow.com\/hr\/wp-json\/wp\/v2\/product_cat?post=8343"},{"taxonomy":"product_tag","embeddable":true,"href":"https:\/\/www.largepillow.com\/hr\/wp-json\/wp\/v2\/product_tag?post=8343"}],"curies":[{"name":"wp","href":"https:\/\/api.w.org\/{rel}","templated":true}]}}