{"id":8359,"date":"2025-06-16T03:20:34","date_gmt":"2025-06-16T03:20:34","guid":{"rendered":"https:\/\/www.largepillow.com\/product\/unique-relaxing-human-dog-bed-multi-use-anti-anxiety-floor-cushion"},"modified":"2025-06-16T03:40:23","modified_gmt":"2025-06-16T03:40:23","slug":"jedinstveni-opustajuci-krevet-za-pse-s-visenamjenskim-jastukom-protiv-anksioznosti","status":"publish","type":"product","link":"https:\/\/www.largepillow.com\/hr\/product\/unique-relaxing-human-dog-bed-multi-use-anti-anxiety-floor-cushion\/","title":{"rendered":"Jedinstveni opu\u0161taju\u0107i krevet za ljude i pse: Vi\u0161enamjenski jastuk za pod protiv anksioznosti"},"content":{"rendered":"[zc_getpagecontent mb=&#8221;mb_aplus&#8221; apid=&#8221;137&#8243;]\n","protected":false},"excerpt":{"rendered":"<ul>\n<li><strong>Inovativni dizajn:<\/strong> Do\u017eivite udobnost i sigurnost na\u0161ih sjedala bez okvira koja vas obavijaju poput ugodnog gnijezda, poti\u010du\u0107i opu\u0161tanje i ubla\u017eavaju\u0107i tjeskobu, bez ikakvog dizajna okvira, samo trebate le\u0107i na ovo sjedalo i osloniti se na svoje tijelo za potporu.<\/li>\n<li><strong>Idealno za vas i va\u0161eg ljubimca:<\/strong> Bilo da ste sami ili sa svojim krznenim prijateljem, ovaj ljudski krevet za pse omogu\u0107uje oboma da se istegnete i pove\u017eete, \u0161to ga \u010dini idealnim mjestom za rad ili opu\u0161tanje.<\/li>\n<li><strong>Lagan i prenosiv:<\/strong> Za razliku od tradicionalnih kreveta ili sofa, ovaj podni jastuk je nevjerojatno lagan, \u0161to ga \u010dini lakim za kretanje po domu ili no\u0161enje sa sobom na putovanja, nude\u0107i osje\u0107aj sigurnosti gdje god da idete.<\/li>\n<li><strong>Elegantno i udobno:<\/strong> S trendi geometrijskim uzorcima u plavoj, naran\u010dastoj i crnoj boji i mekom kratkom pli\u0161anom podstavom, ovaj krevet za pse za ljude nudi jedinstven stil uz neusporedivu udobnost za sate odmaranja.<\/li>\n<li><strong>Idealna veli\u010dina:<\/strong> S prostranom dimenzijom 52*32 IN\u010cA, ova podna sjedalica savr\u0161ena je za odrasle ili djecu za osobe ni\u017ee od 1,65 metara, posebno prilago\u0111ena za udobnost sitnih korisnika, pru\u017eaju\u0107i ugodno i opu\u0161taju\u0107e iskustvo.<\/li>\n<\/ul>","protected":false},"featured_media":8353,"comment_status":"open","ping_status":"closed","template":"","meta":[],"product_brand":[],"product_cat":[228],"product_tag":[],"class_list":{"0":"post-8359","1":"product","2":"type-product","3":"status-publish","4":"has-post-thumbnail","6":"product_cat-cushions","8":"first","9":"instock","10":"shipping-taxable","11":"purchasable","12":"product-type-simple"},"_links":{"self":[{"href":"https:\/\/www.largepillow.com\/hr\/wp-json\/wp\/v2\/product\/8359","targetHints":{"allow":["GET"]}}],"collection":[{"href":"https:\/\/www.largepillow.com\/hr\/wp-json\/wp\/v2\/product"}],"about":[{"href":"https:\/\/www.largepillow.com\/hr\/wp-json\/wp\/v2\/types\/product"}],"replies":[{"embeddable":true,"href":"https:\/\/www.largepillow.com\/hr\/wp-json\/wp\/v2\/comments?post=8359"}],"wp:featuredmedia":[{"embeddable":true,"href":"https:\/\/www.largepillow.com\/hr\/wp-json\/wp\/v2\/media\/8353"}],"wp:attachment":[{"href":"https:\/\/www.largepillow.com\/hr\/wp-json\/wp\/v2\/media?parent=8359"}],"wp:term":[{"taxonomy":"product_brand","embeddable":true,"href":"https:\/\/www.largepillow.com\/hr\/wp-json\/wp\/v2\/product_brand?post=8359"},{"taxonomy":"product_cat","embeddable":true,"href":"https:\/\/www.largepillow.com\/hr\/wp-json\/wp\/v2\/product_cat?post=8359"},{"taxonomy":"product_tag","embeddable":true,"href":"https:\/\/www.largepillow.com\/hr\/wp-json\/wp\/v2\/product_tag?post=8359"}],"curies":[{"name":"radni list","href":"https:\/\/api.w.org\/{rel}","templated":true}]}}