{"id":845,"date":"2022-09-17T14:14:51","date_gmt":"2022-09-17T14:14:51","guid":{"rendered":"https:\/\/www.largepillow.com\/product\/wedge-pillow-for-acid-reflux_37_38_39_40_41_42"},"modified":"2024-12-04T12:25:24","modified_gmt":"2024-12-04T12:25:24","slug":"ukrasni-jastuci-za-krevet","status":"publish","type":"product","link":"https:\/\/www.largepillow.com\/hr\/product\/decorative-pillows-for-bed","title":{"rendered":"Dekorativni jastuci za krevet"},"content":{"rendered":"<p>Prepustite se nenadma\u0161noj udobnosti s na\u0161im ukrasnim jastucima za krevet<\/p>\n<p>Preobrazite svoje iskustvo spavanja uz na\u0161e pa\u017eljivo izra\u0111ene ukrasne jastuke za krevet, dizajnirane za ve\u0107u udobnost i opu\u0161tanje.<\/p>\n<p>Vrhunska udobnost i podr\u0161ka<\/p>\n<p>Na\u0161i jastuci imaju zakrivljeni dizajn koji se prilago\u0111ava konturama va\u0161eg tijela, pru\u017eaju\u0107i neusporedivu udobnost. Bilo da se izle\u017eavate u krevetu, opu\u0161tate na sofi ili sanjarite na kau\u010du, na\u0161 jastuk za \u010ditanje s uzglavljem odr\u017eat \u0107e vas bez napetosti i pru\u017eiti vam potporu.<\/p>\n<p>Povi\u0161eni naslon za optimalnu potporu<\/p>\n<p>Prepustite se luksuzu na\u0161eg dvostrukog podignutog naslona za le\u0111a, stru\u010dno izra\u0111enog kako bi pru\u017eio iznimnu potporu va\u0161em vratu i le\u0111ima. Uronite u svoju omiljenu knjigu ili se prepustite o\u010daravaju\u0107em filmu bez ikakve nelagode ili naprezanja.<\/p>\n<p>Svestrana funkcionalnost<\/p>\n<p>U\u017eivajte u svestranosti na\u0161eg jastuka s tri razli\u010dite namjene. Postavite ga uspravno kao jastuk za le\u0111a, poduprite ga kao klinasti jastuk ili podignite noge za ve\u0107u udobnost. Savr\u0161en je dodatak za ugodan odmor i opu\u0161tanje.<\/p>\n<p>Vrhunska izrada i izdr\u017eljivost<\/p>\n<p>Na\u0161i jastuci za uzglavlje pa\u017eljivo su izra\u0111eni od visokokvalitetne tkanine imitacije lana, sastavljene od 100% poliestera za izdr\u017eljivost i jednostavno odr\u017eavanje. Ekolo\u0161ki prihvatljivo i otporno punjenje od poliesterskih vlakana osigurava dugotrajnu udobnost. Osim toga, odvojivi jastuk za uzglavlje olak\u0161ava \u010di\u0161\u0107enje.<\/p>\n<p>\u010ci\u0161\u0107enje bez napora<\/p>\n<p>Odr\u017eavajte svoj jastuk u besprijekornom stanju bez napora. Navlaka za uzglavlje kreveta pri\u010dvr\u0161\u0107uje se gumbima, \u0161to omogu\u0107uje jednostavno skidanje. Jednostavno otvorite patentni zatvara\u010d i operite je u perilici rublja za brzo osvje\u017eenje.<\/p>\n<p>Mogu\u0107nosti prilagodljive veli\u010dine<\/p>\n<p>Odaberite savr\u0161enu veli\u010dinu za svoj krevet iz na\u0161e \u0161iroke ponude opcija:<\/p>\n<p>* 100 cm (D100 x \u016026 x V55)<br \/>\n* 120 cm (D120 x \u016026 x V55)<br \/>\n* 140 cm (D140 x \u016026 x V55)<br \/>\n* 160 cm (D160 x \u016026 x V55)<br \/>\n* 180 cm (D180 x \u016026 x V55)<br \/>\n* 200 cm (D200 x \u016026 x V55)<\/p>\n<p>Iskustva kupaca<\/p>\n<p>Na\u0161i zadovoljni kupci hvale iznimnu kvalitetu na\u0161ih ukrasnih jastuka za krevet:<\/p>\n<p>* \u201eOvaj trokutasti jastuk nije samo udoban, ve\u0107 i vrlo prakti\u010dan. Jako sam zadovoljna s njim!\u201c<br \/>\n* \u201eObo\u017eavam laneni materijal. Mekan je i prozra\u010dan, a boja je prekrasna.\u201c<br \/>\n* \u201eKupila sam ovaj jastuk za svoju mamu koja ima bolove u le\u0111ima. Mnogo joj je olak\u0161ao \u017eivot.\u201c<\/p>\n<p>Prepustite se vrhunskoj udobnosti i opu\u0161tanju uz na\u0161e ukrasne jastuke za krevet. Naru\u010dite svoj ve\u0107 danas i do\u017eivite neusporedivu podr\u0161ku i luksuz koji zaslu\u017eujete.<\/p>","protected":false},"excerpt":{"rendered":"<ul>\n<li><strong>Vrhunska udobnost:<\/strong> Ovaj XL podignuti jastuk za uzglavlje nudi izvrsnu udobnost zahvaljuju\u0107i svom zaobljenom dizajnu. Ovaj jastuk za \u010ditanje uzglavljem mo\u017ee vam pomo\u0107i da ostanete bez napetosti u krevetu, sofi, dnevnom le\u017eaju ili kau\u010du, \u0161to je idealno za no\u0107ne ptice, knji\u0161ke moljke i gledanje televizije u krevetu.<\/li>\n<li><strong>Dizajn povi\u0161enog naslona:<\/strong> U\u017eivajte u neusporedivoj udobnosti s jedinstvenim dizajnom podignutog naslona na\u0161eg jastuka za uzglavlje u dva reda. Povi\u0161eni jastuk za uzglavlje pru\u017ea vrhunsku potporu va\u0161em vratu i le\u0111ima, \u0161to ga \u010dini savr\u0161enim mjestom za opu\u0161tanje i \u010ditanje u krevetu.<\/li>\n<li><strong>Vi\u0161enamjenski jastuk:<\/strong> S tri razli\u010dita na\u010dina kori\u0161tenja, na\u0161 jastuk je savr\u0161en za svaku situaciju. Bilo da ga preferirate koristiti kao uspravan jastuk za le\u0111a, klinasti jastuk ili jastuk za noge za povi\u0161enu potporu, idealan je dodatak za udoban odmor i opu\u0161tanje.<\/li>\n<li><strong>Vrhunska izrada:<\/strong> Izra\u0111en od tkanine imitacije lana, sastava 100% poliestera, na\u0161 jastuk za uzglavlje punjen je ekolo\u0161ki prihvatljivim i visokootpornim poliesterskim vlaknima. Odvojivi jastuk za krevet lako se pere u perilici rublja, dok mali bo\u010dni d\u017eepovi dodaju prakti\u010dnost ovom ve\u0107 luksuznom proizvodu.<\/li>\n<li><strong>Lako se pere:<\/strong> Navlaka za uzglavlje kreveta pri\u010dvr\u0161\u0107ena je za unutra\u0161njost jastuka gumbima i lako se skida jednostavnim patentnim zatvara\u010dem. To olak\u0161ava \u010di\u0161\u0107enje. Samo skinite navlaku i brzo operite u perilici rublja kako bi va\u0161 jastuk izgledao kao nov.<\/li>\n<li><strong>Veli\u010dina:<\/strong> 100 cm (D100 x \u016026 x V55 | 3 stupca gumba), 120 cm (D120 x \u016026 x V55 | 4 stupca gumba), 140 cm (D140 x \u016026 x V55 | 4 stupca gumba), 160 cm (D160 x \u016026 x V55 | 5 stupaca gumba), 180 cm (D180 x \u016026 x V55 | 6 stupaca gumba), 200 cm (D200 x \u016026 x V55 | 7 stupaca gumba).<\/li>\n<\/ul>","protected":false},"featured_media":830,"comment_status":"open","ping_status":"closed","template":"","meta":[],"product_brand":[],"product_cat":[15],"product_tag":[145,165,164,161,143,162,65],"class_list":{"0":"post-845","1":"product","2":"type-product","3":"status-publish","4":"has-post-thumbnail","6":"product_cat-large-wedge-pillow","7":"product_tag-decorative-pillow","8":"product_tag-detachable-bolster","9":"product_tag-detachable-bolster-bed-cushion","10":"product_tag-elevated-headboard-pillow","11":"product_tag-multifunctional-pillow","12":"product_tag-upright-back-pillow","13":"product_tag-wedge-pillow","15":"first","16":"instock","17":"featured","18":"shipping-taxable","19":"purchasable","20":"product-type-variable"},"_links":{"self":[{"href":"https:\/\/www.largepillow.com\/hr\/wp-json\/wp\/v2\/product\/845","targetHints":{"allow":["GET"]}}],"collection":[{"href":"https:\/\/www.largepillow.com\/hr\/wp-json\/wp\/v2\/product"}],"about":[{"href":"https:\/\/www.largepillow.com\/hr\/wp-json\/wp\/v2\/types\/product"}],"replies":[{"embeddable":true,"href":"https:\/\/www.largepillow.com\/hr\/wp-json\/wp\/v2\/comments?post=845"}],"wp:featuredmedia":[{"embeddable":true,"href":"https:\/\/www.largepillow.com\/hr\/wp-json\/wp\/v2\/media\/830"}],"wp:attachment":[{"href":"https:\/\/www.largepillow.com\/hr\/wp-json\/wp\/v2\/media?parent=845"}],"wp:term":[{"taxonomy":"product_brand","embeddable":true,"href":"https:\/\/www.largepillow.com\/hr\/wp-json\/wp\/v2\/product_brand?post=845"},{"taxonomy":"product_cat","embeddable":true,"href":"https:\/\/www.largepillow.com\/hr\/wp-json\/wp\/v2\/product_cat?post=845"},{"taxonomy":"product_tag","embeddable":true,"href":"https:\/\/www.largepillow.com\/hr\/wp-json\/wp\/v2\/product_tag?post=845"}],"curies":[{"name":"wp","href":"https:\/\/api.w.org\/{rel}","templated":true}]}}