{"id":866,"date":"2022-09-17T14:44:55","date_gmt":"2022-09-17T14:44:55","guid":{"rendered":"https:\/\/www.largepillow.com\/product\/wedge-pillow-for-acid-reflux_37_38_39_40_41_42_43"},"modified":"2025-04-18T01:36:58","modified_gmt":"2025-04-18T01:36:58","slug":"jastuk-za-spavanje-na-ledima","status":"publish","type":"product","link":"https:\/\/www.largepillow.com\/hr\/product\/back-pillow-for-sleeping","title":{"rendered":"Jastuk za spavanje na le\u0111ima"},"content":{"rendered":"<p>Jastuk za spavanje: Ultimativni dodatak za udobnost<\/p>\n<p>Jeste li umorni od osje\u0107aja nelagode kada se poku\u0161avate opustiti u krevetu, sofi, dnevnom le\u017eaju ili kau\u010du? \u010cesto li se mu\u010dite s udobno\u0161\u0107u dok \u010ditate, gledate televiziju ili radite u krevetu? Ako je tako, onda je jastuk za spavanje savr\u0161en dodatak za vas!<\/p>\n<p>Jedna od istaknutih zna\u010dajki ovog proizvoda je njegov zakrivljeni dizajn koji nudi izvrsnu udobnost. Ovaj jastuk za \u010ditanje s uzglavljem mo\u017ee vam pomo\u0107i da ostanete bez napetosti, bez obzira gdje se nalazite. Bilo da ste no\u0107na ptica koja u\u017eiva raditi do kasno u no\u0107, knji\u0161ki moljac koji voli \u010ditati u krevetu ili netko tko jednostavno u\u017eiva gledati televiziju u krevetu, ovaj jastuk \u0107e vam pomo\u0107i.<\/p>\n<p>Jo\u0161 jedna jedinstvena zna\u010dajka jastuka za spavanje je njegov povi\u0161eni dizajn naslona. Zahvaljuju\u0107i dvostrukom povi\u0161enom naslonu, ovaj jastuk pru\u017ea vrhunsku potporu za va\u0161 vrat i le\u0111a. To ga \u010dini savr\u0161enim dodatkom za one koji pate od bolova u le\u0111ima ili vratu ili za sve koji se jednostavno \u017eele opustiti i \u010ditati u krevetu.<\/p>\n<p>Vi\u0161enamjenski dizajn jastuka za le\u0111a za spavanje jo\u0161 je jedna va\u017ena prednost. S tri razli\u010dita na\u010dina kori\u0161tenja, ovaj jastuk je savr\u0161en za svaku situaciju. Bilo da ga preferirate koristiti kao uspravni jastuk za le\u0111a, klinasti jastuk ili jastuk za noge za povi\u0161enu potporu, idealan je dodatak za udoban odmor i opu\u0161tanje.<\/p>\n<p>\u0160to se ti\u010de izrade, jastuk za spavanje izra\u0111en je od visokokvalitetnih materijala. Tkanina izgleda lana sastoji se od 100% poliestera, a jastuk je punjen ekolo\u0161ki prihvatljivim i visokootpornim poliesterskim vlaknima. Osim toga, odvojivi jastuk za krevet lako se pere u perilici rublja, dok mali bo\u010dni d\u017eepovi dodaju prakti\u010dnost ovom ve\u0107 luksuznom proizvodu.<\/p>\n<p>Jedan od najprivla\u010dnijih aspekata ovog jastuka je njegova jednostavnost kori\u0161tenja i odr\u017eavanja. Navlaka za uzglavlje pri\u010dvr\u0161\u0107ena je za unutra\u0161njost jastuka gumbima i lako se skida jednostavnim patentnim zatvara\u010dem. \u010ci\u0161\u0107enje je stoga bez problema. Samo uklonite navlaku i brzo operite u perilici rublja kako bi va\u0161 jastuk izgledao kao nov.<\/p>\n<p>Jastuk za spavanje dolazi u raznim veli\u010dinama kako bi odgovarao bilo kojoj veli\u010dini kreveta: 100 cm, 120 cm, 140 cm, 160 cm, 180 cm i 200 cm. To olak\u0161ava pronala\u017eenje savr\u0161enog jastuka za va\u0161e specifi\u010dne potrebe.<\/p>\n<p>Kao \u0161to pi\u0161e jedan zadovoljni kupac: \u201cOvaj jastuk mijenja pravila igre! Nudi toliko potpore i udobnosti, a vi\u0161estruki na\u010dini kori\u0161tenja \u010dine ga savr\u0161enim za svaku situaciju. Toplo ga preporu\u010dujem svima koji \u017eele pobolj\u0161ati svoj san i opu\u0161tanje.\u201d<\/p>\n<p>Sveukupno, jastuk za spavanje izvrsna je investicija za svakoga tko \u017eeli pobolj\u0161ati svoju udobnost i iskustvo opu\u0161tanja. Zahvaljuju\u0107i visokokvalitetnoj izradi, vi\u0161enamjenskom dizajnu te jednostavnosti kori\u0161tenja i odr\u017eavanja, ovaj jastuk zasigurno \u0107e postati omiljeni dodatak godinama koje dolaze.<\/p>","protected":false},"excerpt":{"rendered":"<ul>\n<li><strong>Vrhunska udobnost:<\/strong> Ovaj XL podignuti jastuk za uzglavlje nudi izvrsnu udobnost zahvaljuju\u0107i svom zaobljenom dizajnu. Ovaj jastuk za \u010ditanje uzglavljem mo\u017ee vam pomo\u0107i da ostanete bez napetosti u krevetu, sofi, dnevnom le\u017eaju ili kau\u010du, \u0161to je idealno za no\u0107ne ptice, knji\u0161ke moljke i gledanje televizije u krevetu.<\/li>\n<li><strong>Dizajn povi\u0161enog naslona:<\/strong> U\u017eivajte u neusporedivoj udobnosti s jedinstvenim dizajnom podignutog naslona na\u0161eg jastuka za uzglavlje u dva reda. Povi\u0161eni jastuk za uzglavlje pru\u017ea vrhunsku potporu va\u0161em vratu i le\u0111ima, \u0161to ga \u010dini savr\u0161enim mjestom za opu\u0161tanje i \u010ditanje u krevetu.<\/li>\n<li><strong>Vi\u0161enamjenski jastuk:<\/strong> S tri razli\u010dita na\u010dina kori\u0161tenja, na\u0161 jastuk je savr\u0161en za svaku situaciju. Bilo da ga preferirate koristiti kao uspravan jastuk za le\u0111a, klinasti jastuk ili jastuk za noge za povi\u0161enu potporu, idealan je dodatak za udoban odmor i opu\u0161tanje.<\/li>\n<li><strong>Vrhunska izrada:<\/strong> Izra\u0111en od tkanine imitacije lana, sastava 100% poliestera, na\u0161 jastuk za uzglavlje punjen je ekolo\u0161ki prihvatljivim i visokootpornim poliesterskim vlaknima. Odvojivi jastuk za krevet lako se pere u perilici rublja, dok mali bo\u010dni d\u017eepovi dodaju prakti\u010dnost ovom ve\u0107 luksuznom proizvodu.<\/li>\n<li><strong>Lako se pere:<\/strong> Navlaka za uzglavlje kreveta pri\u010dvr\u0161\u0107ena je za unutra\u0161njost jastuka gumbima i lako se skida jednostavnim patentnim zatvara\u010dem. To olak\u0161ava \u010di\u0161\u0107enje. Samo skinite navlaku i brzo operite u perilici rublja kako bi va\u0161 jastuk izgledao kao nov.<\/li>\n<li><strong>Veli\u010dina:<\/strong> 100 cm (D100 x \u016026 x V55 | 3 stupca gumba), 120 cm (D120 x \u016026 x V55 | 4 stupca gumba), 140 cm (D140 x \u016026 x V55 | 4 stupca gumba), 160 cm (D160 x \u016026 x V55 | 5 stupaca gumba), 180 cm (D180 x \u016026 x V55 | 6 stupaca gumba), 200 cm (D200 x \u016026 x V55 | 7 stupaca gumba).<\/li>\n<\/ul>","protected":false},"featured_media":852,"comment_status":"open","ping_status":"closed","template":"","meta":[],"product_brand":[],"product_cat":[15],"product_tag":[160,66,164,161,163,143,162,65],"class_list":{"0":"post-866","1":"product","2":"type-product","3":"status-publish","4":"has-post-thumbnail","6":"product_cat-large-wedge-pillow","7":"product_tag-back-pillow-for-sleeping","8":"product_tag-back-support-pillow","9":"product_tag-detachable-bolster-bed-cushion","10":"product_tag-elevated-headboard-pillow","11":"product_tag-leg-pillow","12":"product_tag-multifunctional-pillow","13":"product_tag-upright-back-pillow","14":"product_tag-wedge-pillow","16":"first","17":"instock","18":"featured","19":"shipping-taxable","20":"purchasable","21":"product-type-variable"},"_links":{"self":[{"href":"https:\/\/www.largepillow.com\/hr\/wp-json\/wp\/v2\/product\/866","targetHints":{"allow":["GET"]}}],"collection":[{"href":"https:\/\/www.largepillow.com\/hr\/wp-json\/wp\/v2\/product"}],"about":[{"href":"https:\/\/www.largepillow.com\/hr\/wp-json\/wp\/v2\/types\/product"}],"replies":[{"embeddable":true,"href":"https:\/\/www.largepillow.com\/hr\/wp-json\/wp\/v2\/comments?post=866"}],"wp:featuredmedia":[{"embeddable":true,"href":"https:\/\/www.largepillow.com\/hr\/wp-json\/wp\/v2\/media\/852"}],"wp:attachment":[{"href":"https:\/\/www.largepillow.com\/hr\/wp-json\/wp\/v2\/media?parent=866"}],"wp:term":[{"taxonomy":"product_brand","embeddable":true,"href":"https:\/\/www.largepillow.com\/hr\/wp-json\/wp\/v2\/product_brand?post=866"},{"taxonomy":"product_cat","embeddable":true,"href":"https:\/\/www.largepillow.com\/hr\/wp-json\/wp\/v2\/product_cat?post=866"},{"taxonomy":"product_tag","embeddable":true,"href":"https:\/\/www.largepillow.com\/hr\/wp-json\/wp\/v2\/product_tag?post=866"}],"curies":[{"name":"wp","href":"https:\/\/api.w.org\/{rel}","templated":true}]}}