{"id":882,"date":"2022-09-18T07:20:03","date_gmt":"2022-09-18T07:20:03","guid":{"rendered":"https:\/\/www.largepillow.com\/product\/wedge-pillow-for-acid-reflux_37_38_39_40_41_42_43_44"},"modified":"2024-10-03T16:31:35","modified_gmt":"2024-10-03T16:31:35","slug":"jastuk-za-leda-za-citanje-u-krevetu","status":"publish","type":"product","link":"https:\/\/www.largepillow.com\/hr\/product\/back-pillow-for-bed-readding","title":{"rendered":"Jastuk za le\u0111a za \u010ditanje u krevetu"},"content":{"rendered":"<p>Otkrijte vrhunsku udobnost s jastukom za le\u0111a za \u010ditanje u krevetu: Vrhunski izbor za opu\u0161tanje i potporu<\/p>\n<p>U podru\u010dju udobnosti doma i dodataka za spava\u0107u sobu, jastuk za uzglavlje kreveta za \u010ditanje isti\u010de se kao neophodan predmet za svakoga tko \u017eeli pobolj\u0161ati svoje vrijeme opu\u0161tanja. Bilo da ste no\u0107na ptica koja radi do kasno, strastveni \u010ditatelj knjiga ili netko tko u\u017eiva gledati televiziju u krevetu, ovaj jastuk nudi neusporedivu udobnost i potporu. Pogledajmo \u0161to ovaj jastuk za \u010ditanje uzglavlje kreveta \u010dini vrhunskim izborom za va\u0161e potrebe opu\u0161tanja.<\/p>\n<p>Vrhunska udobnost sa zakrivljenim dizajnom oblika<\/p>\n<p>Jedinstveni zakrivljeni dizajn ovog XL uzglavlja osmi\u0161ljen je kako bi vam pru\u017eio udobnost. Njegova struktura idealna je za ubla\u017eavanje napetosti dok ste smje\u0161teni na krevetu, sofi, dnevnom le\u017eaju ili kau\u010du. Ova zna\u010dajka svjedo\u010di o promi\u0161ljenom dizajnu usmjerenom na pru\u017eanje vrhunskog iskustva opu\u0161tanja.<\/p>\n<p>Povi\u0161eni dizajn naslona za vrhunsku potporu<\/p>\n<p>Ono \u0161to izdvaja ovaj jastuk za uzglavlje je njegov inovativni dizajn s dvostrukim redom povi\u0161enog naslona. Ovaj dizajn nudi izvrsnu potporu za va\u0161 vrat i le\u0111a, savr\u0161eno se uskla\u0111uju\u0107i s prirodnom zakrivljeno\u0161\u0107u va\u0161eg tijela. To je vi\u0161e od pukog jastuka; to je uto\u010di\u0161te za opu\u0161tanje gdje se mo\u017eete opustiti, \u010ditati ili gledati TV u krevetu s neusporedivom udobno\u0161\u0107u.<\/p>\n<p>Vi\u0161enamjenski jastuk za svestranu upotrebu<\/p>\n<p>Jastuk za le\u0111a za \u010ditanje u krevetu nije samo jo\u0161 jedan jastuk; to je svestrani dodatak dizajniran za vi\u0161enamjensku upotrebu. Bilo da vam je potreban kao uspravan jastuk za le\u0111a, klinasti jastuk za potporu ili \u010dak kao jastuk za noge za ve\u0107u udobnost, ovaj jastuk se prilago\u0111ava va\u0161im potrebama, \u0161to ga \u010dini neizostavnim dijelom va\u0161e rutine opu\u0161tanja.<\/p>\n<p>Vrhunska izrada i jednostavno odr\u017eavanje<\/p>\n<p>Izra\u0111en od tkanine bar\u0161unastog izgleda sastavljene od 100% poliestera, ovaj jastuk za uzglavlje kreveta nije samo vizualno privla\u010dan, ve\u0107 je i izra\u0111en da traje. Punjen je ekolo\u0161ki prihvatljivim i visokootpornim punjenjem od poliesterskih vlakana, \u0161to osigurava dugotrajnu udobnost. Odvojivi jastuk za krevet lako se pere u perilici rublja, \u0161to odr\u017eavanje \u010dini lakim. Mali bo\u010dni d\u017eepovi dodaju da\u0161ak prakti\u010dnosti, olak\u0161avaju\u0107i dr\u017eanje osnovnih stvari pri ruci.<\/p>\n<p>Jednostavno \u010di\u0161\u0107enje s navlakom s patentnim zatvara\u010dem<\/p>\n<p>Jednostavan proces \u010di\u0161\u0107enja jo\u0161 je jedna prednost. Navlaka za jastuk, pri\u010dvr\u0161\u0107ena za unutra\u0161njost jastuka gumbima, mo\u017ee se lako ukloniti jednostavnim patentnim zatvara\u010dem. Ova prakti\u010dnost omogu\u0107uje vam da va\u0161 jastuk izgleda i osje\u0107a se svje\u017ee uz minimalan napor.<\/p>\n<p>Odaberite svoju savr\u0161enu veli\u010dinu<\/p>\n<p>S veli\u010dinama u rasponu od 100 cm do 200 cm, mo\u017eete odabrati savr\u0161eno pristajanje za svoj prostor. Razli\u010dite veli\u010dine dolaze s razli\u010ditim konfiguracijama stupaca gumba, \u0161to osigurava prilago\u0111enu estetsku privla\u010dnost.<\/p>\n<p>Pohvale kupaca: Prava iskustva<\/p>\n<p>Kupci su podijelili svoja iskustva, isti\u010du\u0107i udobnost, kvalitetu i multifunkcionalne aspekte jastuka za le\u0111a za \u010ditanje u krevetu. Mnogi primje\u0107uju kako je transformirao njihova iskustva \u010ditanja, rada i opu\u0161tanja, s posebnim pohvalama za njegovu potporu i estetiku dizajna. Izrazi &quot;trokutasti jastuk za le\u0111a&quot;, &quot;bar\u0161un&quot; i &quot;devina boja&quot; \u010desto se pojavljuju u recenzijama, \u0161to nagla\u0161ava popularnost proizvoda i zadovoljstvo korisnika.<\/p>\n<p>Pobolj\u0161ajte svoje iskustvo udobnosti<\/p>\n<p>Jastuk za le\u0111a za \u010ditanje u krevetu vi\u0161e je od obi\u010dnog jastuka; to je ulaz u pove\u0107anu udobnost i opu\u0161tanje. Svojim vrhunskim dizajnom, izradom i vi\u0161enamjenskom upotrebom isti\u010de se kao vrhunski izbor za sve koji \u017eele pobolj\u0161ati svoje slobodno vrijeme kod ku\u0107e. Do\u017eivite vrhunsko opu\u0161tanje i potporu ve\u0107 danas i transformirajte na\u010din na koji se opu\u0161tate u svom osobnom prostoru.<\/p>","protected":false},"excerpt":{"rendered":"<ul>\n<li><strong>Vrhunska udobnost:<\/strong> Ovaj XL podignuti jastuk za uzglavlje nudi izvrsnu udobnost zahvaljuju\u0107i svom zaobljenom dizajnu. Ovaj jastuk za \u010ditanje uzglavljem mo\u017ee vam pomo\u0107i da ostanete bez napetosti u krevetu, sofi, dnevnom le\u017eaju ili kau\u010du, \u0161to je idealno za no\u0107ne ptice, knji\u0161ke moljke i gledanje televizije u krevetu.<\/li>\n<li><strong>Dizajn povi\u0161enog naslona:<\/strong> U\u017eivajte u neusporedivoj udobnosti s jedinstvenim dizajnom podignutog naslona na\u0161eg jastuka za uzglavlje u dva reda. Povi\u0161eni jastuk za uzglavlje pru\u017ea vrhunsku potporu va\u0161em vratu i le\u0111ima, \u0161to ga \u010dini savr\u0161enim mjestom za opu\u0161tanje i \u010ditanje u krevetu.<\/li>\n<li><strong>Vi\u0161enamjenski jastuk:<\/strong> S tri razli\u010dita na\u010dina kori\u0161tenja, na\u0161 jastuk je savr\u0161en za svaku situaciju. Bilo da ga preferirate koristiti kao uspravan jastuk za le\u0111a, klinasti jastuk ili jastuk za noge za povi\u0161enu potporu, idealan je dodatak za udoban odmor i opu\u0161tanje.<\/li>\n<li><strong>Vrhunska izrada:<\/strong> Izra\u0111en od tkanine s bar\u0161unastim izgledom, sastava 100% poliestera, na\u0161 jastuk za uzglavlje punjen je ekolo\u0161ki prihvatljivim i visokootpornim poliesterskim vlaknima. Odvojivi jastuk za krevet lako se pere u perilici rublja, dok mali bo\u010dni d\u017eepovi dodaju prakti\u010dnost ovom ve\u0107 luksuznom proizvodu.<\/li>\n<li><strong>Lako se pere:<\/strong> Navlaka za uzglavlje kreveta pri\u010dvr\u0161\u0107ena je za unutra\u0161njost jastuka gumbima i lako se skida jednostavnim patentnim zatvara\u010dem. To olak\u0161ava \u010di\u0161\u0107enje. Samo skinite navlaku i brzo operite u perilici rublja kako bi va\u0161 jastuk izgledao kao nov.<\/li>\n<li><strong>Veli\u010dina:<\/strong> 100 cm (D100 x \u016026 x V55 | 3 stupca gumba), 120 cm (D120 x \u016026 x V55 | 4 stupca gumba), 140 cm (D140 x \u016026 x V55 | 4 stupca gumba), 160 cm (D160 x \u016026 x V55 | 5 stupaca gumba), 180 cm (D180 x \u016026 x V55 | 6 stupaca gumba), 200 cm (D200 x \u016026 x V55 | 7 stupaca gumba).<\/li>\n<\/ul>","protected":false},"featured_media":873,"comment_status":"open","ping_status":"closed","template":"","meta":[],"product_brand":[],"product_cat":[15],"product_tag":[180,183,181,168,171,143,182,120],"class_list":{"0":"post-882","1":"product","2":"type-product","3":"status-publish","4":"has-post-thumbnail","6":"product_cat-large-wedge-pillow","7":"product_tag-back-pillow","8":"product_tag-bed-reading-pillow","9":"product_tag-elevated-backrest-pillow","10":"product_tag-headboard-pillow","11":"product_tag-large-headboard-cushion","12":"product_tag-multifunctional-pillow","13":"product_tag-triangle-back-pillow","14":"product_tag-velvet-pillow","16":"first","17":"instock","18":"shipping-taxable","19":"purchasable","20":"product-type-variable"},"_links":{"self":[{"href":"https:\/\/www.largepillow.com\/hr\/wp-json\/wp\/v2\/product\/882","targetHints":{"allow":["GET"]}}],"collection":[{"href":"https:\/\/www.largepillow.com\/hr\/wp-json\/wp\/v2\/product"}],"about":[{"href":"https:\/\/www.largepillow.com\/hr\/wp-json\/wp\/v2\/types\/product"}],"replies":[{"embeddable":true,"href":"https:\/\/www.largepillow.com\/hr\/wp-json\/wp\/v2\/comments?post=882"}],"wp:featuredmedia":[{"embeddable":true,"href":"https:\/\/www.largepillow.com\/hr\/wp-json\/wp\/v2\/media\/873"}],"wp:attachment":[{"href":"https:\/\/www.largepillow.com\/hr\/wp-json\/wp\/v2\/media?parent=882"}],"wp:term":[{"taxonomy":"product_brand","embeddable":true,"href":"https:\/\/www.largepillow.com\/hr\/wp-json\/wp\/v2\/product_brand?post=882"},{"taxonomy":"product_cat","embeddable":true,"href":"https:\/\/www.largepillow.com\/hr\/wp-json\/wp\/v2\/product_cat?post=882"},{"taxonomy":"product_tag","embeddable":true,"href":"https:\/\/www.largepillow.com\/hr\/wp-json\/wp\/v2\/product_tag?post=882"}],"curies":[{"name":"wp","href":"https:\/\/api.w.org\/{rel}","templated":true}]}}