{"id":914,"date":"2022-09-18T08:07:44","date_gmt":"2022-09-18T08:07:44","guid":{"rendered":"https:\/\/www.largepillow.com\/product\/wedge-pillow-for-acid-reflux_37_38_39_40_41_42_43_44_45_46"},"modified":"2025-06-12T17:32:43","modified_gmt":"2025-06-12T17:32:43","slug":"jastuk-za-krevet-4","status":"publish","type":"product","link":"https:\/\/www.largepillow.com\/hr\/product\/bolster-pillow-for-bed","title":{"rendered":"Jastuk za krevet"},"content":{"rendered":"<p>Jastuk za krevet Bolster \u2013 savr\u0161en dodatak za ugodnu no\u0107 kod ku\u0107e ili lijen dan proveden izle\u017eavaju\u0107i se u krevetu. Ovaj ekstra veliki jastuk s povi\u0161enim uzglavljem nudi vrhunsku udobnost svojim jedinstvenim dizajnom zakrivljenog oblika, omogu\u0107uju\u0107i vam da ostanete bez napetosti dok radite, \u010ditate ili gledate televiziju u krevetu. <\/p>\n<p>Dizajn povi\u0161enog naslona jastuka za uzglavlje pru\u017ea vrhunsku potporu va\u0161em vratu i le\u0111ima, \u0161to ga \u010dini savr\u0161enim mjestom za opu\u0161tanje i \u010ditanje u krevetu. Jastuk je tako\u0111er savr\u0161en za svaku situaciju, s tri razli\u010dita na\u010dina kori\u0161tenja. Bilo da ga preferirate koristiti kao uspravni jastuk za le\u0111a, klinasti jastuk ili jastuk za noge za povi\u0161enu potporu, ovaj vi\u0161enamjenski jastuk dizajniran je za va\u0161u udobnost.<\/p>\n<p>Izra\u0111en od visokokvalitetne tkanine s izgledom bar\u0161una i ispunjen ekolo\u0161ki prihvatljivim i visokootpornim poliesterskim vlaknima, jastuk za krevet Bolster je izdr\u017eljiv i napravljen da traje. Odvojivi jastuk za krevet lako se pere u perilici rublja, dok mali bo\u010dni d\u017eepovi dodaju prakti\u010dnost ovom ve\u0107 luksuznom proizvodu.<\/p>\n<p>Dostupan u \u0161est razli\u010ditih veli\u010dina, od 100 cm do 200 cm, ovaj jastuk je savr\u0161en za bilo koji krevet, sofu, dnevni le\u017eaj ili kau\u010d. Mo\u017eete odabrati onaj koji odgovara va\u0161im potrebama, bez obzira \u017eelite li ga koristiti za \u010ditanje, rad ili samo opu\u0161tanje.<\/p>\n<p>I nemojte nam samo vjerovati na rije\u010d. Jedan zadovoljni kupac je komentirao: \u201cOvaj jastuk je nevjerojatan! Tako je udoban i savr\u0161ene veli\u010dine. Tkanina je mekana i udobna, a vi\u0161e gumba olak\u0161ava pode\u0161avanje prema va\u0161im \u017eeljama. Definitivno se isplati ulo\u017eiti.\u201d<\/p>\n<p>Jo\u0161 jedna zadovoljna kupica koja je kupila jastuk od holandskog bar\u0161una boje kave rekla je: \u201cOvaj jastuk je tako mekan i udoban. Savr\u0161ene je veli\u010dine za moj krevet, a boja je prekrasna. Koristim ga svaki dan za \u010ditanje i gledanje televizije i napravio je ogromnu razliku u mojoj razini udobnosti.\u201d<\/p>\n<p>Zaklju\u010dno, jastuk Bolster za krevet neophodan je za svakoga tko voli provoditi vrijeme u krevetu. Nudi vrhunsku udobnost, vrhunsku potporu i izra\u0111en je za dugotrajnost uz visokokvalitetnu izradu. Odaberite veli\u010dinu i boju te do\u017eivite vrhunsko opu\u0161tanje.<\/p>","protected":false},"excerpt":{"rendered":"<ul>\n<li><strong>Vrhunska udobnost:<\/strong> Ovaj XL podignuti jastuk za uzglavlje nudi izvrsnu udobnost zahvaljuju\u0107i svom zaobljenom dizajnu. Ovaj jastuk za \u010ditanje uzglavljem mo\u017ee vam pomo\u0107i da ostanete bez napetosti u krevetu, sofi, dnevnom le\u017eaju ili kau\u010du, \u0161to je idealno za no\u0107ne ptice, knji\u0161ke moljke i gledanje televizije u krevetu.<\/li>\n<li><strong>Dizajn povi\u0161enog naslona:<\/strong> U\u017eivajte u neusporedivoj udobnosti s jedinstvenim dizajnom podignutog naslona na\u0161eg jastuka za uzglavlje u dva reda. Povi\u0161eni jastuk za uzglavlje pru\u017ea vrhunsku potporu va\u0161em vratu i le\u0111ima, \u0161to ga \u010dini savr\u0161enim mjestom za opu\u0161tanje i \u010ditanje u krevetu.<\/li>\n<li><strong>Vi\u0161enamjenski jastuk:<\/strong> S tri razli\u010dita na\u010dina kori\u0161tenja, na\u0161 jastuk je savr\u0161en za svaku situaciju. Bilo da ga preferirate koristiti kao uspravan jastuk za le\u0111a, klinasti jastuk ili jastuk za noge za povi\u0161enu potporu, idealan je dodatak za udoban odmor i opu\u0161tanje.<\/li>\n<li><strong>Vrhunska izrada:<\/strong> Izra\u0111en od tkanine s bar\u0161unastim izgledom, sastava 100% poliestera, na\u0161 jastuk za uzglavlje punjen je ekolo\u0161ki prihvatljivim i visokootpornim poliesterskim vlaknima. Odvojivi jastuk za krevet lako se pere u perilici rublja, dok mali bo\u010dni d\u017eepovi dodaju prakti\u010dnost ovom ve\u0107 luksuznom proizvodu.<\/li>\n<li><strong>Lako se pere:<\/strong> Navlaka za uzglavlje kreveta pri\u010dvr\u0161\u0107ena je za unutra\u0161njost jastuka gumbima i lako se skida jednostavnim patentnim zatvara\u010dem. To olak\u0161ava \u010di\u0161\u0107enje. Samo skinite navlaku i brzo operite u perilici rublja kako bi va\u0161 jastuk izgledao kao nov.<\/li>\n<li><strong>Veli\u010dina:<\/strong> 100 cm (D100 x \u016026 x V55 | 3 stupca gumba), 120 cm (D120 x \u016026 x V55 | 4 stupca gumba), 140 cm (D140 x \u016026 x V55 | 4 stupca gumba), 160 cm (D160 x \u016026 x V55 | 5 stupaca gumba), 180 cm (D180 x \u016026 x V55 | 6 stupaca gumba), 200 cm (D200 x \u016026 x V55 | 7 stupaca gumba).<\/li>\n<\/ul>","protected":false},"featured_media":905,"comment_status":"open","ping_status":"closed","template":"","meta":[],"product_brand":[],"product_cat":[15],"product_tag":[178,164,161,168,179,163,143,162,65],"class_list":{"0":"post-914","1":"product","2":"type-product","3":"status-publish","4":"has-post-thumbnail","6":"product_cat-large-wedge-pillow","7":"product_tag-bolster-pillow-for-bed","8":"product_tag-detachable-bolster-bed-cushion","9":"product_tag-elevated-headboard-pillow","10":"product_tag-headboard-pillow","11":"product_tag-headboard-reading-pillow","12":"product_tag-leg-pillow","13":"product_tag-multifunctional-pillow","14":"product_tag-upright-back-pillow","15":"product_tag-wedge-pillow","17":"first","18":"instock","19":"shipping-taxable","20":"purchasable","21":"product-type-variable"},"_links":{"self":[{"href":"https:\/\/www.largepillow.com\/hr\/wp-json\/wp\/v2\/product\/914","targetHints":{"allow":["GET"]}}],"collection":[{"href":"https:\/\/www.largepillow.com\/hr\/wp-json\/wp\/v2\/product"}],"about":[{"href":"https:\/\/www.largepillow.com\/hr\/wp-json\/wp\/v2\/types\/product"}],"replies":[{"embeddable":true,"href":"https:\/\/www.largepillow.com\/hr\/wp-json\/wp\/v2\/comments?post=914"}],"wp:featuredmedia":[{"embeddable":true,"href":"https:\/\/www.largepillow.com\/hr\/wp-json\/wp\/v2\/media\/905"}],"wp:attachment":[{"href":"https:\/\/www.largepillow.com\/hr\/wp-json\/wp\/v2\/media?parent=914"}],"wp:term":[{"taxonomy":"product_brand","embeddable":true,"href":"https:\/\/www.largepillow.com\/hr\/wp-json\/wp\/v2\/product_brand?post=914"},{"taxonomy":"product_cat","embeddable":true,"href":"https:\/\/www.largepillow.com\/hr\/wp-json\/wp\/v2\/product_cat?post=914"},{"taxonomy":"product_tag","embeddable":true,"href":"https:\/\/www.largepillow.com\/hr\/wp-json\/wp\/v2\/product_tag?post=914"}],"curies":[{"name":"wp","href":"https:\/\/api.w.org\/{rel}","templated":true}]}}