{"id":930,"date":"2022-09-18T08:29:22","date_gmt":"2022-09-18T08:29:22","guid":{"rendered":"https:\/\/www.largepillow.com\/product\/wedge-pillow-for-acid-reflux_37_38_39_40_41_42_43_44_45_46_47"},"modified":"2025-09-16T06:24:36","modified_gmt":"2025-09-16T06:24:36","slug":"jastuk-za-krevet","status":"publish","type":"product","link":"https:\/\/www.largepillow.com\/hr\/product\/bed-bolster-cushion","title":{"rendered":"Jastuk za krevet"},"content":{"rendered":"<p>Otkrijte ultimativni jastuk za \u010ditanje i opu\u0161tanje \u2013 jastuk za podupiranje kreveta<\/p>\n<p>Umorni ste od naprezanja vrata i le\u0111a dok \u010ditate ili gledate televiziju u krevetu? Predstavljamo vam Bed Bolster Cushion \u2013 ultra udoban jastuk koji opu\u0161tanje podi\u017ee na nove visine. <\/p>\n<p>Izra\u0111en od 100% poliesterske bar\u0161unaste tkanine i punjen otpornim poliesterskim vlaknima, ovaj predimenzionirani jastuk za uzglavlje pru\u017ea vam mekanu udobnost. Njegov jedinstveni dizajn s podignutim naslonom u dva reda pru\u017ea ergonomsku potporu gornjem dijelu tijela, omogu\u0107uju\u0107i vam udobno sjedenje u krevetu bez naprezanja. <\/p>\n<p>Kupci vole koliko je ovaj jastuk svestran. Mo\u017eete ga koristiti uspravno kao naslon, nagnuto poput klinastog jastuka ili vodoravno kao jastuk za noge. Savr\u0161en je vi\u0161enamjenski jastuk za \u010ditanje, rad na prijenosnom ra\u010dunalu, gledanje filmova ili jednostavno izle\u017eavanje u krevetu. <\/p>\n<p>Kao \u0161to Lily ka\u017ee u svojoj recenziji: \u201eVolim koristiti ovaj ogromni trokutasti jastuk za podupiranje u krevetu dok \u010ditam. Tako je mekan i pru\u017ea dobru potporu mojim le\u0111ima. Prije mi je bilo neugodno nakon 30 minuta \u010ditanja, ali s ovim jastukom mogu satima \u010ditati bez ikakvih bolova u vratu ili le\u0111ima.\u201c<\/p>\n<p>Jastuk za krevet dolazi u raznim \u0161irinama, od 100 cm do 200 cm, tako da mo\u017eete prona\u0107i savr\u0161enu \u0161irinu za svoj krevet. Ima prakti\u010dne bo\u010dne d\u017eepove za telefon, daljinski upravlja\u010d, nao\u010dale ili knjigu. Mekana bar\u0161unasta navlaka se mo\u017ee skinuti i prati u perilici rublja radi lak\u0161eg odr\u017eavanja.<\/p>\n<p>Ako \u017eelite podi\u0107i opu\u0161tanje na nove visine, po\u010dastite se udobno\u0161\u0107u jastuka za krevet. Njegova vrhunska potpora i prilagodljiv oblik \u010dine ga ultimativnim jastukom za \u010ditanje, rad ili gledanje omiljenih emisija u krevetu. Unesite luksuz i udobnost u svoju spava\u0107u sobu ve\u0107 danas!<\/p>","protected":false},"excerpt":{"rendered":"<ul>\n<li><strong>Vrhunska udobnost:<\/strong> Ovaj XL podignuti jastuk za uzglavlje nudi izvrsnu udobnost zahvaljuju\u0107i svom zaobljenom dizajnu. Ovaj jastuk za \u010ditanje uzglavljem mo\u017ee vam pomo\u0107i da ostanete bez napetosti u krevetu, sofi, dnevnom le\u017eaju ili kau\u010du, \u0161to je idealno za no\u0107ne ptice, knji\u0161ke moljke i gledanje televizije u krevetu.<\/li>\n<li><strong>Dizajn povi\u0161enog naslona:<\/strong> U\u017eivajte u neusporedivoj udobnosti s jedinstvenim dizajnom podignutog naslona na\u0161eg jastuka za uzglavlje u dva reda. Povi\u0161eni jastuk za uzglavlje pru\u017ea vrhunsku potporu va\u0161em vratu i le\u0111ima, \u0161to ga \u010dini savr\u0161enim mjestom za opu\u0161tanje i \u010ditanje u krevetu.<\/li>\n<li><strong>Vi\u0161enamjenski jastuk:<\/strong> S tri razli\u010dita na\u010dina kori\u0161tenja, na\u0161 jastuk je savr\u0161en za svaku situaciju. Bilo da ga preferirate koristiti kao uspravan jastuk za le\u0111a, klinasti jastuk ili jastuk za noge za povi\u0161enu potporu, idealan je dodatak za udoban odmor i opu\u0161tanje.<\/li>\n<li><strong>Vrhunska izrada:<\/strong> Izra\u0111en od tkanine s bar\u0161unastim izgledom, sastava 100% poliestera, na\u0161 jastuk za uzglavlje punjen je ekolo\u0161ki prihvatljivim i visokootpornim poliesterskim vlaknima. Odvojivi jastuk za krevet lako se pere u perilici rublja, dok mali bo\u010dni d\u017eepovi dodaju prakti\u010dnost ovom ve\u0107 luksuznom proizvodu.<\/li>\n<li><strong>Lako se pere:<\/strong> Navlaka za uzglavlje kreveta pri\u010dvr\u0161\u0107ena je za unutra\u0161njost jastuka gumbima i lako se skida jednostavnim patentnim zatvara\u010dem. To olak\u0161ava \u010di\u0161\u0107enje. Samo skinite navlaku i brzo operite u perilici rublja kako bi va\u0161 jastuk izgledao kao nov.<\/li>\n<li><strong>Veli\u010dina:<\/strong> 100 cm (D100 x \u016026 x V55 | 3 stupca gumba), 120 cm (D120 x \u016026 x V55 | 4 stupca gumba), 140 cm (D140 x \u016026 x V55 | 4 stupca gumba), 160 cm (D160 x \u016026 x V55 | 5 stupaca gumba), 180 cm (D180 x \u016026 x V55 | 6 stupaca gumba), 200 cm (D200 x \u016026 x V55 | 7 stupaca gumba).<\/li>\n<\/ul>","protected":false},"featured_media":921,"comment_status":"open","ping_status":"closed","template":"","meta":[],"product_brand":[],"product_cat":[15],"product_tag":[60,174,164,161,177,143,76,176,162,175,120,65],"class_list":{"0":"post-930","1":"product","2":"type-product","3":"status-publish","4":"has-post-thumbnail","6":"product_cat-large-wedge-pillow","7":"product_tag-backrest-pillow","8":"product_tag-bed-bolster-cushion","9":"product_tag-detachable-bolster-bed-cushion","10":"product_tag-elevated-headboard-pillow","11":"product_tag-luxury-pillow","12":"product_tag-multifunctional-pillow","13":"product_tag-neck-support-pillow","14":"product_tag-practical-pillow","15":"product_tag-upright-back-pillow","16":"product_tag-velvet-fabric-pillow","17":"product_tag-velvet-pillow","18":"product_tag-wedge-pillow","20":"first","21":"instock","22":"shipping-taxable","23":"purchasable","24":"product-type-variable"},"_links":{"self":[{"href":"https:\/\/www.largepillow.com\/hr\/wp-json\/wp\/v2\/product\/930","targetHints":{"allow":["GET"]}}],"collection":[{"href":"https:\/\/www.largepillow.com\/hr\/wp-json\/wp\/v2\/product"}],"about":[{"href":"https:\/\/www.largepillow.com\/hr\/wp-json\/wp\/v2\/types\/product"}],"replies":[{"embeddable":true,"href":"https:\/\/www.largepillow.com\/hr\/wp-json\/wp\/v2\/comments?post=930"}],"wp:featuredmedia":[{"embeddable":true,"href":"https:\/\/www.largepillow.com\/hr\/wp-json\/wp\/v2\/media\/921"}],"wp:attachment":[{"href":"https:\/\/www.largepillow.com\/hr\/wp-json\/wp\/v2\/media?parent=930"}],"wp:term":[{"taxonomy":"product_brand","embeddable":true,"href":"https:\/\/www.largepillow.com\/hr\/wp-json\/wp\/v2\/product_brand?post=930"},{"taxonomy":"product_cat","embeddable":true,"href":"https:\/\/www.largepillow.com\/hr\/wp-json\/wp\/v2\/product_cat?post=930"},{"taxonomy":"product_tag","embeddable":true,"href":"https:\/\/www.largepillow.com\/hr\/wp-json\/wp\/v2\/product_tag?post=930"}],"curies":[{"name":"wp","href":"https:\/\/api.w.org\/{rel}","templated":true}]}}