{"id":946,"date":"2022-09-18T08:36:16","date_gmt":"2022-09-18T08:36:16","guid":{"rendered":"https:\/\/www.largepillow.com\/product\/wedge-pillow-for-acid-reflux_37_38_39_40_41_42_43_44_45_46_47_48"},"modified":"2024-10-03T16:31:35","modified_gmt":"2024-10-03T16:31:35","slug":"jastuk-za-podupiranje-kreveta","status":"publish","type":"product","link":"https:\/\/www.largepillow.com\/hr\/product\/bolster-cushion-for-bed","title":{"rendered":"Jastuk za krevet"},"content":{"rendered":"<p>Vrhunska udobnost i podr\u0161ka: jastuk za krevet<\/p>\n<p>Jeste li umorni od neudobnih i nepodupiru\u0107ih jastuka koji vas ostavljaju umornima i bolnima? Ne tra\u017eite dalje od jastuka za krevet s podupira\u010dem, rje\u0161enja za sve va\u0161e probleme prije spavanja.<\/p>\n<p>Neusporediva udobnost i potpora za le\u0111a<\/p>\n<p>Ovaj jastuk s povi\u0161enim uzglavljem ima zakrivljeni dizajn koji se prilago\u0111ava va\u0161em tijelu, pru\u017eaju\u0107i iznimnu udobnost. Njegov jedinstveni povi\u0161eni naslon u dva reda nudi neusporedivu potporu za va\u0161 vrat i le\u0111a, \u0161to ga \u010dini idealnim za knji\u0161ke moljace, no\u0107ne ptice i ljubitelje televizije.<\/p>\n<p>Vi\u0161enamjenski i svestran<\/p>\n<p>S tri svestrana na\u010dina kori\u0161tenja, jastuk Bolster savr\u0161en je pratitelj u svakoj situaciji. Koristite ga kao uspravni jastuk za ugodno \u010ditanje, kao klinasti jastuk za povi\u0161enu potporu nogama ili kao jastuk za noge za dodatnu udobnost.<\/p>\n<p>Iznimna izrada i materijali<\/p>\n<p>Izra\u0111en od luksuzne tkanine s bar\u0161unastim izgledom (100% poliester), ekolo\u0161ki prihvatljivo punjenje od poliesterskih vlakana osigurava visoku otpornost i potporu. Njegov odvojivi jastuk za krevet nevjerojatno ga \u010dini jednostavnim za pranje u perilici rublja, dok mali bo\u010dni d\u017eepovi dodaju funkcionalnost.<\/p>\n<p>Jednostavno odr\u017eavanje<\/p>\n<p>Odr\u017eavanje jastuka Bolster je jednostavno. Navlaka za uzglavlje pri\u010dvr\u0161\u0107uje se gumbima i ima prakti\u010dan patentni zatvara\u010d za jednostavno skidanje. Jednostavno skinite navlaku i operite je u perilici rublja za osvje\u017eenje.<\/p>\n<p>Dostupno u raznim veli\u010dinama<\/p>\n<p>Odaberite izme\u0111u raznih veli\u010dina koje \u0107e savr\u0161eno odgovarati va\u0161em krevetu i va\u0161im potrebama: 100 cm, 120 cm, 140 cm, 160 cm, 180 cm i 200 cm.<\/p>\n<p>Iskustva kupaca<\/p>\n<p>Nemojte nam samo vjerovati na rije\u010d. Evo \u0161to zadovoljni kupci imaju za re\u0107i:<\/p>\n<p>\u201cOvaj jastuk za sjedenje mijenja sve. Potpuno je pobolj\u0161ao kvalitetu mog sna i potporu za le\u0111a.\u201d \u2013 Sarah J.<br \/>\n\u201cKao strastvenom \u010ditatelju, ovaj jastuk mi je vrijeme za spavanje u\u010dinio uistinu opu\u0161taju\u0107im iskustvom. Tako je udoban i pru\u017ea dobru potporu.\u201d \u2013 John F.<br \/>\n\u201cObo\u017eavam svestranost ovog jastuka. Savr\u0161en je za \u010ditanje, gledanje televizije ili \u010dak kao oslonac za noge.\u201d \u2013 Mary K.<\/p>\n<p>Pobolj\u0161ajte svoju rutinu prije spavanja jastukom za podupiranje<\/p>\n<p>Pobolj\u0161ajte do\u017eivljaj svoje spava\u0107e sobe uz Bolster jastuk za krevet. Njegova iznimna udobnost, potpora, svestranost i jednostavno odr\u017eavanje pretvorit \u0107e va\u0161e no\u0107i u oazu opu\u0161tanja i pomla\u0111ivanja.<\/p>","protected":false},"excerpt":{"rendered":"<ul>\n<li><strong>Vrhunska udobnost:<\/strong> Ovaj XL podignuti jastuk za uzglavlje nudi izvrsnu udobnost zahvaljuju\u0107i svom zaobljenom dizajnu. Ovaj jastuk za \u010ditanje uzglavljem mo\u017ee vam pomo\u0107i da ostanete bez napetosti u krevetu, sofi, dnevnom le\u017eaju ili kau\u010du, \u0161to je idealno za no\u0107ne ptice, knji\u0161ke moljke i gledanje televizije u krevetu.<\/li>\n<li><strong>Dizajn povi\u0161enog naslona:<\/strong> U\u017eivajte u neusporedivoj udobnosti s jedinstvenim dizajnom podignutog naslona na\u0161eg jastuka za uzglavlje u dva reda. Povi\u0161eni jastuk za uzglavlje pru\u017ea vrhunsku potporu va\u0161em vratu i le\u0111ima, \u0161to ga \u010dini savr\u0161enim mjestom za opu\u0161tanje i \u010ditanje u krevetu.<\/li>\n<li><strong>Vi\u0161enamjenski jastuk:<\/strong> S tri razli\u010dita na\u010dina kori\u0161tenja, na\u0161 jastuk je savr\u0161en za svaku situaciju. Bilo da ga preferirate koristiti kao uspravan jastuk za le\u0111a, klinasti jastuk ili jastuk za noge za povi\u0161enu potporu, idealan je dodatak za udoban odmor i opu\u0161tanje.<\/li>\n<li><strong>Vrhunska izrada:<\/strong> Izra\u0111en od tkanine s bar\u0161unastim izgledom, sastava 100% poliestera, na\u0161 jastuk za uzglavlje punjen je ekolo\u0161ki prihvatljivim i visokootpornim poliesterskim vlaknima. Odvojivi jastuk za krevet lako se pere u perilici rublja, dok mali bo\u010dni d\u017eepovi dodaju prakti\u010dnost ovom ve\u0107 luksuznom proizvodu.<\/li>\n<li><strong>Lako se pere:<\/strong> Navlaka za uzglavlje kreveta pri\u010dvr\u0161\u0107ena je za unutra\u0161njost jastuka gumbima i lako se skida jednostavnim patentnim zatvara\u010dem. To olak\u0161ava \u010di\u0161\u0107enje. Samo skinite navlaku i brzo operite u perilici rublja kako bi va\u0161 jastuk izgledao kao nov.<\/li>\n<li><strong>Veli\u010dina:<\/strong> 100 cm (D100 x \u016026 x V55 | 3 stupca gumba), 120 cm (D120 x \u016026 x V55 | 4 stupca gumba), 140 cm (D140 x \u016026 x V55 | 4 stupca gumba), 160 cm (D160 x \u016026 x V55 | 5 stupaca gumba), 180 cm (D180 x \u016026 x V55 | 6 stupaca gumba), 200 cm (D200 x \u016026 x V55 | 7 stupaca gumba).<\/li>\n<\/ul>","protected":false},"featured_media":937,"comment_status":"open","ping_status":"closed","template":"","meta":[],"product_brand":[],"product_cat":[15],"product_tag":[108,173,161,168,143,120,65],"class_list":{"0":"post-946","1":"product","2":"type-product","3":"status-publish","4":"has-post-thumbnail","6":"product_cat-large-wedge-pillow","7":"product_tag-bed-cushion","8":"product_tag-bolster-cushion","9":"product_tag-elevated-headboard-pillow","10":"product_tag-headboard-pillow","11":"product_tag-multifunctional-pillow","12":"product_tag-velvet-pillow","13":"product_tag-wedge-pillow","15":"first","16":"instock","17":"shipping-taxable","18":"purchasable","19":"product-type-variable"},"_links":{"self":[{"href":"https:\/\/www.largepillow.com\/hr\/wp-json\/wp\/v2\/product\/946","targetHints":{"allow":["GET"]}}],"collection":[{"href":"https:\/\/www.largepillow.com\/hr\/wp-json\/wp\/v2\/product"}],"about":[{"href":"https:\/\/www.largepillow.com\/hr\/wp-json\/wp\/v2\/types\/product"}],"replies":[{"embeddable":true,"href":"https:\/\/www.largepillow.com\/hr\/wp-json\/wp\/v2\/comments?post=946"}],"wp:featuredmedia":[{"embeddable":true,"href":"https:\/\/www.largepillow.com\/hr\/wp-json\/wp\/v2\/media\/937"}],"wp:attachment":[{"href":"https:\/\/www.largepillow.com\/hr\/wp-json\/wp\/v2\/media?parent=946"}],"wp:term":[{"taxonomy":"product_brand","embeddable":true,"href":"https:\/\/www.largepillow.com\/hr\/wp-json\/wp\/v2\/product_brand?post=946"},{"taxonomy":"product_cat","embeddable":true,"href":"https:\/\/www.largepillow.com\/hr\/wp-json\/wp\/v2\/product_cat?post=946"},{"taxonomy":"product_tag","embeddable":true,"href":"https:\/\/www.largepillow.com\/hr\/wp-json\/wp\/v2\/product_tag?post=946"}],"curies":[{"name":"wp","href":"https:\/\/api.w.org\/{rel}","templated":true}]}}