{"id":962,"date":"2022-09-18T08:44:12","date_gmt":"2022-09-18T08:44:12","guid":{"rendered":"https:\/\/www.largepillow.com\/product\/wedge-pillow-for-acid-reflux_37_38_39_40_41_42_43_44_45_46_47_48_49"},"modified":"2026-01-20T12:03:43","modified_gmt":"2026-01-20T12:03:43","slug":"veliki-jastuk-za-podupiranje","status":"publish","type":"product","link":"https:\/\/www.largepillow.com\/hr\/product\/large-bolster-cushion","title":{"rendered":"Veliki jastuk za podupiranje"},"content":{"rendered":"<p>Tra\u017eite li vrhunsku udobnost dok \u010ditate ili gledate televiziju u krevetu? Ne tra\u017eite dalje od na\u0161eg velikog jastuka za podupiranje.<\/p>\n<p>Ovaj XL jastuk s povi\u0161enim uzglavljem ima zakrivljeni dizajn koji korisnicima pru\u017ea izvrsnu udobnost. Bilo da ste no\u0107na ptica, knji\u0161ki moljac ili se jednostavno \u017eelite opustiti u krevetu, ovaj jastuk je odli\u010dan na\u010din da se opustite. Povi\u0161eni dizajn naslona pru\u017ea vrhunsku potporu za va\u0161 vrat i le\u0111a, \u0161to ga \u010dini savr\u0161enim mjestom za opu\u0161tanje i \u010ditanje u krevetu.<\/p>\n<p>Na\u0161 jastuk je vi\u0161enamjenski i mo\u017eete ga koristiti na tri razli\u010dita na\u010dina. Bilo da ga preferirate koristiti kao uspravni jastuk za le\u0111a, klinasti jastuk ili jastuk za noge za povi\u0161enu potporu, idealan je dodatak za udoban odmor i opu\u0161tanje.<\/p>\n<p>Izra\u0111en od tkanine s bar\u0161unastim izgledom, odnosno 100% poliestera, na\u0161 jastuk za uzglavlje punjen je ekolo\u0161ki prihvatljivim i visokootpornim poliesterskim vlaknima. Odvojivi jastuk za krevet lako se pere u perilici rublja, dok mali bo\u010dni d\u017eepovi dodaju prakti\u010dnost ovom ve\u0107 luksuznom proizvodu.<\/p>\n<p>\u0160tovi\u0161e, ovaj jastuk se lako pere jer je navlaka za uzglavlje pri\u010dvr\u0161\u0107ena za unutra\u0161njost jastuka gumbima i lako se skida jednostavnim patentnim zatvara\u010dem. Samo skinite navlaku i brzo operite u perilici rublja kako bi va\u0161 jastuk izgledao kao nov.<\/p>\n<p>Veliki jastuk za krevet dolazi u razli\u010ditim veli\u010dinama \u2013 100 cm, 120 cm, 140 cm, 160 cm, 180 cm i 200 cm \u2013 tako da mo\u017eete odabrati savr\u0161enu veli\u010dinu za svoj krevet. Dostupan je u crnoj boji, \u0161to ga \u010dini elegantnim dodatkom svakom ure\u0111enju spava\u0107e sobe.<\/p>\n<p>Kupci koji su kupili na\u0161 veliki jastuk za podupiranje izuzetno su zadovoljni svojom kupnjom. Mnogi su pohvalili jastuk zbog \u201cmekanog i udobnog\u201d osje\u0107aja, dok su drugi komentirali njegovu \u201cvisokokvalitetnu izradu\u201d. Jedan ga je kupac \u010dak opisao kao \u201csavr\u0161en jastuk za \u010ditanje u krevetu\u201d.\u201d<\/p>\n<p>Sveukupno, na\u0161 veliki jastuk za spavanje neophodan je za svakoga tko tra\u017ei udobnost i luksuz dok \u010dita ili gleda televiziju u krevetu. Zahvaljuju\u0107i vrhunskoj izradi, dizajnu koji se lako pere i svestranoj funkcionalnosti, ovaj jastuk je izvrsna investicija za svakoga tko \u017eeli pobolj\u0161ati svoju rutinu prije spavanja.<\/p>","protected":false},"excerpt":{"rendered":"<ul>\n<li><strong>Vrhunska udobnost:<\/strong> Ovaj XL podignuti jastuk za uzglavlje nudi izvrsnu udobnost zahvaljuju\u0107i svom zaobljenom dizajnu. Ovaj jastuk za \u010ditanje uzglavljem mo\u017ee vam pomo\u0107i da ostanete bez napetosti u krevetu, sofi, dnevnom le\u017eaju ili kau\u010du, \u0161to je idealno za no\u0107ne ptice, knji\u0161ke moljke i gledanje televizije u krevetu.<\/li>\n<li><strong>Dizajn povi\u0161enog naslona:<\/strong> U\u017eivajte u neusporedivoj udobnosti s jedinstvenim dizajnom podignutog naslona na\u0161eg jastuka za uzglavlje u dva reda. Povi\u0161eni jastuk za uzglavlje pru\u017ea vrhunsku potporu va\u0161em vratu i le\u0111ima, \u0161to ga \u010dini savr\u0161enim mjestom za opu\u0161tanje i \u010ditanje u krevetu.<\/li>\n<li><strong>Vi\u0161enamjenski jastuk:<\/strong> S tri razli\u010dita na\u010dina kori\u0161tenja, na\u0161 jastuk je savr\u0161en za svaku situaciju. Bilo da ga preferirate koristiti kao uspravan jastuk za le\u0111a, klinasti jastuk ili jastuk za noge za povi\u0161enu potporu, idealan je dodatak za udoban odmor i opu\u0161tanje.<\/li>\n<li><strong>Vrhunska izrada:<\/strong> Izra\u0111en od tkanine s bar\u0161unastim izgledom, sastava 100% poliestera, na\u0161 jastuk za uzglavlje punjen je ekolo\u0161ki prihvatljivim i visokootpornim poliesterskim vlaknima. Odvojivi jastuk za krevet lako se pere u perilici rublja, dok mali bo\u010dni d\u017eepovi dodaju prakti\u010dnost ovom ve\u0107 luksuznom proizvodu.<\/li>\n<li><strong>Lako se pere:<\/strong> Navlaka za uzglavlje kreveta pri\u010dvr\u0161\u0107ena je za unutra\u0161njost jastuka gumbima i lako se skida jednostavnim patentnim zatvara\u010dem. To olak\u0161ava \u010di\u0161\u0107enje. Samo skinite navlaku i brzo operite u perilici rublja kako bi va\u0161 jastuk izgledao kao nov.<\/li>\n<li><strong>Veli\u010dina:<\/strong> 100 cm (D100 x \u016026 x V55 | 3 stupca gumba), 120 cm (D120 x \u016026 x V55 | 4 stupca gumba), 140 cm (D140 x \u016026 x V55 | 4 stupca gumba), 160 cm (D160 x \u016026 x V55 | 5 stupaca gumba), 180 cm (D180 x \u016026 x V55 | 6 stupaca gumba), 200 cm (D200 x \u016026 x V55 | 7 stupaca gumba).<\/li>\n<\/ul>","protected":false},"featured_media":953,"comment_status":"open","ping_status":"closed","template":"","meta":[],"product_brand":[],"product_cat":[15],"product_tag":[108,161,172,143,59,100,162,120,65],"class_list":{"0":"post-962","1":"product","2":"type-product","3":"status-publish","4":"has-post-thumbnail","6":"product_cat-large-wedge-pillow","7":"product_tag-bed-cushion","8":"product_tag-elevated-headboard-pillow","9":"product_tag-large-bolster-cushion","10":"product_tag-multifunctional-pillow","11":"product_tag-reading-pillow","12":"product_tag-sofa-daybed-pillow","13":"product_tag-upright-back-pillow","14":"product_tag-velvet-pillow","15":"product_tag-wedge-pillow","17":"first","18":"instock","19":"shipping-taxable","20":"purchasable","21":"product-type-variable"},"_links":{"self":[{"href":"https:\/\/www.largepillow.com\/hr\/wp-json\/wp\/v2\/product\/962","targetHints":{"allow":["GET"]}}],"collection":[{"href":"https:\/\/www.largepillow.com\/hr\/wp-json\/wp\/v2\/product"}],"about":[{"href":"https:\/\/www.largepillow.com\/hr\/wp-json\/wp\/v2\/types\/product"}],"replies":[{"embeddable":true,"href":"https:\/\/www.largepillow.com\/hr\/wp-json\/wp\/v2\/comments?post=962"}],"wp:featuredmedia":[{"embeddable":true,"href":"https:\/\/www.largepillow.com\/hr\/wp-json\/wp\/v2\/media\/953"}],"wp:attachment":[{"href":"https:\/\/www.largepillow.com\/hr\/wp-json\/wp\/v2\/media?parent=962"}],"wp:term":[{"taxonomy":"product_brand","embeddable":true,"href":"https:\/\/www.largepillow.com\/hr\/wp-json\/wp\/v2\/product_brand?post=962"},{"taxonomy":"product_cat","embeddable":true,"href":"https:\/\/www.largepillow.com\/hr\/wp-json\/wp\/v2\/product_cat?post=962"},{"taxonomy":"product_tag","embeddable":true,"href":"https:\/\/www.largepillow.com\/hr\/wp-json\/wp\/v2\/product_tag?post=962"}],"curies":[{"name":"wp","href":"https:\/\/api.w.org\/{rel}","templated":true}]}}