{"id":76,"date":"2022-09-14T02:44:21","date_gmt":"2022-09-14T02:44:21","guid":{"rendered":"https:\/\/www.largepillow.com\/?page_id=76"},"modified":"2025-09-26T03:14:54","modified_gmt":"2025-09-26T03:14:54","slug":"lepjen-kapcsolatba-velunk","status":"publish","type":"page","link":"https:\/\/www.largepillow.com\/hu\/contact-us","title":{"rendered":"L\u00e9pjen kapcsolatba vel\u00fcnk"},"content":{"rendered":"<div class=\"row\"  id=\"row-488236531\">\n\n\t<div id=\"col-959394762\" class=\"col small-12 large-12\"  >\n\t\t\t\t<div class=\"col-inner\"  >\n\t\t\t\n\t\t\t\n\t<div id=\"text-522431278\" class=\"text\">\n\t\t\n<p>Csapatunk minden \u00fcgyf\u00e9lszolg\u00e1lati \u00e9s rendel\u00e9si k\u00e9rd\u00e9sre e-mailben tud v\u00e1laszolni.<\/p>\n<p>M\u0171k\u00f6d\u00e9si id\u0151:<br \/>H\u00e9tf\u0151t\u0151l p\u00e9ntekig: 9:00-16:00 PST<\/p>\n<p>Szo &amp; V Z\u00c1RVA<\/p>\n\t\t\n<style>\n#text-522431278 {\n  text-align: center;\n}\n<\/style>\n\t<\/div>\n\t\n\t\t<\/div>\n\t\t\t\t\t<\/div>\n\n\t\n<\/div>\n\n<div class=\"wpcf7 no-js\" id=\"wpcf7-f74-o1\" lang=\"en-US\" dir=\"ltr\" data-wpcf7-id=\"74\">\n<div class=\"screen-reader-response\"><p role=\"status\" aria-live=\"polite\" aria-atomic=\"true\"><\/p> <ul><\/ul><\/div>\n<form action=\"\/hu\/wp-json\/wp\/v2\/pages\/76#wpcf7-f74-o1\" method=\"post\" class=\"wpcf7-form init\" aria-label=\"Kapcsolatfelv\u00e9teli \u0171rlap\" novalidate=\"novalidate\" data-status=\"init\" data-trp-original-action=\"\/hu\/wp-json\/wp\/v2\/pages\/76#wpcf7-f74-o1\">\n<fieldset class=\"hidden-fields-container\"><input type=\"hidden\" name=\"_wpcf7\" value=\"74\" \/><input type=\"hidden\" name=\"_wpcf7_version\" value=\"6.1.5\" \/><input type=\"hidden\" name=\"_wpcf7_locale\" value=\"en_US\" \/><input type=\"hidden\" name=\"_wpcf7_unit_tag\" value=\"wpcf7-f74-o1\" \/><input type=\"hidden\" name=\"_wpcf7_container_post\" value=\"0\" \/><input type=\"hidden\" name=\"_wpcf7_posted_data_hash\" value=\"\" \/>\n<\/fieldset>\n<div class=\"wpcf7-turnstile cf-turnstile\" data-sitekey=\"0x4AAAAAABkrxGIHneho-AL4\" data-response-field-name=\"_wpcf7_turnstile_response\"><\/div>\n\n<p><label> A neved<br \/>\n<span class=\"wpcf7-form-control-wrap\" data-name=\"your-name\"><input size=\"40\" maxlength=\"400\" class=\"wpcf7-form-control wpcf7-text wpcf7-validates-as-required\" aria-required=\"true\" aria-invalid=\"false\" value=\"\" type=\"text\" name=\"your-name\" \/><\/span> <\/label>\n<\/p>\n<p><label> Az email c\u00edmed<br \/>\n<span class=\"wpcf7-form-control-wrap\" data-name=\"your-email\"><input size=\"40\" maxlength=\"400\" class=\"wpcf7-form-control wpcf7-email wpcf7-validates-as-required wpcf7-text wpcf7-validates-as-email\" aria-required=\"true\" aria-invalid=\"false\" value=\"\" type=\"email\" name=\"your-email\" \/><\/span> <\/label>\n<\/p>\n<p><label> Tant\u00e1rgy<br \/>\n<span class=\"wpcf7-form-control-wrap\" data-name=\"your-subject\"><input size=\"40\" maxlength=\"400\" class=\"wpcf7-form-control wpcf7-text wpcf7-validates-as-required\" aria-required=\"true\" aria-invalid=\"false\" value=\"\" type=\"text\" name=\"your-subject\" \/><\/span> <\/label>\n<\/p>\n<p><label> Az \u00d6n \u00fczenete (nem k\u00f6telez\u0151)<br \/>\n<span class=\"wpcf7-form-control-wrap\" data-name=\"your-message\"><textarea cols=\"40\" rows=\"10\" maxlength=\"2000\" class=\"wpcf7-form-control wpcf7-textarea\" aria-invalid=\"false\" name=\"your-message\"><\/textarea><\/span> <\/label>\n<\/p>\n<p><input class=\"wpcf7-form-control wpcf7-submit has-spinner\" type=\"submit\" value=\"Bek\u00fcld\u00e9s\" \/>\n<\/p><div class=\"wpcf7-response-output\" aria-hidden=\"true\"><\/div>\n<input type=\"hidden\" name=\"trp-form-language\" value=\"hu\"\/><\/form>\n<\/div>\n\n<p style=\"display:none\">Ezt a webhelyet a reCAPTCHA \u00e9s a Google v\u00e9di <a href=\"https:\/\/policies.google.com\/privacy\" target=\"_blank\" rel=\"noopener\">Adatv\u00e9delmi ir\u00e1nyelvek<\/a> \u00e9s <a href=\"https:\/\/policies.google.com\/terms\" target=\"_blank\" rel=\"noopener\">Szolg\u00e1ltat\u00e1s felt\u00e9telei<\/a> alkalmaz.<\/p>","protected":false},"excerpt":{"rendered":"<p>Ezt a webhelyet a reCAPTCHA v\u00e9di, \u00e9s a Google adatv\u00e9delmi ir\u00e1nyelvei \u00e9s szolg\u00e1ltat\u00e1si felt\u00e9telei \u00e9rv\u00e9nyesek.<\/p>","protected":false},"author":1,"featured_media":0,"parent":0,"menu_order":0,"comment_status":"closed","ping_status":"closed","template":"","meta":{"footnotes":""},"class_list":["post-76","page","type-page","status-publish","hentry"],"_links":{"self":[{"href":"https:\/\/www.largepillow.com\/hu\/wp-json\/wp\/v2\/pages\/76","targetHints":{"allow":["GET"]}}],"collection":[{"href":"https:\/\/www.largepillow.com\/hu\/wp-json\/wp\/v2\/pages"}],"about":[{"href":"https:\/\/www.largepillow.com\/hu\/wp-json\/wp\/v2\/types\/page"}],"author":[{"embeddable":true,"href":"https:\/\/www.largepillow.com\/hu\/wp-json\/wp\/v2\/users\/1"}],"replies":[{"embeddable":true,"href":"https:\/\/www.largepillow.com\/hu\/wp-json\/wp\/v2\/comments?post=76"}],"version-history":[{"count":3,"href":"https:\/\/www.largepillow.com\/hu\/wp-json\/wp\/v2\/pages\/76\/revisions"}],"predecessor-version":[{"id":9396,"href":"https:\/\/www.largepillow.com\/hu\/wp-json\/wp\/v2\/pages\/76\/revisions\/9396"}],"wp:attachment":[{"href":"https:\/\/www.largepillow.com\/hu\/wp-json\/wp\/v2\/media?parent=76"}],"curies":[{"name":"wp","href":"https:\/\/api.w.org\/{rel}","templated":true}]}}