{"id":1062,"date":"2022-09-19T02:13:56","date_gmt":"2022-09-19T02:13:56","guid":{"rendered":"https:\/\/www.largepillow.com\/product\/triangle-wedge-bolster"},"modified":"2025-09-19T02:32:11","modified_gmt":"2025-09-19T02:32:11","slug":"agy-testparna-2","status":"publish","type":"product","link":"https:\/\/www.largepillow.com\/hu\/product\/bed-body-cushion","title":{"rendered":"\u00c1gy testp\u00e1rna"},"content":{"rendered":"<p>Tal\u00e1lja meg a t\u00f6k\u00e9letes olvas\u00e1si \u00e9s pihen\u00e9si t\u00e1maszt az \u00e1gy testp\u00e1rn\u00e1val<\/p>\n<p>K\u00e9nyeztesse mag\u00e1t luxus k\u00e9nyelemmel \u00e9s t\u00e1mogat\u00e1ssal olvas\u00e1shoz, munk\u00e1hoz vagy az \u00e1gyban val\u00f3 pihen\u00e9shez a Bed Body Cushion p\u00e1rn\u00e1val. Ez az \u00e1tgondolt t\u00e9glalap alak\u00fa p\u00e1rna b\u00e1rmilyen sz\u00f6gben elhelyezhet\u0151 a h\u00e1ta, a v\u00e1llak vagy a l\u00e1bak m\u00f6g\u00e9, \u00edgy szem\u00e9lyre szabott, puha, m\u00e9gis t\u00e1maszt\u00f3 p\u00e1rn\u00e1z\u00e1st biztos\u00edt. <\/p>\n<p>A buja, b\u00e1rsonyosan sima poli\u00e9szter b\u00e1rsonyb\u00f3l k\u00e9sz\u00fclt \u00e9s rugalmas mikro poli\u00e9szter sz\u00e1lbet\u00e9ttel b\u0151s\u00e9gesen megt\u00f6lt\u00f6tt\u00e9k, a Bed Body Cushion h\u00e1romdimenzi\u00f3s cs\u00edkos mint\u00e1j\u00e1val \u00e9s el\u00f6l dekorat\u00edv sz\u00f6vet gombcsom\u00f3ival kiemelkedik a szok\u00e1sos h\u00e1tt\u00e1mla p\u00e1rn\u00e1k k\u00f6z\u00fcl. A teljesen burkolt \u00e9lek \u00e9s a tart\u00f3s, k\u00e9tir\u00e1ny\u00fa cipz\u00e1r gondoskodik arr\u00f3l, hogy a p\u00e1rna meg\u0151rizze form\u00e1s kont\u00farj\u00e1t a mindennapi haszn\u00e1lat sor\u00e1n. <\/p>\n<p>A rendelkez\u00e9sre \u00e1ll\u00f3 hat m\u00e9retben megtal\u00e1lhatja a t\u00f6k\u00e9letes illeszked\u00e9st az \u00e1gy\u00e1hoz, az ablak\u00fcl\u00e9shez, a kanap\u00e9hoz, vagy b\u00e1rhov\u00e1, ahol megt\u00e1masztja a h\u00e1t\u00e1t \u00e9s k\u00e9nyelmes k\u00e9nyelmet szeretne. Az \u00fcgyfelek sz\u00edvesen haszn\u00e1lj\u00e1k:<\/p>\n<p>\u2013 Olvasni, laptopon dolgozni vagy eszk\u00f6z\u00f6ket b\u00f6ng\u00e9szni az \u00e1gyban<br \/>\n\u2013 TV-n\u00e9z\u00e9s vagy videoj\u00e1t\u00e9kok f\u00fcgg\u0151leges helyzetben<br \/>\n\u2013 Der\u00e9kt\u00e1masz biztos\u00edt\u00e1sa terhess\u00e9g alatt<br \/>\n- A m\u0171t\u00e9t ut\u00e1ni fel\u00e9p\u00fcl\u00e9s seg\u00edt\u00e9se<br \/>\n\u2013 J\u00f3gap\u00f3zok \u00e9s ny\u00fajt\u00e1sok gyakorl\u00e1sa<br \/>\n- K\u00e9nyelmes szoptat\u00e1s<\/p>\n<p>Ahogy egy el\u00e9gedett v\u00e1s\u00e1rl\u00f3 mondta: \u201eEz a p\u00e1rna rendk\u00edv\u00fcl puha \u00e9s k\u00e9nyelmes. Szeretem az \u00e1gyamon haszn\u00e1lni, hogy k\u00e9nyelmesen \u00fclhessek olvasni vagy laptopon dolgozni. J\u00f3l megt\u00e1masztja a h\u00e1tam als\u00f3 r\u00e9sz\u00e9t an\u00e9lk\u00fcl, hogy t\u00fal kem\u00e9ny lenne. A b\u00e1rsonysz\u00f6vet sokkal dr\u00e1g\u00e1bbnak t\u0171nik, mint amilyen. Nagyon aj\u00e1nlom ezt a p\u00e1rn\u00e1t!\u201d<\/p>\n<p>Egyszer\u0171, de eleg\u00e1ns diz\u00e1jnj\u00e1val a Bed Body Cushion vonz\u00f3 dekor\u00e1ci\u00f3s akcentuss\u00e1 teszi h\u00e1l\u00f3szob\u00e1j\u00e1t vagy b\u00e1rmely helyis\u00e9g\u00e9t, amikor nem haszn\u00e1lja. A buja, sz\u00fcrke b\u00e1rsony sz\u00ednben kaphat\u00f3, kifinomults\u00e1got k\u00f6lcs\u00f6n\u00f6z.<\/p>\n<p>A kiv\u00e9teles k\u00e9nyelem \u00e9s t\u00e1mogat\u00e1s \u00e9rdek\u00e9ben kedvenc \u00e1ll\u00f3 tev\u00e9kenys\u00e9gei sor\u00e1n k\u00e9nyeztetheti mag\u00e1t a Bed Body Cushion p\u00e1rn\u00e1val m\u00e9g ma!<\/p>","protected":false},"excerpt":{"rendered":"<ul>\n<li><strong>T\u00d6K\u00c9LETES OLVAS\u00d3P\u00c1RNA:<\/strong> A t\u00e9glalap alak\u00fa p\u00e1rn\u00e1val ez a k\u00e9nyelmes \u00e1gy melletti olvas\u00f3p\u00e1rna t\u00f6k\u00e9letesen puha h\u00e1tt\u00e1maszt ny\u00fajt, mint der\u00e9kp\u00e1rna, amikor fel\u00fcl az \u00e1gyra olvas\u00e1shoz, t\u00e9v\u00e9n\u00e9z\u00e9shez, telefon\u00e1l\u00e1shoz, t\u00e1blag\u00e9pez\u00e9shez, videoj\u00e1t\u00e9kokhoz, j\u00f3g\u00e1z\u00e1shoz, szoptat\u00e1shoz \u00e9s pihen\u00e9shez. m\u0171t\u00e9t ut\u00e1n.<\/li>\n<li><strong>K\u00c9NYELMES TESTP\u00c1RNA:<\/strong> Nagy testp\u00e1rnak\u00e9nt helyettes\u00edti az \u00f6sszes norm\u00e1l \u00e1gynyugalmat vagy der\u00e9kt\u00e1ji p\u00e1rn\u00e1t, t\u00f6bb poz\u00edci\u00f3t hoz l\u00e9tre pozicion\u00e1l\u00f3 p\u00e1rnak\u00e9nt, amely al\u00e1t\u00e1masztja a h\u00e1tat, a v\u00e1llat, a gerincet, a gyomrot, a l\u00e1bakat, \u00e9s lehet\u0151v\u00e9 teszi az izmok ellazul\u00e1s\u00e1t. El\u0151seg\u00edti minden alv\u00f3 gerinc\u00e9nek kiegyenl\u00edt\u00e9s\u00e9t, ak\u00e1r k\u00e1rpitozott \u00e1gyt\u00e1mla p\u00e1rn\u00e1ra, ak\u00e1r nagy h\u00e1tt\u00e1mla p\u00e1rn\u00e1ra van sz\u00fcks\u00e9ge, ha csak t\u00f6bb vagy kevesebb padl\u00e1sra van sz\u00fcks\u00e9ge. Haszn\u00e1lhatja terhess\u00e9gi p\u00e1rnak\u00e9nt is, amely k\u00fcl\u00f6nb\u00f6z\u0151 testr\u00e9szek t\u00e1maszt\u00e1s\u00e1t ny\u00fajtja \u00e9s enyh\u00edti a terhes f\u00e1jdalmakat.<\/li>\n<li><strong>EREDETI KIV\u00c1L\u00d3 MIN\u0150S\u00c9G\u0170 ANYAGOKKAL TERVEZVE:<\/strong> A t\u00e9glalap alak\u00fa olvas\u00f3p\u00e1rna h\u00e1romdimenzi\u00f3s cs\u00edkokkal, sz\u00f6vet gombcsom\u00f3kkal, teljesen szegett \u00e9lekkel rendelkezik, amelyek nagyon megk\u00fcl\u00f6nb\u00f6ztetik a t\u00f6bbi norm\u00e1l h\u00e1tt\u00e1mla p\u00e1rn\u00e1t\u00f3l. B\u00e1r a h\u00e1tt\u00e1mla d\u00edszp\u00e1rna puha, m\u00e9gis meg\u0151rzi t\u00e1maszt\u00f3 form\u00e1j\u00e1t az\u00e1ltal, hogy teljes m\u00e9rt\u00e9kben kihaszn\u00e1lja a rugalmas \u00e9s rugalmas mikro-poli\u00e9szter sz\u00e1lbet\u00e9tet. Az \u00e1gy melletti p\u00e1rna k\u00e9tir\u00e1ny\u00fa cipz\u00e1ra, amely nagyon er\u0151s \u00e9s tart\u00f3s a hossz\u00fa t\u00e1v\u00fa haszn\u00e1latra.<\/li>\n<li><strong>GY\u00d6NY\u00d6R\u0170 \u00c9JEL\u0150 D\u00cdSZP\u00c1RNA:<\/strong> Ha gyors \u00e9s egyszer\u0171 fejt\u00e1ml\u00e1ra van sz\u00fcks\u00e9ge, ez a k\u00e1rpitozott fejt\u00e1mla olvas\u00f3p\u00e1rna alternat\u00edvak\u00e9nt haszn\u00e1lhat\u00f3, mik\u00f6zben gy\u00f6ny\u00f6r\u0171 \u00e1gydekor\u00e1ci\u00f3t ny\u00fajt. Eleg\u00e1ns kialak\u00edt\u00e1sa h\u00edvogat\u00f3 kil\u00e1t\u00e1st k\u00f6lcs\u00f6n\u00f6z h\u00e1l\u00f3szob\u00e1j\u00e1nak. Tetszet\u0151s megjelen\u00e9s\u00e9vel ez az eredeti \u00e1gyt\u00e1mla p\u00e1rna \u00e1ll\u00edthat\u00f3 h\u00e1l\u00f3szob\u00e1ba, sz\u00e1llod\u00e1ba, k\u00f3rh\u00e1zba, ablak\u00fcl\u00e9sbe, kanap\u00e9ba, kanap\u00e9ba, hever\u0151be, emeletes \u00e1gyba, koll\u00e9giumi \u00e1gyba, emelv\u00e9nyes \u00e1gyba.<\/li>\n<li><strong>LEVEHET\u0150 DER\u00c9KP\u00c1RNAH\u00daZAT \u00c9S K\u00d6NNYEN MOS\u00c1S:<\/strong> K\u00f6nnyed\u00e9n elt\u00e1vol\u00edthatja az \u00e1gynyugalom bloster p\u00e1rnahuzat\u00e1t, ha kinyitja a cipz\u00e1rt, \u00e9s kih\u00fazza a gombokat az olvas\u00f3p\u00e1rna huzat\u00e1r\u00f3l, \u00e9s mos\u00f3g\u00e9pben moshatja.<\/li>\n<li><strong>Sz\u00f6vet:<\/strong> B\u00e1rsony (100% poli\u00e9szter).<\/li>\n<li><strong>M\u00e9ret:<\/strong> 100x50x8cm (3 gomb), 120x50x8cm (4 gomb), 140x50x8cm (4 gomb), 160x50x8cm (5 gomb), 180x50x8cm (6 gomb), 200x50x8cm (7 gomb)<\/li>\n<\/ul>","protected":false},"featured_media":1045,"comment_status":"open","ping_status":"closed","template":"","meta":[],"product_brand":[],"product_cat":[28],"product_tag":[77,124,142,115,79,144,118,59,153,152,120],"class_list":{"0":"post-1062","1":"product","2":"type-product","3":"status-publish","4":"has-post-thumbnail","6":"product_cat-large-body-pillow","7":"product_tag-bed-rest-pillow","8":"product_tag-bedside-decorative-pillow","9":"product_tag-bedside-reading-pillow","10":"product_tag-comfortable-body-pillow","11":"product_tag-lumbar-pillow","12":"product_tag-positioner-pillow","13":"product_tag-pregnancy-pillow","14":"product_tag-reading-pillow","15":"product_tag-removable-lumbar-pillow-cover","16":"product_tag-upholstery-headboard-reading-pillow","17":"product_tag-velvet-pillow","19":"first","20":"instock","21":"featured","22":"shipping-taxable","23":"purchasable","24":"product-type-variable"},"_links":{"self":[{"href":"https:\/\/www.largepillow.com\/hu\/wp-json\/wp\/v2\/product\/1062","targetHints":{"allow":["GET"]}}],"collection":[{"href":"https:\/\/www.largepillow.com\/hu\/wp-json\/wp\/v2\/product"}],"about":[{"href":"https:\/\/www.largepillow.com\/hu\/wp-json\/wp\/v2\/types\/product"}],"replies":[{"embeddable":true,"href":"https:\/\/www.largepillow.com\/hu\/wp-json\/wp\/v2\/comments?post=1062"}],"wp:featuredmedia":[{"embeddable":true,"href":"https:\/\/www.largepillow.com\/hu\/wp-json\/wp\/v2\/media\/1045"}],"wp:attachment":[{"href":"https:\/\/www.largepillow.com\/hu\/wp-json\/wp\/v2\/media?parent=1062"}],"wp:term":[{"taxonomy":"product_brand","embeddable":true,"href":"https:\/\/www.largepillow.com\/hu\/wp-json\/wp\/v2\/product_brand?post=1062"},{"taxonomy":"product_cat","embeddable":true,"href":"https:\/\/www.largepillow.com\/hu\/wp-json\/wp\/v2\/product_cat?post=1062"},{"taxonomy":"product_tag","embeddable":true,"href":"https:\/\/www.largepillow.com\/hu\/wp-json\/wp\/v2\/product_tag?post=1062"}],"curies":[{"name":"wp","href":"https:\/\/api.w.org\/{rel}","templated":true}]}}