{"id":10731,"date":"2025-07-31T09:54:14","date_gmt":"2025-07-31T09:54:14","guid":{"rendered":"https:\/\/www.largepillow.com\/product\/oversized-curved-chaise-lounge-sofa-sleeper-for-living-room"},"modified":"2025-08-13T01:58:41","modified_gmt":"2025-08-13T01:58:41","slug":"tulmeretezett-ivelt-nyugagy-kanape-a-nappaliba","status":"publish","type":"product","link":"https:\/\/www.largepillow.com\/hu\/product\/oversized-curved-chaise-lounge-sofa-sleeper-for-living-room","title":{"rendered":"T\u00falm\u00e9retezett, \u00edvelt hever\u0151 kanap\u00e9 a nappaliba"},"content":{"rendered":"[zc_getpagecontent mb=&#8221;mb_aplus&#8221; apid=&#8221;141&#8243;]\n","protected":false},"excerpt":{"rendered":"<ul>\n<li>Extra nagy k\u00e9nyelem: A 160 cm * 128 cm * 64 cm (64\u2033 x 51\u2033 x 25\u2033) m\u00e9ret\u0171, t\u00falm\u00e9retezett nyug\u00e1gy k\u00e9nyelmesen elf\u00e9r 2-3 f\u0151 sz\u00e1m\u00e1ra. Az ergonomikus \u00edvelt kialak\u00edt\u00e1s k\u00f6veti a test term\u00e9szetes \u00edv\u00e9t, \u00edgy kiv\u00e1l\u00f3 k\u00e9nyelmet biztos\u00edt t\u00f6bb d\u0151l\u00e9ssz\u00f6gben \u2013 t\u00f6k\u00e9letes pihen\u00e9shez, szuny\u00f3k\u00e1l\u00e1shoz vagy k\u00f6z\u00f6s pihen\u00e9shez.<\/li>\n<li>Pl\u00fcss tart\u00e1s \u00e9s tart\u00f3ss\u00e1g tal\u00e1lkoz\u00e1sa: Massz\u00edv habszivacs talppal \u00e9s ultrapuha poli\u00e9szter sz\u00e1las p\u00e1rn\u00e1val k\u00e9sz\u00fclt, ez a d\u00f6nthet\u0151 fotel a szil\u00e1rd tart\u00e1s \u00e9s a felh\u0151szer\u0171 puhas\u00e1g t\u00f6k\u00e9letes kever\u00e9k\u00e9t ny\u00fajtja. \u00c9lvezze a luxus \u00fcl\u00e9si \u00e9lm\u00e9nyt, amely ellaz\u00edtja test\u00e9t.<\/li>\n<li>T\u00f6bbfunkci\u00f3s b\u00e1rmilyen helyis\u00e9gbe: Ak\u00e1r egy hangulatos kanap\u00e9ra van sz\u00fcks\u00e9ge a nappaliban, egy kih\u00fazhat\u00f3 fotelre a h\u00e1l\u00f3szob\u00e1ban, vagy egy pihen\u0151helyre filmn\u00e9z\u00e9shez, ez a sokoldal\u00fa kanap\u00e9 alkalmazkodik az \u00e9letst\u00edlus\u00e1hoz. Ide\u00e1lis olvas\u00e1shoz, j\u00e1t\u00e9khoz vagy min\u0151s\u00e9gi id\u0151t\u00f6lt\u00e9shez csal\u00e1ddal \u00e9s bar\u00e1tokkal.<\/li>\n<li>Levehet\u0151 \u00e9s t\u00f6bbc\u00e9l\u00fa kanap\u00e9p\u00e1rn\u00e1k: A rugalmass\u00e1got szem el\u0151tt tartva tervezett extra vastag p\u00e1rn\u00e1k \u00e9s az alap k\u00fcl\u00f6n\u00e1ll\u00f3ak \u00e9s levehet\u0151k. Haszn\u00e1lja a puha p\u00e1rn\u00e1kat l\u00e1bt\u00f6rl\u0151k\u00e9nt vagy extra \u00fcl\u0151helyk\u00e9nt sz\u00fcks\u00e9g szerint \u2013 t\u00f6k\u00e9letes vend\u00e9geknek vagy spont\u00e1n pizsamapartiknak.<\/li>\n<li>K\u00f6nny\u0171 \u00f6sszeszerel\u00e9s \u00e9s karbantart\u00e1s: 3 csomagban, v\u00e1kuumcsomagolva \u00e9rkezik, 4 habszivacs kerettel \u00e9s vastag p\u00e1rn\u00e1kkal. Hagyd a habot 24-72 \u00f3r\u00e1n \u00e1t t\u00e1gulni, szereld \u00f6ssze k\u00f6nnyed\u00e9n az \u00fatmutat\u00f3nk seg\u00edts\u00e9g\u00e9vel, \u00e9s \u00e9lvezd. A levehet\u0151 cipz\u00e1ras huzat mos\u00f3g\u00e9pben moshat\u00f3 a k\u00f6nny\u0171 tiszt\u00edt\u00e1s \u00e9rdek\u00e9ben.<\/li>\n<\/ul>","protected":false},"featured_media":10708,"comment_status":"open","ping_status":"closed","template":"","meta":[],"product_brand":[],"product_cat":[228],"product_tag":[],"class_list":{"0":"post-10731","1":"product","2":"type-product","3":"status-publish","4":"has-post-thumbnail","6":"product_cat-cushions","8":"first","9":"instock","10":"sold-individually","11":"shipping-taxable","12":"purchasable","13":"product-type-simple"},"_links":{"self":[{"href":"https:\/\/www.largepillow.com\/hu\/wp-json\/wp\/v2\/product\/10731","targetHints":{"allow":["GET"]}}],"collection":[{"href":"https:\/\/www.largepillow.com\/hu\/wp-json\/wp\/v2\/product"}],"about":[{"href":"https:\/\/www.largepillow.com\/hu\/wp-json\/wp\/v2\/types\/product"}],"replies":[{"embeddable":true,"href":"https:\/\/www.largepillow.com\/hu\/wp-json\/wp\/v2\/comments?post=10731"}],"wp:featuredmedia":[{"embeddable":true,"href":"https:\/\/www.largepillow.com\/hu\/wp-json\/wp\/v2\/media\/10708"}],"wp:attachment":[{"href":"https:\/\/www.largepillow.com\/hu\/wp-json\/wp\/v2\/media?parent=10731"}],"wp:term":[{"taxonomy":"product_brand","embeddable":true,"href":"https:\/\/www.largepillow.com\/hu\/wp-json\/wp\/v2\/product_brand?post=10731"},{"taxonomy":"product_cat","embeddable":true,"href":"https:\/\/www.largepillow.com\/hu\/wp-json\/wp\/v2\/product_cat?post=10731"},{"taxonomy":"product_tag","embeddable":true,"href":"https:\/\/www.largepillow.com\/hu\/wp-json\/wp\/v2\/product_tag?post=10731"}],"curies":[{"name":"wp","href":"https:\/\/api.w.org\/{rel}","templated":true}]}}