{"id":1187,"date":"2022-09-19T03:28:05","date_gmt":"2022-09-19T03:28:05","guid":{"rendered":"https:\/\/www.largepillow.com\/product\/wedge-lumbar-pillow"},"modified":"2025-09-19T02:33:07","modified_gmt":"2025-09-19T02:33:07","slug":"nagy-agyparna-parna","status":"publish","type":"product","link":"https:\/\/www.largepillow.com\/hu\/product\/large-bed-bolster-cushion\/","title":{"rendered":"Nagy \u00e1gyp\u00e1rna"},"content":{"rendered":"<p>A nagy \u00e1gyp\u00e1rna: a t\u00f6k\u00e9letes k\u00e9nyelem<\/p>\n<p>Ha nehezen tud huzamosabb ideig fel\u00fclni az \u00e1gyon, legyen sz\u00f3 olvas\u00e1sr\u00f3l, t\u00e9v\u00e9z\u00e9sr\u0151l vagy telefonon val\u00f3 b\u00f6ng\u00e9sz\u00e9sr\u0151l, akkor a Large Bed Bolster Cushion elengedhetetlen kell\u00e9ke. Ezt a k\u00e9nyelmes, \u00e9jjeli olvas\u00f3p\u00e1rn\u00e1t \u00fagy tervezt\u00e9k, hogy puha h\u00e1tt\u00e1ml\u00e1st biztos\u00edtson, der\u00e9kp\u00e1rnak\u00e9nt szolg\u00e1lva, hogy k\u00e9nyelmesen \u00e9s nyugodtan \u00e9rezze mag\u00e1t.<\/p>\n<p>De a Large Bed Bolster Cushion t\u00f6bb, mint egy olvas\u00f3p\u00e1rna. Ez egy nagy testp\u00e1rna, amely helyettes\u00edtheti az \u00f6sszes norm\u00e1l \u00e1gynyugalmat vagy der\u00e9kp\u00e1rn\u00e1t. T\u00f6bb poz\u00edci\u00f3t hoz l\u00e9tre a h\u00e1t, a v\u00e1ll, a gerinc, a has \u00e9s a l\u00e1bak megt\u00e1maszt\u00e1s\u00e1ra, lehet\u0151v\u00e9 t\u00e9ve az izmok ellazul\u00e1s\u00e1t. Ak\u00e1r nagym\u00e9ret\u0171 h\u00e1tt\u00e1mla p\u00e1rn\u00e1ra, ak\u00e1r k\u00e1rpitozott \u00e1gyt\u00e1mla p\u00e1rn\u00e1ra van sz\u00fcks\u00e9ge, a Large Bed Bolster Cushion t\u00f6k\u00e9letesen az \u00d6n ig\u00e9nyeihez igaz\u00edthat\u00f3.<\/p>\n<p>A Large Bed Bolster Cushion kiv\u00e1l\u00f3 min\u0151s\u00e9g\u0171 anyagok felhaszn\u00e1l\u00e1s\u00e1val k\u00e9sz\u00fclt, amelyek biztos\u00edtj\u00e1k, hogy megtartsa alakj\u00e1t \u00e9s al\u00e1t\u00e1maszt\u00e1s\u00e1t. A p\u00e1rn\u00e1n h\u00e1romdimenzi\u00f3s cs\u00edkok, sz\u00f6vet gombcsom\u00f3k \u00e9s teljesen szegett \u00e9lek tal\u00e1lhat\u00f3k. A rugalmas \u00e9s rugalmas mikro-poli\u00e9szter sz\u00e1lbet\u00e9t biztos\u00edtja, hogy a p\u00e1rna meg\u0151rizze eredeti form\u00e1j\u00e1t \u00e9s tart\u00e1s\u00e1t. A k\u00e9tir\u00e1ny\u00fa cipz\u00e1r er\u0151s \u00e9s tart\u00f3s, \u00edgy biztos\u00edtja a hossz\u00fa t\u00e1v\u00fa haszn\u00e1latot.<\/p>\n<p>A Large Bed Bolster Cushion nemcsak funkcion\u00e1lis \u00e9s k\u00e9nyelmes p\u00e1rna, hanem gy\u00f6ny\u00f6r\u0171 dekor\u00e1ci\u00f3s darab is. Eleg\u00e1ns kialak\u00edt\u00e1sa h\u00edvogat\u00f3 kil\u00e1t\u00e1st k\u00f6lcs\u00f6n\u00f6z h\u00e1l\u00f3szob\u00e1j\u00e1nak, \u00edgy remek alternat\u00edv\u00e1ja a fejt\u00e1ml\u00e1nak. Ak\u00e1r egy h\u00e1l\u00f3szob\u00e1ban, sz\u00e1llod\u00e1ban, k\u00f3rh\u00e1zban, ablakon l\u00e9v\u0151 \u00fcl\u00e9sben, kanap\u00e9n, kanap\u00e9n, hever\u0151ben, emeletes \u00e1gyban, koll\u00e9giumi \u00e1gyban vagy emelv\u00e9nyes \u00e1gyban tart\u00f3zkodik, a Large Bed Bolster Cushion az \u00d6n ig\u00e9nyei szerint \u00e1ll\u00edthat\u00f3.<\/p>\n<p>A Large Bed Bolster Cushion b\u00e1rsony anyaga 100% poli\u00e9szter, \u00edgy puha \u00e9s k\u00e9nyelmes tapint\u00e1s\u00fa. K\u00fcl\u00f6nf\u00e9le m\u00e9retekben kaphat\u00f3: 100x50x8cm (3 gomb), 120x50x8cm (4 gomb), 140x50x8cm (4 gomb), 160x50x8cm (5 gomb), 180x50x8cm (6 gomb) \u00e9s 200x50x8cm (7 gomb).<\/p>\n<p>\u00dcgyfeleink \u00e1radnak a nagy \u00e1gyp\u00e1rn\u00e1r\u00f3l! \u00cdme csak n\u00e9h\u00e1ny megjegyz\u00e9s\u00fck:<\/p>\n<p>\u201eAz\u00e9rt vettem ezt a p\u00e1rn\u00e1t, hogy seg\u00edtsek a h\u00e1tf\u00e1j\u00e1somon, \u00e9s ez megv\u00e1ltoztatta a j\u00e1t\u00e9kot! Kiv\u00e1l\u00f3 tart\u00e1st biztos\u00edt, \u00e9s nagyon k\u00e9nyelmes vele aludni.\u201d<\/p>\n<p>\u201eNagyon leny\u0171g\u00f6z\u00f6tt ennek a p\u00e1rn\u00e1nak a min\u0151s\u00e9ge. A b\u00e1rsony anyaga puha \u00e9s f\u00e9ny\u0171z\u0151, a p\u00e1rna pedig nagyon megt\u00e1maszt. Nagyon aj\u00e1nlom!\u201d<\/p>\n<p>\u201eIm\u00e1dom, milyen sokoldal\u00fa ez a p\u00e1rna! Haszn\u00e1lhatom olvas\u00e1shoz, t\u00e9v\u00e9z\u00e9shez vagy alv\u00e1shoz, \u00e9s minden helyzetben remek t\u00e1maszt ny\u00fajt.\u201d<\/p>\n<p>Ha szeretn\u00e9 megtapasztalni a t\u00f6k\u00e9letes k\u00e9nyelmet \u00e9s t\u00e1mogat\u00e1st, mik\u00f6zben fel\u00fcl az \u00e1gyra, akkor a nagy \u00e1gyp\u00e1rna a t\u00f6k\u00e9letes megold\u00e1s az \u00d6n sz\u00e1m\u00e1ra. Ne v\u00e1rjon tov\u00e1bb \u2013 rendelje meg m\u00e9g ma!<\/p>","protected":false},"excerpt":{"rendered":"<ul>\n<li><strong>T\u00d6K\u00c9LETES OLVAS\u00d3P\u00c1RNA:<\/strong> A t\u00e9glalap alak\u00fa p\u00e1rn\u00e1val ez a k\u00e9nyelmes \u00e1gy melletti olvas\u00f3p\u00e1rna t\u00f6k\u00e9letesen puha h\u00e1tt\u00e1maszt ny\u00fajt, mint der\u00e9kp\u00e1rna, amikor fel\u00fcl az \u00e1gyra olvas\u00e1shoz, t\u00e9v\u00e9n\u00e9z\u00e9shez, telefon\u00e1l\u00e1shoz, t\u00e1blag\u00e9pez\u00e9shez, videoj\u00e1t\u00e9kokhoz, j\u00f3g\u00e1z\u00e1shoz, szoptat\u00e1shoz \u00e9s pihen\u00e9shez. m\u0171t\u00e9t ut\u00e1n.<\/li>\n<li><strong>K\u00c9NYELMES TESTP\u00c1RNA:<\/strong> Nagy testp\u00e1rnak\u00e9nt helyettes\u00edti az \u00f6sszes norm\u00e1l \u00e1gynyugalmat vagy der\u00e9kt\u00e1ji p\u00e1rn\u00e1t, t\u00f6bb poz\u00edci\u00f3t hoz l\u00e9tre pozicion\u00e1l\u00f3 p\u00e1rnak\u00e9nt, amely al\u00e1t\u00e1masztja a h\u00e1tat, a v\u00e1llat, a gerincet, a gyomrot, a l\u00e1bakat, \u00e9s lehet\u0151v\u00e9 teszi az izmok ellazul\u00e1s\u00e1t. El\u0151seg\u00edti minden alv\u00f3 gerinc\u00e9nek kiegyenl\u00edt\u00e9s\u00e9t, ak\u00e1r k\u00e1rpitozott \u00e1gyt\u00e1mla p\u00e1rn\u00e1ra, ak\u00e1r nagy h\u00e1tt\u00e1mla p\u00e1rn\u00e1ra van sz\u00fcks\u00e9ge, ha csak t\u00f6bb vagy kevesebb padl\u00e1sra van sz\u00fcks\u00e9ge. Haszn\u00e1lhatja terhess\u00e9gi p\u00e1rnak\u00e9nt is, amely k\u00fcl\u00f6nb\u00f6z\u0151 testr\u00e9szek t\u00e1maszt\u00e1s\u00e1t ny\u00fajtja \u00e9s enyh\u00edti a terhes f\u00e1jdalmakat.<\/li>\n<li><strong>EREDETI KIV\u00c1L\u00d3 MIN\u0150S\u00c9G\u0170 ANYAGOKKAL TERVEZVE:<\/strong> A t\u00e9glalap alak\u00fa olvas\u00f3p\u00e1rna h\u00e1romdimenzi\u00f3s cs\u00edkokkal, sz\u00f6vet gombcsom\u00f3kkal, teljesen szegett \u00e9lekkel rendelkezik, amelyek nagyon megk\u00fcl\u00f6nb\u00f6ztetik a t\u00f6bbi norm\u00e1l h\u00e1tt\u00e1mla p\u00e1rn\u00e1t\u00f3l. B\u00e1r a h\u00e1tt\u00e1mla d\u00edszp\u00e1rna puha, m\u00e9gis meg\u0151rzi t\u00e1maszt\u00f3 form\u00e1j\u00e1t az\u00e1ltal, hogy teljes m\u00e9rt\u00e9kben kihaszn\u00e1lja a rugalmas \u00e9s rugalmas mikro-poli\u00e9szter sz\u00e1lbet\u00e9tet. Az \u00e1gy melletti p\u00e1rna k\u00e9tir\u00e1ny\u00fa cipz\u00e1ra, amely nagyon er\u0151s \u00e9s tart\u00f3s a hossz\u00fa t\u00e1v\u00fa haszn\u00e1latra.<\/li>\n<li><strong>GY\u00d6NY\u00d6R\u0170 \u00c9JEL\u0150 D\u00cdSZP\u00c1RNA:<\/strong> Ha gyors \u00e9s egyszer\u0171 fejt\u00e1ml\u00e1ra van sz\u00fcks\u00e9ge, ez a k\u00e1rpitozott fejt\u00e1mla olvas\u00f3p\u00e1rna alternat\u00edvak\u00e9nt haszn\u00e1lhat\u00f3, mik\u00f6zben gy\u00f6ny\u00f6r\u0171 \u00e1gydekor\u00e1ci\u00f3t ny\u00fajt. Eleg\u00e1ns kialak\u00edt\u00e1sa h\u00edvogat\u00f3 kil\u00e1t\u00e1st k\u00f6lcs\u00f6n\u00f6z h\u00e1l\u00f3szob\u00e1j\u00e1nak. Tetszet\u0151s megjelen\u00e9s\u00e9vel ez az eredeti \u00e1gyt\u00e1mla p\u00e1rna \u00e1ll\u00edthat\u00f3 h\u00e1l\u00f3szob\u00e1ba, sz\u00e1llod\u00e1ba, k\u00f3rh\u00e1zba, ablak\u00fcl\u00e9sbe, kanap\u00e9ba, kanap\u00e9ba, hever\u0151be, emeletes \u00e1gyba, koll\u00e9giumi \u00e1gyba, emelv\u00e9nyes \u00e1gyba.<\/li>\n<li><strong>LEVEHET\u0150 DER\u00c9KP\u00c1RNAH\u00daZAT \u00c9S K\u00d6NNYEN MOS\u00c1S:<\/strong> K\u00f6nnyed\u00e9n elt\u00e1vol\u00edthatja az \u00e1gynyugalom bloster p\u00e1rnahuzat\u00e1t, ha kinyitja a cipz\u00e1rt, \u00e9s kih\u00fazza a gombokat az olvas\u00f3p\u00e1rna huzat\u00e1r\u00f3l, \u00e9s mos\u00f3g\u00e9pben moshatja.<\/li>\n<li><strong>Sz\u00f6vet:<\/strong> B\u00e1rsony (100% poli\u00e9szter).<\/li>\n<li><strong>M\u00e9ret:<\/strong> 100x50x8cm (3 gomb), 120x50x8cm (4 gomb), 140x50x8cm (4 gomb), 160x50x8cm (5 gomb), 180x50x8cm (6 gomb), 200x50x8cm (7 gomb)<\/li>\n<\/ul>","protected":false},"featured_media":1171,"comment_status":"open","ping_status":"closed","template":"","meta":[],"product_brand":[],"product_cat":[28],"product_tag":[117,124,122,121,131,79,112,118,59,126,125,128,127,129,130,123],"class_list":{"0":"post-1187","1":"product","2":"type-product","3":"status-publish","4":"has-post-thumbnail","6":"product_cat-large-body-pillow","7":"product_tag-back-support-cushion","8":"product_tag-bedside-decorative-pillow","9":"product_tag-body-pillow","10":"product_tag-large-bed-bolster-cushion","11":"product_tag-leg-support-pillow","12":"product_tag-lumbar-pillow","13":"product_tag-lumbar-support-pillow","14":"product_tag-pregnancy-pillow","15":"product_tag-reading-pillow","16":"product_tag-rectangular-shape-cushion","17":"product_tag-removable-pillow-cover","18":"product_tag-shoulder-support-pillow","19":"product_tag-soft-back-support-cushion","20":"product_tag-spine-support-pillow","21":"product_tag-stomach-support-pillow","22":"product_tag-upholstered-bedrest-pillow","24":"first","25":"instock","26":"featured","27":"shipping-taxable","28":"purchasable","29":"product-type-variable"},"_links":{"self":[{"href":"https:\/\/www.largepillow.com\/hu\/wp-json\/wp\/v2\/product\/1187","targetHints":{"allow":["GET"]}}],"collection":[{"href":"https:\/\/www.largepillow.com\/hu\/wp-json\/wp\/v2\/product"}],"about":[{"href":"https:\/\/www.largepillow.com\/hu\/wp-json\/wp\/v2\/types\/product"}],"replies":[{"embeddable":true,"href":"https:\/\/www.largepillow.com\/hu\/wp-json\/wp\/v2\/comments?post=1187"}],"wp:featuredmedia":[{"embeddable":true,"href":"https:\/\/www.largepillow.com\/hu\/wp-json\/wp\/v2\/media\/1171"}],"wp:attachment":[{"href":"https:\/\/www.largepillow.com\/hu\/wp-json\/wp\/v2\/media?parent=1187"}],"wp:term":[{"taxonomy":"product_brand","embeddable":true,"href":"https:\/\/www.largepillow.com\/hu\/wp-json\/wp\/v2\/product_brand?post=1187"},{"taxonomy":"product_cat","embeddable":true,"href":"https:\/\/www.largepillow.com\/hu\/wp-json\/wp\/v2\/product_cat?post=1187"},{"taxonomy":"product_tag","embeddable":true,"href":"https:\/\/www.largepillow.com\/hu\/wp-json\/wp\/v2\/product_tag?post=1187"}],"curies":[{"name":"wp","href":"https:\/\/api.w.org\/{rel}","templated":true}]}}