{"id":1209,"date":"2022-09-19T03:31:40","date_gmt":"2022-09-19T03:31:40","guid":{"rendered":"https:\/\/www.largepillow.com\/product\/back-support-pillow"},"modified":"2025-12-11T13:44:46","modified_gmt":"2025-12-11T13:44:46","slug":"nagyagyparna-parna","status":"publish","type":"product","link":"https:\/\/www.largepillow.com\/hu\/product\/large-bed-bolster-pillow","title":{"rendered":"Nagy \u00e1gyp\u00e1rna"},"content":{"rendered":"<p>Tal\u00e1lja meg a t\u00f6k\u00e9letes olvas\u00f3p\u00e1rn\u00e1t a nagy \u00e1gyp\u00e1rn\u00e1val<\/p>\n<p>Ha szeret olvasni, TV-t n\u00e9zni vagy az \u00e1gyban dolgozni, de extra h\u00e1tt\u00e1maszra van sz\u00fcks\u00e9ge, a Large Bed Bolster Pillow a t\u00f6k\u00e9letes megold\u00e1s. Ez a t\u00e9glalap alak\u00fa p\u00e1rnap\u00e1rna \u00e1ll\u00edthat\u00f3 der\u00e9kt\u00e1maszt biztos\u00edt, \u00edgy k\u00e9nyelmesen megt\u00e1masztva \u00fclhet az \u00e1gyban. <\/p>\n<p>A puha, rugalmas mikro poli\u00e9szter sz\u00e1lbet\u00e9tb\u0151l k\u00e9sz\u00fclt p\u00e1rna meg\u0151rzi alakj\u00e1t, mik\u00f6zben alkalmazkodik az \u00d6n test\u00e9hez. A k\u00e9tir\u00e1ny\u00fa cipz\u00e1r megk\u00f6nny\u00edti a levehet\u0151 b\u00e1rsonyhuzat lev\u00e9tel\u00e9t \u00e9s g\u00e9pi mos\u00e1s\u00e1t is. Bojtos gombjaival \u00e9s tiszt\u00e1n szegett sz\u00e9leivel ez a p\u00e1rna egyszer\u0171 eleganci\u00e1t k\u00f6lcs\u00f6n\u00f6z b\u00e1rmely h\u00e1l\u00f3szoba dekor\u00e1ci\u00f3j\u00e1nak. <\/p>\n<p>Az \u00fcgyfelek szeretik ezt a sokoldal\u00fa p\u00e1rn\u00e1t t\u00f6bbf\u00e9lek\u00e9ppen haszn\u00e1lni:<\/p>\n<p>\u201eEredetileg olvas\u00f3p\u00e1rn\u00e1nak vettem, de annyira k\u00e9nyelmes, hogy akkor is haszn\u00e1lom, ha \u00e9ppen nem olvasok. T\u00f6k\u00e9letes h\u00e1tt\u00e1mla p\u00e1rna, ak\u00e1r a laptopomon dolgozom az \u00e1gyban, ak\u00e1r csak pihenek t\u00e9v\u00e9t n\u00e9zek.\u201d<\/p>\n<p>\u201eTerhess\u00e9gi p\u00e1rnak\u00e9nt el\u00e9g \u00e1ll\u00edthat\u00f3 volt ahhoz, hogy al\u00e1t\u00e1massza a h\u00e1tam, vagy a hasam al\u00e1 b\u00fajjon. \u00c9s most, hogy szoptatok, m\u00e9g mindig hasznos a h\u00e1tam m\u00f6g\u00e9 t\u00e1masztva, amikor fel\u00fcl\u00f6k az \u00e1gyban.\u201d  <\/p>\n<p>\u201eEz egy nagyszer\u0171 der\u00e9kt\u00e1masz p\u00e1rna a m\u0171t\u00e9tem ut\u00e1n. Be tudom \u00e1ll\u00edtani a padl\u00e1st, \u00e9s a h\u00e1tam m\u00f6g\u00f6tt marad, ahogy fel\u00e9p\u00fcl\u00f6k.<\/p>\n<p>Hat m\u00e9retben el\u00e9rhet\u0151, biztosan megtal\u00e1lja az ig\u00e9nyeinek megfelel\u0151 m\u00e9retet. Az \u00e1rak m\u00e9rett\u0151l f\u00fcgg\u0151en $XX.XX-$XX.XX k\u00f6z\u00f6tt mozognak. Var\u00e1zsoljon k\u00f6nnyed k\u00e9nyelmet \u00e9s st\u00edlust h\u00e1l\u00f3szob\u00e1j\u00e1ba a Large Bed Bolster Pillow sokoldal\u00fa al\u00e1t\u00e1maszt\u00e1s\u00e1val.<\/p>","protected":false},"excerpt":{"rendered":"<ul>\n<li><strong>T\u00d6K\u00c9LETES OLVAS\u00d3P\u00c1RNA:<\/strong> A t\u00e9glalap alak\u00fa p\u00e1rn\u00e1val ez a k\u00e9nyelmes \u00e1gy melletti olvas\u00f3p\u00e1rna t\u00f6k\u00e9letesen puha h\u00e1tt\u00e1maszt ny\u00fajt, mint der\u00e9kp\u00e1rna, amikor fel\u00fcl az \u00e1gyra olvas\u00e1shoz, t\u00e9v\u00e9n\u00e9z\u00e9shez, telefon\u00e1l\u00e1shoz, t\u00e1blag\u00e9pez\u00e9shez, videoj\u00e1t\u00e9kokhoz, j\u00f3g\u00e1z\u00e1shoz, szoptat\u00e1shoz \u00e9s pihen\u00e9shez. m\u0171t\u00e9t ut\u00e1n.<\/li>\n<li><strong>K\u00c9NYELMES TESTP\u00c1RNA:<\/strong> Nagy testp\u00e1rnak\u00e9nt helyettes\u00edti az \u00f6sszes norm\u00e1l \u00e1gynyugalmat vagy der\u00e9kt\u00e1ji p\u00e1rn\u00e1t, t\u00f6bb poz\u00edci\u00f3t hoz l\u00e9tre pozicion\u00e1l\u00f3 p\u00e1rnak\u00e9nt, amely al\u00e1t\u00e1masztja a h\u00e1tat, a v\u00e1llat, a gerincet, a gyomrot, a l\u00e1bakat, \u00e9s lehet\u0151v\u00e9 teszi az izmok ellazul\u00e1s\u00e1t. El\u0151seg\u00edti minden alv\u00f3 gerinc\u00e9nek kiegyenl\u00edt\u00e9s\u00e9t, ak\u00e1r k\u00e1rpitozott \u00e1gyt\u00e1mla p\u00e1rn\u00e1ra, ak\u00e1r nagy h\u00e1tt\u00e1mla p\u00e1rn\u00e1ra van sz\u00fcks\u00e9ge, ha csak t\u00f6bb vagy kevesebb padl\u00e1sra van sz\u00fcks\u00e9ge. Haszn\u00e1lhatja terhess\u00e9gi p\u00e1rnak\u00e9nt is, amely k\u00fcl\u00f6nb\u00f6z\u0151 testr\u00e9szek t\u00e1maszt\u00e1s\u00e1t ny\u00fajtja \u00e9s enyh\u00edti a terhes f\u00e1jdalmakat.<\/li>\n<li><strong>EREDETI KIV\u00c1L\u00d3 MIN\u0150S\u00c9G\u0170 ANYAGOKKAL TERVEZVE:<\/strong> A t\u00e9glalap alak\u00fa olvas\u00f3p\u00e1rna h\u00e1romdimenzi\u00f3s cs\u00edkokkal, sz\u00f6vet gombcsom\u00f3kkal, teljesen szegett \u00e9lekkel rendelkezik, amelyek nagyon megk\u00fcl\u00f6nb\u00f6ztetik a t\u00f6bbi norm\u00e1l h\u00e1tt\u00e1mla p\u00e1rn\u00e1t\u00f3l. B\u00e1r a h\u00e1tt\u00e1mla d\u00edszp\u00e1rna puha, m\u00e9gis meg\u0151rzi t\u00e1maszt\u00f3 form\u00e1j\u00e1t az\u00e1ltal, hogy teljes m\u00e9rt\u00e9kben kihaszn\u00e1lja a rugalmas \u00e9s rugalmas mikro-poli\u00e9szter sz\u00e1lbet\u00e9tet. Az \u00e1gy melletti p\u00e1rna k\u00e9tir\u00e1ny\u00fa cipz\u00e1ra, amely nagyon er\u0151s \u00e9s tart\u00f3s a hossz\u00fa t\u00e1v\u00fa haszn\u00e1latra.<\/li>\n<li><strong>GY\u00d6NY\u00d6R\u0170 \u00c9JEL\u0150 D\u00cdSZP\u00c1RNA:<\/strong> Ha gyors \u00e9s egyszer\u0171 fejt\u00e1ml\u00e1ra van sz\u00fcks\u00e9ge, ez a k\u00e1rpitozott fejt\u00e1mla olvas\u00f3p\u00e1rna alternat\u00edvak\u00e9nt haszn\u00e1lhat\u00f3, mik\u00f6zben gy\u00f6ny\u00f6r\u0171 \u00e1gydekor\u00e1ci\u00f3t ny\u00fajt. Eleg\u00e1ns kialak\u00edt\u00e1sa h\u00edvogat\u00f3 kil\u00e1t\u00e1st k\u00f6lcs\u00f6n\u00f6z h\u00e1l\u00f3szob\u00e1j\u00e1nak. Tetszet\u0151s megjelen\u00e9s\u00e9vel ez az eredeti \u00e1gyt\u00e1mla p\u00e1rna \u00e1ll\u00edthat\u00f3 h\u00e1l\u00f3szob\u00e1ba, sz\u00e1llod\u00e1ba, k\u00f3rh\u00e1zba, ablak\u00fcl\u00e9sbe, kanap\u00e9ba, kanap\u00e9ba, hever\u0151be, emeletes \u00e1gyba, koll\u00e9giumi \u00e1gyba, emelv\u00e9nyes \u00e1gyba.<\/li>\n<li><strong>LEVEHET\u0150 DER\u00c9KP\u00c1RNAH\u00daZAT \u00c9S K\u00d6NNYEN MOS\u00c1S:<\/strong> K\u00f6nnyed\u00e9n elt\u00e1vol\u00edthatja az \u00e1gynyugalom bloster p\u00e1rnahuzat\u00e1t, ha kinyitja a cipz\u00e1rt, \u00e9s kih\u00fazza a gombokat az olvas\u00f3p\u00e1rna huzat\u00e1r\u00f3l, \u00e9s mos\u00f3g\u00e9pben moshatja.<\/li>\n<li><strong>Sz\u00f6vet:<\/strong> B\u00e1rsony (100% poli\u00e9szter).<\/li>\n<li><strong>M\u00e9ret:<\/strong> 100x50x8cm (3 gomb), 120x50x8cm (4 gomb), 140x50x8cm (4 gomb), 160x50x8cm (5 gomb), 180x50x8cm (6 gomb), 200x50x8cm (7 gomb)<\/li>\n<\/ul>","protected":false},"featured_media":1194,"comment_status":"open","ping_status":"closed","template":"","meta":[],"product_brand":[],"product_cat":[28],"product_tag":[117,60,116,115,114,79,118,59,119,120],"class_list":{"0":"post-1209","1":"product","2":"type-product","3":"status-publish","4":"has-post-thumbnail","6":"product_cat-large-body-pillow","7":"product_tag-back-support-cushion","8":"product_tag-backrest-pillow","9":"product_tag-bed-rest","10":"product_tag-comfortable-body-pillow","11":"product_tag-large-bed-bolster-pillow","12":"product_tag-lumbar-pillow","13":"product_tag-pregnancy-pillow","14":"product_tag-reading-pillow","15":"product_tag-rectangular-reading-pillow","16":"product_tag-velvet-pillow","18":"first","19":"instock","20":"featured","21":"shipping-taxable","22":"purchasable","23":"product-type-variable"},"_links":{"self":[{"href":"https:\/\/www.largepillow.com\/hu\/wp-json\/wp\/v2\/product\/1209","targetHints":{"allow":["GET"]}}],"collection":[{"href":"https:\/\/www.largepillow.com\/hu\/wp-json\/wp\/v2\/product"}],"about":[{"href":"https:\/\/www.largepillow.com\/hu\/wp-json\/wp\/v2\/types\/product"}],"replies":[{"embeddable":true,"href":"https:\/\/www.largepillow.com\/hu\/wp-json\/wp\/v2\/comments?post=1209"}],"wp:featuredmedia":[{"embeddable":true,"href":"https:\/\/www.largepillow.com\/hu\/wp-json\/wp\/v2\/media\/1194"}],"wp:attachment":[{"href":"https:\/\/www.largepillow.com\/hu\/wp-json\/wp\/v2\/media?parent=1209"}],"wp:term":[{"taxonomy":"product_brand","embeddable":true,"href":"https:\/\/www.largepillow.com\/hu\/wp-json\/wp\/v2\/product_brand?post=1209"},{"taxonomy":"product_cat","embeddable":true,"href":"https:\/\/www.largepillow.com\/hu\/wp-json\/wp\/v2\/product_cat?post=1209"},{"taxonomy":"product_tag","embeddable":true,"href":"https:\/\/www.largepillow.com\/hu\/wp-json\/wp\/v2\/product_tag?post=1209"}],"curies":[{"name":"wp","href":"https:\/\/api.w.org\/{rel}","templated":true}]}}